{"id":400358,"date":"2023-02-27T04:25:21","date_gmt":"2023-02-27T03:25:21","guid":{"rendered":"https:\/\/www.claret.cat\/llibre\/lexcavaller-sant-jordi-9788447922642\/"},"modified":"2023-02-27T04:25:27","modified_gmt":"2023-02-27T03:25:27","slug":"lexcavaller-sant-jordi-9788447922642","status":"publish","type":"product","link":"https:\/\/www.claret.cat\/es\/libro\/lexcavaller-sant-jordi-9788447922642\/","title":{"rendered":"L&#8217;EXCAVALLER SANT JORDI"},"content":{"rendered":"<p>Des de que sant Jordi s&#8217;havia retirat de la feina de cavaller, no volia saber res m\u00e9s de sortir corrents a salvar v\u00edctimes de monstres. Nom\u00e9s volia viure tranquil\u00b7lament sense armadures ni espases. Fins que un dia va apar\u00e8ixer un drac ferotge a Montbau del Camp. Potser una mica d&#8217;exercici ajudaria l&#8230;<\/p>\n","protected":false},"excerpt":{"rendered":"<p>CANALS, MERCE \/ FARRE, LL<\/p>\n","protected":false},"featured_media":400359,"template":"","meta":{"_acf_changed":false,"om_disable_all_campaigns":false,"rs_blank_template":"","rs_page_bg_color":"","slide_template_v7":"","inline_featured_image":false,"_monsterinsights_skip_tracking":false,"_monsterinsights_sitenote_active":false,"_monsterinsights_sitenote_note":"","_monsterinsights_sitenote_category":0},"product_brand":[],"product_cat":[86,352],"product_tag":[],"class_list":{"0":"post-400358","1":"product","2":"type-product","3":"status-publish","4":"has-post-thumbnail","6":"product_cat-infantil","7":"product_cat-infantil-3_infantil-juvenil-spa","9":"first","10":"instock","11":"taxable","12":"shipping-taxable","13":"purchasable","14":"product-type-simple"},"acf":{"autor":"CANALS, MERCE \/ FARRE, LL","codart":"844792264","libros-coleccion":"","ediciones":"1","encuadernacion":"R\u00fastica","fecha_de_publicacion":"01\/03\/2011","novedad":"0","paginas":"48","subtitulo":"","orden":"999","portada":"0","idioma":"cat","editorial":[{"ID":147535,"post_author":"3","post_date":"2022-10-14 11:51:19","post_date_gmt":"2022-10-14 09:51:19","post_content":"","post_title":"BAULA, EDICIONS","post_excerpt":"","post_status":"publish","comment_status":"closed","ping_status":"closed","post_password":"","post_name":"baula-edicions","to_ping":"","pinged":"","post_modified":"2022-10-14 11:51:19","post_modified_gmt":"2022-10-14 09:51:19","post_content_filtered":"","post_parent":0,"guid":"http:\/\/dev.claret.cat\/editorial\/baula-edicions\/","menu_order":0,"post_type":"editorial","post_mime_type":"","comment_count":"0","filter":"raw"}],"autores-libros":[{"ID":400357,"post_author":"3","post_date":"2023-02-27 04:25:19","post_date_gmt":"2023-02-27 03:25:19","post_content":"","post_title":"LLU\u00cdS FARR\u00c9","post_excerpt":"","post_status":"publish","comment_status":"closed","ping_status":"closed","post_password":"","post_name":"lluis-farre-2","to_ping":"","pinged":"","post_modified":"2023-02-27 04:25:19","post_modified_gmt":"2023-02-27 03:25:19","post_content_filtered":"","post_parent":0,"guid":"https:\/\/www.claret.cat\/autor\/lluis-farre-2\/","menu_order":0,"post_type":"autor","post_mime_type":"","comment_count":"0","filter":"raw"},{"ID":323502,"post_author":"3","post_date":"2023-01-03 05:38:48","post_date_gmt":"2023-01-03 04:38:48","post_content":"","post_title":"MERCE CANALS","post_excerpt":"","post_status":"publish","comment_status":"closed","ping_status":"closed","post_password":"","post_name":"merce-canals-2","to_ping":"","pinged":"","post_modified":"2023-01-03 05:38:48","post_modified_gmt":"2023-01-03 04:38:48","post_content_filtered":"","post_parent":0,"guid":"https:\/\/www.claret.cat\/autor\/merce-canals-2\/","menu_order":0,"post_type":"autor","post_mime_type":"","comment_count":"0","filter":"raw"}]},"aioseo_notices":[],"_links":{"self":[{"href":"https:\/\/www.claret.cat\/es\/wp-json\/wp\/v2\/product\/400358","targetHints":{"allow":["GET"]}}],"collection":[{"href":"https:\/\/www.claret.cat\/es\/wp-json\/wp\/v2\/product"}],"about":[{"href":"https:\/\/www.claret.cat\/es\/wp-json\/wp\/v2\/types\/product"}],"wp:featuredmedia":[{"embeddable":true,"href":"https:\/\/www.claret.cat\/es\/wp-json\/wp\/v2\/media\/400359"}],"wp:attachment":[{"href":"https:\/\/www.claret.cat\/es\/wp-json\/wp\/v2\/media?parent=400358"}],"wp:term":[{"taxonomy":"product_brand","embeddable":true,"href":"https:\/\/www.claret.cat\/es\/wp-json\/wp\/v2\/product_brand?post=400358"},{"taxonomy":"product_cat","embeddable":true,"href":"https:\/\/www.claret.cat\/es\/wp-json\/wp\/v2\/product_cat?post=400358"},{"taxonomy":"product_tag","embeddable":true,"href":"https:\/\/www.claret.cat\/es\/wp-json\/wp\/v2\/product_tag?post=400358"}],"curies":[{"name":"wp","href":"https:\/\/api.w.org\/{rel}","templated":true}]}}