{"id":400385,"date":"2023-02-27T04:26:52","date_gmt":"2023-02-27T03:26:52","guid":{"rendered":"https:\/\/www.claret.cat\/llibre\/blancaneu-9788447923007\/"},"modified":"2023-02-27T04:26:57","modified_gmt":"2023-02-27T03:26:57","slug":"blancaneu-9788447923007","status":"publish","type":"product","link":"https:\/\/www.claret.cat\/es\/libro\/blancaneu-9788447923007\/","title":{"rendered":"BLANCANEU"},"content":{"rendered":"<p>Vet aqu\u00ed que una vegada hi havia una reina que, en ple cor de l&#8221;hivern, cosia a la vora de la finestra. A trav\u00e9s del marc de fusta de ban\u00fas negre, contemplava els flocs de neu que volatejaven com plomes al cel. De sobte, es va punxar el dit amb l&#8221;agulla, i tres gotes de sang van caure damunt de la neu. El vermell de la sang feia tan bonic damunt aquella blancor enlluernadora que la reina va pensar que tant de bo tingu\u00e9s una filla amb la pell blanca com la neu, els llavis vermells com la sang i els cabells negres com el ban\u00fas!.<\/p>\n","protected":false},"excerpt":{"rendered":"<p>GRIMM, JACOB \/ GRIMM, WILHELM<\/p>\n","protected":false},"featured_media":400386,"template":"","meta":{"_acf_changed":false,"om_disable_all_campaigns":false,"rs_blank_template":"","rs_page_bg_color":"","slide_template_v7":"","inline_featured_image":false,"_monsterinsights_skip_tracking":false,"_monsterinsights_sitenote_active":false,"_monsterinsights_sitenote_note":"","_monsterinsights_sitenote_category":0},"product_brand":[],"product_cat":[352,86],"product_tag":[],"class_list":{"0":"post-400385","1":"product","2":"type-product","3":"status-publish","4":"has-post-thumbnail","6":"product_cat-infantil-3_infantil-juvenil-spa","7":"product_cat-infantil","9":"first","10":"instock","11":"taxable","12":"shipping-taxable","13":"purchasable","14":"product-type-simple"},"acf":{"autor":"GRIMM, JACOB \/ GRIMM, WILHELM","codart":"844792300","libros-coleccion":"SUSHI BOOKS","ediciones":"1","encuadernacion":"Carton\u00e9","fecha_de_publicacion":"01\/06\/2011","novedad":"0","paginas":"35","subtitulo":"","orden":"999","portada":"0","idioma":"cat","editorial":[{"ID":262028,"post_author":"3","post_date":"2022-10-24 11:18:59","post_date_gmt":"2022-10-24 09:18:59","post_content":"","post_title":"Edicions Baula","post_excerpt":"","post_status":"publish","comment_status":"closed","ping_status":"closed","post_password":"","post_name":"edicions-baula","to_ping":"","pinged":"","post_modified":"2022-10-24 11:18:59","post_modified_gmt":"2022-10-24 09:18:59","post_content_filtered":"","post_parent":0,"guid":"http:\/\/dev.claret.cat\/editorial\/edicions-baula\/","menu_order":0,"post_type":"editorial","post_mime_type":"","comment_count":"0","filter":"raw"}],"autores-libros":[{"ID":158298,"post_author":"3","post_date":"2022-10-14 15:35:44","post_date_gmt":"2022-10-14 13:35:44","post_content":"","post_title":"JACOB GRIMM","post_excerpt":"","post_status":"publish","comment_status":"closed","ping_status":"closed","post_password":"","post_name":"jacob-grimm","to_ping":"","pinged":"","post_modified":"2022-10-14 15:35:44","post_modified_gmt":"2022-10-14 13:35:44","post_content_filtered":"","post_parent":0,"guid":"http:\/\/dev.claret.cat\/autor\/jacob-grimm\/","menu_order":0,"post_type":"autor","post_mime_type":"","comment_count":"0","filter":"raw"},{"ID":171280,"post_author":"3","post_date":"2022-10-14 22:42:07","post_date_gmt":"2022-10-14 20:42:07","post_content":"","post_title":"WILHELM GRIMM","post_excerpt":"","post_status":"publish","comment_status":"closed","ping_status":"closed","post_password":"","post_name":"wilhelm-grimm","to_ping":"","pinged":"","post_modified":"2022-10-14 22:42:07","post_modified_gmt":"2022-10-14 20:42:07","post_content_filtered":"","post_parent":0,"guid":"http:\/\/dev.claret.cat\/autor\/wilhelm-grimm\/","menu_order":0,"post_type":"autor","post_mime_type":"","comment_count":"0","filter":"raw"}]},"aioseo_notices":[],"_links":{"self":[{"href":"https:\/\/www.claret.cat\/es\/wp-json\/wp\/v2\/product\/400385","targetHints":{"allow":["GET"]}}],"collection":[{"href":"https:\/\/www.claret.cat\/es\/wp-json\/wp\/v2\/product"}],"about":[{"href":"https:\/\/www.claret.cat\/es\/wp-json\/wp\/v2\/types\/product"}],"wp:featuredmedia":[{"embeddable":true,"href":"https:\/\/www.claret.cat\/es\/wp-json\/wp\/v2\/media\/400386"}],"wp:attachment":[{"href":"https:\/\/www.claret.cat\/es\/wp-json\/wp\/v2\/media?parent=400385"}],"wp:term":[{"taxonomy":"product_brand","embeddable":true,"href":"https:\/\/www.claret.cat\/es\/wp-json\/wp\/v2\/product_brand?post=400385"},{"taxonomy":"product_cat","embeddable":true,"href":"https:\/\/www.claret.cat\/es\/wp-json\/wp\/v2\/product_cat?post=400385"},{"taxonomy":"product_tag","embeddable":true,"href":"https:\/\/www.claret.cat\/es\/wp-json\/wp\/v2\/product_tag?post=400385"}],"curies":[{"name":"wp","href":"https:\/\/api.w.org\/{rel}","templated":true}]}}