{"id":400502,"date":"2023-02-27T04:33:44","date_gmt":"2023-02-27T03:33:44","guid":{"rendered":"https:\/\/www.claret.cat\/llibre\/swinging-christmas-9788447925643\/"},"modified":"2023-02-27T04:33:50","modified_gmt":"2023-02-27T03:33:50","slug":"swinging-christmas-9788447925643","status":"publish","type":"product","link":"https:\/\/www.claret.cat\/es\/libro\/swinging-christmas-9788447925643\/","title":{"rendered":"SWINGING CHRISTMAS"},"content":{"rendered":"<p>Neva i s&#8221;acosta Nadal. Per al petit Robin, el nen que t\u00e9 por dels llibres, tot canvia per sempre quan coneix en Bernard, un vell refugiat en els seus records. Una bonica hist\u00f2ria d&#8221;amistat, sublimada per moments m\u00e0gics de descobriment del jazz i el plaer de llegir. Un conte modern per guadir-ne amb la vista i l&#8221;oida.<\/p>\n","protected":false},"excerpt":{"rendered":"<p>LACOMBE, BENJAMIN<\/p>\n","protected":false},"featured_media":400503,"template":"","meta":{"_acf_changed":false,"om_disable_all_campaigns":false,"rs_blank_template":"","rs_page_bg_color":"","slide_template_v7":"","inline_featured_image":false,"_monsterinsights_skip_tracking":false,"_monsterinsights_sitenote_active":false,"_monsterinsights_sitenote_note":"","_monsterinsights_sitenote_category":0},"product_brand":[],"product_cat":[352,86],"product_tag":[],"class_list":{"0":"post-400502","1":"product","2":"type-product","3":"status-publish","4":"has-post-thumbnail","6":"product_cat-infantil-3_infantil-juvenil-spa","7":"product_cat-infantil","9":"first","10":"instock","11":"taxable","12":"shipping-taxable","13":"purchasable","14":"product-type-simple"},"acf":{"autor":"LACOMBE, BENJAMIN","codart":"844792564","libros-coleccion":"\u00c0lbum","ediciones":"1","encuadernacion":"Carton\u00e9","fecha_de_publicacion":"01\/07\/2013","novedad":"0","paginas":"35","subtitulo":"","orden":"999","portada":"0","idioma":"cat","editorial":[{"ID":262028,"post_author":"3","post_date":"2022-10-24 11:18:59","post_date_gmt":"2022-10-24 09:18:59","post_content":"","post_title":"Edicions Baula","post_excerpt":"","post_status":"publish","comment_status":"closed","ping_status":"closed","post_password":"","post_name":"edicions-baula","to_ping":"","pinged":"","post_modified":"2022-10-24 11:18:59","post_modified_gmt":"2022-10-24 09:18:59","post_content_filtered":"","post_parent":0,"guid":"http:\/\/dev.claret.cat\/editorial\/edicions-baula\/","menu_order":0,"post_type":"editorial","post_mime_type":"","comment_count":"0","filter":"raw"}],"autores-libros":[{"ID":151574,"post_author":"3","post_date":"2022-10-14 14:41:57","post_date_gmt":"2022-10-14 12:41:57","post_content":"","post_title":"BENJAMIN LACOMBE","post_excerpt":"","post_status":"publish","comment_status":"closed","ping_status":"closed","post_password":"","post_name":"benjamin-lacombe","to_ping":"","pinged":"","post_modified":"2022-10-14 14:41:57","post_modified_gmt":"2022-10-14 12:41:57","post_content_filtered":"","post_parent":0,"guid":"http:\/\/dev.claret.cat\/autor\/benjamin-lacombe\/","menu_order":0,"post_type":"autor","post_mime_type":"","comment_count":"0","filter":"raw"}]},"aioseo_notices":[],"_links":{"self":[{"href":"https:\/\/www.claret.cat\/es\/wp-json\/wp\/v2\/product\/400502","targetHints":{"allow":["GET"]}}],"collection":[{"href":"https:\/\/www.claret.cat\/es\/wp-json\/wp\/v2\/product"}],"about":[{"href":"https:\/\/www.claret.cat\/es\/wp-json\/wp\/v2\/types\/product"}],"wp:featuredmedia":[{"embeddable":true,"href":"https:\/\/www.claret.cat\/es\/wp-json\/wp\/v2\/media\/400503"}],"wp:attachment":[{"href":"https:\/\/www.claret.cat\/es\/wp-json\/wp\/v2\/media?parent=400502"}],"wp:term":[{"taxonomy":"product_brand","embeddable":true,"href":"https:\/\/www.claret.cat\/es\/wp-json\/wp\/v2\/product_brand?post=400502"},{"taxonomy":"product_cat","embeddable":true,"href":"https:\/\/www.claret.cat\/es\/wp-json\/wp\/v2\/product_cat?post=400502"},{"taxonomy":"product_tag","embeddable":true,"href":"https:\/\/www.claret.cat\/es\/wp-json\/wp\/v2\/product_tag?post=400502"}],"curies":[{"name":"wp","href":"https:\/\/api.w.org\/{rel}","templated":true}]}}