{"id":400513,"date":"2023-02-27T04:34:20","date_gmt":"2023-02-27T03:34:20","guid":{"rendered":"https:\/\/www.claret.cat\/llibre\/quadern-comprensio-lectora-16-cicle-superior-competencies-basiques-9788447925827\/"},"modified":"2023-02-27T04:34:26","modified_gmt":"2023-02-27T03:34:26","slug":"quadern-comprensio-lectora-16-cicle-superior-competencies-basiques-9788447925827","status":"publish","type":"product","link":"https:\/\/www.claret.cat\/es\/libro\/quadern-comprensio-lectora-16-cicle-superior-competencies-basiques-9788447925827\/","title":{"rendered":"QUADERN COMPRENSI\u00d3 LECTORA 16 CICLE SUPERIOR COMPET\u00c8NCIES B\u00c0SIQUES"},"content":{"rendered":"","protected":false},"excerpt":{"rendered":"<p>CAMPRUB\u00cd MAYA, CARME \/ BADIA ESCOL\u00c0, ELISABETH<\/p>\n","protected":false},"featured_media":400514,"template":"","meta":{"_acf_changed":false,"om_disable_all_campaigns":false,"rs_blank_template":"","rs_page_bg_color":"","slide_template_v7":"","inline_featured_image":false,"_monsterinsights_skip_tracking":false,"_monsterinsights_sitenote_active":false,"_monsterinsights_sitenote_note":"","_monsterinsights_sitenote_category":0},"product_brand":[],"product_cat":[90,540],"product_tag":[],"class_list":{"0":"post-400513","1":"product","2":"type-product","3":"status-publish","4":"has-post-thumbnail","6":"product_cat-altres","7":"product_cat-otros","9":"first","10":"instock","11":"taxable","12":"shipping-taxable","13":"purchasable","14":"product-type-simple"},"acf":{"autor":"CAMPRUB\u00cd MAYA, CARME \/ BADIA ESCOL\u00c0, ELISABETH","codart":"844792582","libros-coleccion":"Compet\u00e8ncies b\u00e0siques","ediciones":"1","encuadernacion":"R\u00fastica","fecha_de_publicacion":"01\/02\/2013","novedad":"1","paginas":"32","subtitulo":"","orden":"0","portada":"0","idioma":"cat","editorial":[{"ID":262028,"post_author":"3","post_date":"2022-10-24 11:18:59","post_date_gmt":"2022-10-24 09:18:59","post_content":"","post_title":"Edicions Baula","post_excerpt":"","post_status":"publish","comment_status":"closed","ping_status":"closed","post_password":"","post_name":"edicions-baula","to_ping":"","pinged":"","post_modified":"2022-10-24 11:18:59","post_modified_gmt":"2022-10-24 09:18:59","post_content_filtered":"","post_parent":0,"guid":"http:\/\/dev.claret.cat\/editorial\/edicions-baula\/","menu_order":0,"post_type":"editorial","post_mime_type":"","comment_count":"0","filter":"raw"}],"autores-libros":[{"ID":400505,"post_author":"3","post_date":"2023-02-27 04:33:53","post_date_gmt":"2023-02-27 03:33:53","post_content":"","post_title":"CARME CAMPRUB\u00cd MAYA","post_excerpt":"","post_status":"publish","comment_status":"closed","ping_status":"closed","post_password":"","post_name":"carme-camprubi-maya","to_ping":"","pinged":"","post_modified":"2023-02-27 04:33:53","post_modified_gmt":"2023-02-27 03:33:53","post_content_filtered":"","post_parent":0,"guid":"https:\/\/www.claret.cat\/autor\/carme-camprubi-maya\/","menu_order":0,"post_type":"autor","post_mime_type":"","comment_count":"0","filter":"raw"},{"ID":400506,"post_author":"3","post_date":"2023-02-27 04:33:55","post_date_gmt":"2023-02-27 03:33:55","post_content":"","post_title":"ELISABETH BADIA ESCOL\u00c0","post_excerpt":"","post_status":"publish","comment_status":"closed","ping_status":"closed","post_password":"","post_name":"elisabeth-badia-escola","to_ping":"","pinged":"","post_modified":"2023-02-27 04:33:55","post_modified_gmt":"2023-02-27 03:33:55","post_content_filtered":"","post_parent":0,"guid":"https:\/\/www.claret.cat\/autor\/elisabeth-badia-escola\/","menu_order":0,"post_type":"autor","post_mime_type":"","comment_count":"0","filter":"raw"}]},"aioseo_notices":[],"_links":{"self":[{"href":"https:\/\/www.claret.cat\/es\/wp-json\/wp\/v2\/product\/400513","targetHints":{"allow":["GET"]}}],"collection":[{"href":"https:\/\/www.claret.cat\/es\/wp-json\/wp\/v2\/product"}],"about":[{"href":"https:\/\/www.claret.cat\/es\/wp-json\/wp\/v2\/types\/product"}],"wp:featuredmedia":[{"embeddable":true,"href":"https:\/\/www.claret.cat\/es\/wp-json\/wp\/v2\/media\/400514"}],"wp:attachment":[{"href":"https:\/\/www.claret.cat\/es\/wp-json\/wp\/v2\/media?parent=400513"}],"wp:term":[{"taxonomy":"product_brand","embeddable":true,"href":"https:\/\/www.claret.cat\/es\/wp-json\/wp\/v2\/product_brand?post=400513"},{"taxonomy":"product_cat","embeddable":true,"href":"https:\/\/www.claret.cat\/es\/wp-json\/wp\/v2\/product_cat?post=400513"},{"taxonomy":"product_tag","embeddable":true,"href":"https:\/\/www.claret.cat\/es\/wp-json\/wp\/v2\/product_tag?post=400513"}],"curies":[{"name":"wp","href":"https:\/\/api.w.org\/{rel}","templated":true}]}}