{"id":400611,"date":"2023-02-27T04:40:22","date_gmt":"2023-02-27T03:40:22","guid":{"rendered":"https:\/\/www.claret.cat\/llibre\/la-mona-de-la-joana-9788447927333\/"},"modified":"2023-02-27T04:40:25","modified_gmt":"2023-02-27T03:40:25","slug":"la-mona-de-la-joana-9788447927333","status":"publish","type":"product","link":"https:\/\/www.claret.cat\/es\/libro\/la-mona-de-la-joana-9788447927333\/","title":{"rendered":"LA MONA DE LA JOANA"},"content":{"rendered":"<p>Dem\u00e0 arribar\u00e0 la mona!. La Joana es tanca a la seva habitaci\u00f3 a fer una llista amb totes les coses que faran juntes &#8230;<\/p>\n","protected":false},"excerpt":{"rendered":"<p>CANALS, MERC\u00c8<\/p>\n","protected":false},"featured_media":0,"template":"","meta":{"_acf_changed":false,"om_disable_all_campaigns":false,"rs_blank_template":"","rs_page_bg_color":"","slide_template_v7":"","inline_featured_image":false,"_monsterinsights_skip_tracking":false,"_monsterinsights_sitenote_active":false,"_monsterinsights_sitenote_note":"","_monsterinsights_sitenote_category":0},"product_brand":[],"product_cat":[90,540],"product_tag":[],"class_list":{"0":"post-400611","1":"product","2":"type-product","3":"status-publish","5":"product_cat-altres","6":"product_cat-otros","8":"first","9":"instock","10":"taxable","11":"shipping-taxable","12":"purchasable","13":"product-type-simple"},"acf":{"autor":"CANALS, MERC\u00c8","codart":"844792733","libros-coleccion":"","ediciones":"1","encuadernacion":"R\u00fastica","fecha_de_publicacion":"01\/02\/2014","novedad":"0","paginas":"32","subtitulo":"","orden":"999","portada":"0","idioma":"cat","editorial":[{"ID":147535,"post_author":"3","post_date":"2022-10-14 11:51:19","post_date_gmt":"2022-10-14 09:51:19","post_content":"","post_title":"BAULA, EDICIONS","post_excerpt":"","post_status":"publish","comment_status":"closed","ping_status":"closed","post_password":"","post_name":"baula-edicions","to_ping":"","pinged":"","post_modified":"2022-10-14 11:51:19","post_modified_gmt":"2022-10-14 09:51:19","post_content_filtered":"","post_parent":0,"guid":"http:\/\/dev.claret.cat\/editorial\/baula-edicions\/","menu_order":0,"post_type":"editorial","post_mime_type":"","comment_count":"0","filter":"raw"}],"autores-libros":[{"ID":323502,"post_author":"3","post_date":"2023-01-03 05:38:48","post_date_gmt":"2023-01-03 04:38:48","post_content":"","post_title":"MERCE CANALS","post_excerpt":"","post_status":"publish","comment_status":"closed","ping_status":"closed","post_password":"","post_name":"merce-canals-2","to_ping":"","pinged":"","post_modified":"2023-01-03 05:38:48","post_modified_gmt":"2023-01-03 04:38:48","post_content_filtered":"","post_parent":0,"guid":"https:\/\/www.claret.cat\/autor\/merce-canals-2\/","menu_order":0,"post_type":"autor","post_mime_type":"","comment_count":"0","filter":"raw"}]},"aioseo_notices":[],"_links":{"self":[{"href":"https:\/\/www.claret.cat\/es\/wp-json\/wp\/v2\/product\/400611","targetHints":{"allow":["GET"]}}],"collection":[{"href":"https:\/\/www.claret.cat\/es\/wp-json\/wp\/v2\/product"}],"about":[{"href":"https:\/\/www.claret.cat\/es\/wp-json\/wp\/v2\/types\/product"}],"wp:attachment":[{"href":"https:\/\/www.claret.cat\/es\/wp-json\/wp\/v2\/media?parent=400611"}],"wp:term":[{"taxonomy":"product_brand","embeddable":true,"href":"https:\/\/www.claret.cat\/es\/wp-json\/wp\/v2\/product_brand?post=400611"},{"taxonomy":"product_cat","embeddable":true,"href":"https:\/\/www.claret.cat\/es\/wp-json\/wp\/v2\/product_cat?post=400611"},{"taxonomy":"product_tag","embeddable":true,"href":"https:\/\/www.claret.cat\/es\/wp-json\/wp\/v2\/product_tag?post=400611"}],"curies":[{"name":"wp","href":"https:\/\/api.w.org\/{rel}","templated":true}]}}