{"id":400696,"date":"2023-02-27T04:46:05","date_gmt":"2023-02-27T03:46:05","guid":{"rendered":"https:\/\/www.claret.cat\/llibre\/trapillo-facil-y-con-estilo-9788448020194\/"},"modified":"2023-02-27T04:46:08","modified_gmt":"2023-02-27T03:46:08","slug":"trapillo-facil-y-con-estilo-9788448020194","status":"publish","type":"product","link":"https:\/\/www.claret.cat\/es\/libro\/trapillo-facil-y-con-estilo-9788448020194\/","title":{"rendered":"TRAPILLO F\u00c1CIL Y CON ESTILO"},"content":{"rendered":"<p>En Trapillo f\u00e1cil y con estilo encontrar\u00e1s ideas diferentes, con tres niveles de dificultad, para realizar fant\u00e1sticos proyectos, pr\u00e1cticos y divertidos, hechos con ganchillo XXL, con dos agujas, en alfombra o como bisuter\u00eda. Tienes en las manos mucho m\u00e1s que un libro de craft. La colecci\u00f3n Rosas Crafts contiene, adem\u00e1s de ideas, im\u00e1genes y v\u00eddeos, todo el material que necesitas para dar rienda suelta a tu creatividad, porque aqu\u00ed encontrar\u00e1s los proyectos m\u00e1s sencillos y originales. Podr\u00e1s seguir las explicaciones de cada p\u00edldora a trav\u00e9s de un v\u00eddeo con el paso a paso y, adem\u00e1s, podr\u00e1s comprar online todos los materiales necesarios para craftear en casa con un solo clic.<\/p>\n","protected":false},"excerpt":{"rendered":"<p>CRAFTS, ROSAS<\/p>\n","protected":false},"featured_media":0,"template":"","meta":{"_acf_changed":false,"om_disable_all_campaigns":false,"rs_blank_template":"","rs_page_bg_color":"","slide_template_v7":"","inline_featured_image":false,"_monsterinsights_skip_tracking":false,"_monsterinsights_sitenote_active":false,"_monsterinsights_sitenote_note":"","_monsterinsights_sitenote_category":0},"product_brand":[],"product_cat":[90,540],"product_tag":[],"class_list":{"0":"post-400696","1":"product","2":"type-product","3":"status-publish","5":"product_cat-altres","6":"product_cat-otros","8":"first","9":"instock","10":"taxable","11":"shipping-taxable","12":"purchasable","13":"product-type-simple"},"acf":{"autor":"CRAFTS, ROSAS","codart":"844802019","libros-coleccion":"","ediciones":"1","encuadernacion":"R\u00fastica","fecha_de_publicacion":"01\/09\/2014","novedad":"0","paginas":"80","subtitulo":"","orden":"999","portada":"0","idioma":"spa","editorial":[{"ID":148426,"post_author":"3","post_date":"2022-10-14 11:58:09","post_date_gmt":"2022-10-14 09:58:09","post_content":"","post_title":"LIBROS C\u00daPULA","post_excerpt":"","post_status":"publish","comment_status":"closed","ping_status":"closed","post_password":"","post_name":"libros-cupula","to_ping":"","pinged":"","post_modified":"2022-10-14 11:58:09","post_modified_gmt":"2022-10-14 09:58:09","post_content_filtered":"","post_parent":0,"guid":"http:\/\/dev.claret.cat\/editorial\/libros-cupula\/","menu_order":0,"post_type":"editorial","post_mime_type":"","comment_count":"0","filter":"raw"}],"autores-libros":[{"ID":400693,"post_author":"3","post_date":"2023-02-27 04:45:46","post_date_gmt":"2023-02-27 03:45:46","post_content":"","post_title":"ROSAS CRAFTS","post_excerpt":"","post_status":"publish","comment_status":"closed","ping_status":"closed","post_password":"","post_name":"rosas-crafts","to_ping":"","pinged":"","post_modified":"2023-02-27 04:45:46","post_modified_gmt":"2023-02-27 03:45:46","post_content_filtered":"","post_parent":0,"guid":"https:\/\/www.claret.cat\/autor\/rosas-crafts\/","menu_order":0,"post_type":"autor","post_mime_type":"","comment_count":"0","filter":"raw"}]},"aioseo_notices":[],"_links":{"self":[{"href":"https:\/\/www.claret.cat\/es\/wp-json\/wp\/v2\/product\/400696","targetHints":{"allow":["GET"]}}],"collection":[{"href":"https:\/\/www.claret.cat\/es\/wp-json\/wp\/v2\/product"}],"about":[{"href":"https:\/\/www.claret.cat\/es\/wp-json\/wp\/v2\/types\/product"}],"wp:attachment":[{"href":"https:\/\/www.claret.cat\/es\/wp-json\/wp\/v2\/media?parent=400696"}],"wp:term":[{"taxonomy":"product_brand","embeddable":true,"href":"https:\/\/www.claret.cat\/es\/wp-json\/wp\/v2\/product_brand?post=400696"},{"taxonomy":"product_cat","embeddable":true,"href":"https:\/\/www.claret.cat\/es\/wp-json\/wp\/v2\/product_cat?post=400696"},{"taxonomy":"product_tag","embeddable":true,"href":"https:\/\/www.claret.cat\/es\/wp-json\/wp\/v2\/product_tag?post=400696"}],"curies":[{"name":"wp","href":"https:\/\/api.w.org\/{rel}","templated":true}]}}