{"id":400768,"date":"2023-02-27T04:50:33","date_gmt":"2023-02-27T03:50:33","guid":{"rendered":"https:\/\/www.claret.cat\/llibre\/primeras-palabras-veo-veo-9788448830885\/"},"modified":"2023-02-27T04:50:39","modified_gmt":"2023-02-27T03:50:39","slug":"primeras-palabras-veo-veo-9788448830885","status":"publish","type":"product","link":"https:\/\/www.claret.cat\/es\/libro\/primeras-palabras-veo-veo-9788448830885\/","title":{"rendered":"PRIMERAS PALABRAS (\u00a1VEO VEO!)"},"content":{"rendered":"<p>Un libro lleno de sorpresas y texturas con el que los m\u00e1s peque\u00f1os ampliar\u00e1n su vocabulario<\/p>\n<p> Con este libro los m\u00e1s peque\u00f1os aprender\u00e1n nuevas palabras relacionadas con su entorno cotidiano mientras pas\u00e1is un rato divertido jugando al Veo Veo. En cada p\u00e1gina se incluyen diferentes texturas para que el juego resulte m\u00e1s emocionante.<br \/>  \u00bfEs un vestido a cuadros rojos o un espejo brillante? \u00a1Dale la vuelta a la p\u00e1gina y lo descubrir\u00e1s?<\/p>\n","protected":false},"excerpt":{"rendered":"<p>BEASCOA<\/p>\n","protected":false},"featured_media":400769,"template":"","meta":{"_acf_changed":false,"om_disable_all_campaigns":false,"rs_blank_template":"","rs_page_bg_color":"","slide_template_v7":"","inline_featured_image":false,"_monsterinsights_skip_tracking":false,"_monsterinsights_sitenote_active":false,"_monsterinsights_sitenote_note":"","_monsterinsights_sitenote_category":0},"product_brand":[],"product_cat":[90,540],"product_tag":[],"class_list":{"0":"post-400768","1":"product","2":"type-product","3":"status-publish","4":"has-post-thumbnail","6":"product_cat-altres","7":"product_cat-otros","9":"first","10":"instock","11":"taxable","12":"shipping-taxable","13":"purchasable","14":"product-type-simple"},"acf":{"autor":"BEASCOA","codart":"844883088","libros-coleccion":"","ediciones":"1","encuadernacion":"Carton\u00e9","fecha_de_publicacion":"01\/09\/2012","novedad":"0","paginas":"10","subtitulo":"","orden":"999","portada":"0","idioma":"spa","editorial":[{"ID":147537,"post_author":"3","post_date":"2022-10-14 11:51:20","post_date_gmt":"2022-10-14 09:51:20","post_content":"","post_title":"BEASCOA, EDICIONES S.A.","post_excerpt":"","post_status":"publish","comment_status":"closed","ping_status":"closed","post_password":"","post_name":"beascoa-ediciones-s-a","to_ping":"","pinged":"","post_modified":"2022-10-14 11:51:20","post_modified_gmt":"2022-10-14 09:51:20","post_content_filtered":"","post_parent":0,"guid":"http:\/\/dev.claret.cat\/editorial\/beascoa-ediciones-s-a\/","menu_order":0,"post_type":"editorial","post_mime_type":"","comment_count":"0","filter":"raw"}],"autores-libros":[{"ID":151419,"post_author":"3","post_date":"2022-10-14 14:40:44","post_date_gmt":"2022-10-14 12:40:44","post_content":"","post_title":"BEASCOA","post_excerpt":"","post_status":"publish","comment_status":"closed","ping_status":"closed","post_password":"","post_name":"beascoa","to_ping":"","pinged":"","post_modified":"2022-10-14 14:40:44","post_modified_gmt":"2022-10-14 12:40:44","post_content_filtered":"","post_parent":0,"guid":"http:\/\/dev.claret.cat\/autor\/beascoa\/","menu_order":0,"post_type":"autor","post_mime_type":"","comment_count":"0","filter":"raw"}]},"aioseo_notices":[],"_links":{"self":[{"href":"https:\/\/www.claret.cat\/es\/wp-json\/wp\/v2\/product\/400768","targetHints":{"allow":["GET"]}}],"collection":[{"href":"https:\/\/www.claret.cat\/es\/wp-json\/wp\/v2\/product"}],"about":[{"href":"https:\/\/www.claret.cat\/es\/wp-json\/wp\/v2\/types\/product"}],"wp:featuredmedia":[{"embeddable":true,"href":"https:\/\/www.claret.cat\/es\/wp-json\/wp\/v2\/media\/400769"}],"wp:attachment":[{"href":"https:\/\/www.claret.cat\/es\/wp-json\/wp\/v2\/media?parent=400768"}],"wp:term":[{"taxonomy":"product_brand","embeddable":true,"href":"https:\/\/www.claret.cat\/es\/wp-json\/wp\/v2\/product_brand?post=400768"},{"taxonomy":"product_cat","embeddable":true,"href":"https:\/\/www.claret.cat\/es\/wp-json\/wp\/v2\/product_cat?post=400768"},{"taxonomy":"product_tag","embeddable":true,"href":"https:\/\/www.claret.cat\/es\/wp-json\/wp\/v2\/product_tag?post=400768"}],"curies":[{"name":"wp","href":"https:\/\/api.w.org\/{rel}","templated":true}]}}