{"id":400775,"date":"2023-02-27T04:51:01","date_gmt":"2023-02-27T03:51:01","guid":{"rendered":"https:\/\/www.claret.cat\/llibre\/la-fantastica-historia-de-el-ratoncito-perez-la-fantastica-historia-de-spa-9788448832230\/"},"modified":"2023-02-27T04:51:06","modified_gmt":"2023-02-27T03:51:06","slug":"la-fantastica-historia-de-el-ratoncito-perez-la-fantastica-historia-de-spa-9788448832230","status":"publish","type":"product","link":"https:\/\/www.claret.cat\/es\/libro\/la-fantastica-historia-de-el-ratoncito-perez-la-fantastica-historia-de-spa-9788448832230\/","title":{"rendered":"LA FANT\u00c1STICA HISTORIA DE EL RATONCITO P\u00c9REZ (LA FANT\u00c1STICA HISTORIA DE&#8230;) (SPA)"},"content":{"rendered":"<p>El mejor libro para explicarles a tus peque\u00f1os el cuento de El ratoncito P\u00e9rez.Esta edici\u00f3n libro regalo del cuento de El Ratoncito P\u00e9rez  contiene varios escenarios del cuento, troqueles de los personajes, un  libro de cart\u00f3n en el que se relata el cuento acompa\u00f1ado de preciosas  ilustraciones y un colgador de puerta que servir\u00e1 para se\u00f1alarle al  Ratoncito P\u00e9rez la habitaci\u00f3n en la que duerme el ni\u00f1o al que se le ha  ca\u00eddo un diente. Todo lo necesario para contar y representar a lo grande la fant\u00e1stica historia de El Ratoncito P\u00e9rez.Esta es la fabulosa historia de un humilde ratoncito que, sin esperarlo,<br \/>recibi\u00f3 un d\u00eda un fant\u00e1stico encargo: \u00a1una misi\u00f3n m\u00e1gica que le  convirti\u00f3<br \/>en el gran h\u00e9roe de todos los ni\u00f1os!<\/p>\n","protected":false},"excerpt":{"rendered":"<p>SALOM\u00d3,XAVIER\/MART\u00cd,MERITXELL<\/p>\n","protected":false},"featured_media":400776,"template":"","meta":{"_acf_changed":false,"om_disable_all_campaigns":false,"rs_blank_template":"","rs_page_bg_color":"","slide_template_v7":"","inline_featured_image":false,"_monsterinsights_skip_tracking":false,"_monsterinsights_sitenote_active":false,"_monsterinsights_sitenote_note":"","_monsterinsights_sitenote_category":0},"product_brand":[],"product_cat":[352,86],"product_tag":[],"class_list":{"0":"post-400775","1":"product","2":"type-product","3":"status-publish","4":"has-post-thumbnail","6":"product_cat-infantil-3_infantil-juvenil-spa","7":"product_cat-infantil","9":"first","10":"instock","11":"taxable","12":"shipping-taxable","13":"purchasable","14":"product-type-simple"},"acf":{"autor":"SALOM\u00d3,XAVIER\/MART\u00cd,MERITXELL","codart":"844883223","libros-coleccion":"","ediciones":"1","encuadernacion":"Carton\u00e9","fecha_de_publicacion":"01\/04\/2013","novedad":"0","paginas":"1","subtitulo":"","orden":"999","portada":"0","idioma":"spa","editorial":[{"ID":147537,"post_author":"3","post_date":"2022-10-14 11:51:20","post_date_gmt":"2022-10-14 09:51:20","post_content":"","post_title":"BEASCOA, EDICIONES S.A.","post_excerpt":"","post_status":"publish","comment_status":"closed","ping_status":"closed","post_password":"","post_name":"beascoa-ediciones-s-a","to_ping":"","pinged":"","post_modified":"2022-10-14 11:51:20","post_modified_gmt":"2022-10-14 09:51:20","post_content_filtered":"","post_parent":0,"guid":"http:\/\/dev.claret.cat\/editorial\/beascoa-ediciones-s-a\/","menu_order":0,"post_type":"editorial","post_mime_type":"","comment_count":"0","filter":"raw"}],"autores-libros":[{"ID":164754,"post_author":"3","post_date":"2022-10-14 17:49:37","post_date_gmt":"2022-10-14 15:49:37","post_content":"","post_title":"MERITXELL MART\u00cd","post_excerpt":"","post_status":"publish","comment_status":"closed","ping_status":"closed","post_password":"","post_name":"meritxell-marti","to_ping":"","pinged":"","post_modified":"2022-10-14 17:49:37","post_modified_gmt":"2022-10-14 15:49:37","post_content_filtered":"","post_parent":0,"guid":"http:\/\/dev.claret.cat\/autor\/meritxell-marti\/","menu_order":0,"post_type":"autor","post_mime_type":"","comment_count":"0","filter":"raw"},{"ID":263969,"post_author":"3","post_date":"2022-12-01 11:22:35","post_date_gmt":"2022-12-01 10:22:35","post_content":"","post_title":"XAVIER SALOM\u00d3","post_excerpt":"","post_status":"publish","comment_status":"closed","ping_status":"closed","post_password":"","post_name":"xavier-salomo","to_ping":"","pinged":"","post_modified":"2022-12-01 11:22:35","post_modified_gmt":"2022-12-01 10:22:35","post_content_filtered":"","post_parent":0,"guid":"http:\/\/dev.claret.cat\/autor\/xavier-salomo\/","menu_order":0,"post_type":"autor","post_mime_type":"","comment_count":"0","filter":"raw"}]},"aioseo_notices":[],"_links":{"self":[{"href":"https:\/\/www.claret.cat\/es\/wp-json\/wp\/v2\/product\/400775","targetHints":{"allow":["GET"]}}],"collection":[{"href":"https:\/\/www.claret.cat\/es\/wp-json\/wp\/v2\/product"}],"about":[{"href":"https:\/\/www.claret.cat\/es\/wp-json\/wp\/v2\/types\/product"}],"wp:featuredmedia":[{"embeddable":true,"href":"https:\/\/www.claret.cat\/es\/wp-json\/wp\/v2\/media\/400776"}],"wp:attachment":[{"href":"https:\/\/www.claret.cat\/es\/wp-json\/wp\/v2\/media?parent=400775"}],"wp:term":[{"taxonomy":"product_brand","embeddable":true,"href":"https:\/\/www.claret.cat\/es\/wp-json\/wp\/v2\/product_brand?post=400775"},{"taxonomy":"product_cat","embeddable":true,"href":"https:\/\/www.claret.cat\/es\/wp-json\/wp\/v2\/product_cat?post=400775"},{"taxonomy":"product_tag","embeddable":true,"href":"https:\/\/www.claret.cat\/es\/wp-json\/wp\/v2\/product_tag?post=400775"}],"curies":[{"name":"wp","href":"https:\/\/api.w.org\/{rel}","templated":true}]}}