{"id":400795,"date":"2023-02-27T04:52:29","date_gmt":"2023-02-27T03:52:29","guid":{"rendered":"https:\/\/www.claret.cat\/llibre\/pequenos-jardineros-9788448835361\/"},"modified":"2023-02-27T04:52:35","modified_gmt":"2023-02-27T03:52:35","slug":"pequenos-jardineros-9788448835361","status":"publish","type":"product","link":"https:\/\/www.claret.cat\/es\/libro\/pequenos-jardineros-9788448835361\/","title":{"rendered":"PEQUE\u00d1OS JARDINEROS"},"content":{"rendered":"<p>Un complet\u00edsimo set para que los ni\u00f1os creen su propio jard\u00edn<\/p>\n<p> El set Peque\u00f1os jardineros incluye un delantal, una pala, unos guantes de jardinero y la Gu\u00eda del peque\u00f1o jardinero, que introduce a los j\u00f3venes aficionados a las plantas en el divertid\u00edsimo mundo de la jardiner\u00eda.<\/p>\n<p> La gu\u00eda contiene los conceptos b\u00e1sicos para ser un buen jardinero: qu\u00e9 son las plantas, qu\u00e9 comen, c\u00f3mo crecen, qu\u00e9 animales son malos para las plantas del jard\u00edn e incluso c\u00f3mo decorar las macetas. No es necesario disponer de una extensi\u00f3n muy grande de tierra para poner en pr\u00e1ctica los consejos de esta gu\u00eda y, adem\u00e1s, siguiendo las instrucciones paso a paso, los ni\u00f1os podr\u00e1n recoger su propia cosecha y com\u00e9rsela.<\/p>\n","protected":false},"excerpt":{"rendered":"<p>BEASCOA<\/p>\n","protected":false},"featured_media":400796,"template":"","meta":{"_acf_changed":false,"om_disable_all_campaigns":false,"rs_blank_template":"","rs_page_bg_color":"","slide_template_v7":"","inline_featured_image":false,"_monsterinsights_skip_tracking":false,"_monsterinsights_sitenote_active":false,"_monsterinsights_sitenote_note":"","_monsterinsights_sitenote_category":0},"product_brand":[],"product_cat":[90,540],"product_tag":[],"class_list":{"0":"post-400795","1":"product","2":"type-product","3":"status-publish","4":"has-post-thumbnail","6":"product_cat-altres","7":"product_cat-otros","9":"first","10":"instock","11":"taxable","12":"shipping-taxable","13":"purchasable","14":"product-type-simple"},"acf":{"autor":"BEASCOA","codart":"844883536","libros-coleccion":"","ediciones":"1","encuadernacion":"Carton\u00e9","fecha_de_publicacion":"01\/04\/2013","novedad":"0","paginas":"1","subtitulo":"(INCLUYE DELANTAL, PALA Y GUANTES DE JARDINER\u00cdA)","orden":"999","portada":"0","idioma":"spa","editorial":[{"ID":147537,"post_author":"3","post_date":"2022-10-14 11:51:20","post_date_gmt":"2022-10-14 09:51:20","post_content":"","post_title":"BEASCOA, EDICIONES S.A.","post_excerpt":"","post_status":"publish","comment_status":"closed","ping_status":"closed","post_password":"","post_name":"beascoa-ediciones-s-a","to_ping":"","pinged":"","post_modified":"2022-10-14 11:51:20","post_modified_gmt":"2022-10-14 09:51:20","post_content_filtered":"","post_parent":0,"guid":"http:\/\/dev.claret.cat\/editorial\/beascoa-ediciones-s-a\/","menu_order":0,"post_type":"editorial","post_mime_type":"","comment_count":"0","filter":"raw"}],"autores-libros":[{"ID":151419,"post_author":"3","post_date":"2022-10-14 14:40:44","post_date_gmt":"2022-10-14 12:40:44","post_content":"","post_title":"BEASCOA","post_excerpt":"","post_status":"publish","comment_status":"closed","ping_status":"closed","post_password":"","post_name":"beascoa","to_ping":"","pinged":"","post_modified":"2022-10-14 14:40:44","post_modified_gmt":"2022-10-14 12:40:44","post_content_filtered":"","post_parent":0,"guid":"http:\/\/dev.claret.cat\/autor\/beascoa\/","menu_order":0,"post_type":"autor","post_mime_type":"","comment_count":"0","filter":"raw"}]},"aioseo_notices":[],"_links":{"self":[{"href":"https:\/\/www.claret.cat\/es\/wp-json\/wp\/v2\/product\/400795","targetHints":{"allow":["GET"]}}],"collection":[{"href":"https:\/\/www.claret.cat\/es\/wp-json\/wp\/v2\/product"}],"about":[{"href":"https:\/\/www.claret.cat\/es\/wp-json\/wp\/v2\/types\/product"}],"wp:featuredmedia":[{"embeddable":true,"href":"https:\/\/www.claret.cat\/es\/wp-json\/wp\/v2\/media\/400796"}],"wp:attachment":[{"href":"https:\/\/www.claret.cat\/es\/wp-json\/wp\/v2\/media?parent=400795"}],"wp:term":[{"taxonomy":"product_brand","embeddable":true,"href":"https:\/\/www.claret.cat\/es\/wp-json\/wp\/v2\/product_brand?post=400795"},{"taxonomy":"product_cat","embeddable":true,"href":"https:\/\/www.claret.cat\/es\/wp-json\/wp\/v2\/product_cat?post=400795"},{"taxonomy":"product_tag","embeddable":true,"href":"https:\/\/www.claret.cat\/es\/wp-json\/wp\/v2\/product_tag?post=400795"}],"curies":[{"name":"wp","href":"https:\/\/api.w.org\/{rel}","templated":true}]}}