{"id":400830,"date":"2023-02-27T04:55:10","date_gmt":"2023-02-27T03:55:10","guid":{"rendered":"https:\/\/www.claret.cat\/llibre\/divertidos-dibujos-para-colorear-lost-kitties-actividades-9788448852351\/"},"modified":"2023-02-27T04:55:16","modified_gmt":"2023-02-27T03:55:16","slug":"divertidos-dibujos-para-colorear-lost-kitties-actividades-9788448852351","status":"publish","type":"product","link":"https:\/\/www.claret.cat\/es\/libro\/divertidos-dibujos-para-colorear-lost-kitties-actividades-9788448852351\/","title":{"rendered":"DIVERTIDOS DIBUJOS PARA COLOREAR (LOST KITTIES. ACTIVIDADES)"},"content":{"rendered":"<p>\u00a1Un completo y divertido libro de colorear con los Kitties,  unos traviesos gatitos muy adictos a la leche! Los Kitties son muy peculiares y siempre hacen lo que quieren. Estos  escurridizos gatitos adoran las travesuras y salirse con la suya. \u00a1Acomp\u00e1\u00f1alos y llena de color sus aventuras! Los libros de colorear son muy beneficiosos para desarrollar el poder  de concentraci\u00f3n y observaci\u00f3n de los m\u00e1s peque\u00f1os, as\u00ed como la memoria visual y la motricidad fina.<\/p>\n","protected":false},"excerpt":{"rendered":"<p>VV. AA.<\/p>\n","protected":false},"featured_media":400831,"template":"","meta":{"_acf_changed":false,"om_disable_all_campaigns":false,"rs_blank_template":"","rs_page_bg_color":"","slide_template_v7":"","inline_featured_image":false,"_monsterinsights_skip_tracking":false,"_monsterinsights_sitenote_active":false,"_monsterinsights_sitenote_note":"","_monsterinsights_sitenote_category":0},"product_brand":[],"product_cat":[86,352],"product_tag":[],"class_list":{"0":"post-400830","1":"product","2":"type-product","3":"status-publish","4":"has-post-thumbnail","6":"product_cat-infantil","7":"product_cat-infantil-3_infantil-juvenil-spa","9":"first","10":"instock","11":"taxable","12":"shipping-taxable","13":"purchasable","14":"product-type-simple"},"acf":{"autor":"VV. AA.","codart":"844885235","libros-coleccion":"Lost Kitties. Actividades","ediciones":"1","encuadernacion":"Grapado","fecha_de_publicacion":"01\/06\/2019","novedad":"1","paginas":"24","subtitulo":"","orden":"0","portada":"0","idioma":"spa","editorial":[{"ID":6141,"post_author":"3","post_date":"2022-07-28 17:45:46","post_date_gmt":"2022-07-28 15:45:46","post_content":"","post_title":"BEASCOA","post_excerpt":"","post_status":"publish","comment_status":"closed","ping_status":"closed","post_password":"","post_name":"beascoa","to_ping":"","pinged":"","post_modified":"2022-07-28 17:45:46","post_modified_gmt":"2022-07-28 15:45:46","post_content_filtered":"","post_parent":0,"guid":"http:\/\/dev.claret.cat\/editorial\/beascoa\/","menu_order":0,"post_type":"editorial","post_mime_type":"","comment_count":"0","filter":"raw"}],"autores-libros":[{"ID":6085,"post_author":"3","post_date":"2022-07-28 17:37:49","post_date_gmt":"2022-07-28 15:37:49","post_content":"","post_title":"VV. AA.","post_excerpt":"","post_status":"publish","comment_status":"closed","ping_status":"closed","post_password":"","post_name":"vv-aa","to_ping":"","pinged":"","post_modified":"2022-07-28 17:37:49","post_modified_gmt":"2022-07-28 15:37:49","post_content_filtered":"","post_parent":0,"guid":"http:\/\/dev.claret.cat\/autor\/vv-aa\/","menu_order":0,"post_type":"autor","post_mime_type":"","comment_count":"0","filter":"raw"}]},"aioseo_notices":[],"_links":{"self":[{"href":"https:\/\/www.claret.cat\/es\/wp-json\/wp\/v2\/product\/400830","targetHints":{"allow":["GET"]}}],"collection":[{"href":"https:\/\/www.claret.cat\/es\/wp-json\/wp\/v2\/product"}],"about":[{"href":"https:\/\/www.claret.cat\/es\/wp-json\/wp\/v2\/types\/product"}],"wp:featuredmedia":[{"embeddable":true,"href":"https:\/\/www.claret.cat\/es\/wp-json\/wp\/v2\/media\/400831"}],"wp:attachment":[{"href":"https:\/\/www.claret.cat\/es\/wp-json\/wp\/v2\/media?parent=400830"}],"wp:term":[{"taxonomy":"product_brand","embeddable":true,"href":"https:\/\/www.claret.cat\/es\/wp-json\/wp\/v2\/product_brand?post=400830"},{"taxonomy":"product_cat","embeddable":true,"href":"https:\/\/www.claret.cat\/es\/wp-json\/wp\/v2\/product_cat?post=400830"},{"taxonomy":"product_tag","embeddable":true,"href":"https:\/\/www.claret.cat\/es\/wp-json\/wp\/v2\/product_tag?post=400830"}],"curies":[{"name":"wp","href":"https:\/\/api.w.org\/{rel}","templated":true}]}}