{"id":400833,"date":"2023-02-27T04:55:21","date_gmt":"2023-02-27T03:55:21","guid":{"rendered":"https:\/\/www.claret.cat\/llibre\/juegos-y-pasatiempos-lost-kitties-actividades-9788448852368\/"},"modified":"2023-02-27T04:55:27","modified_gmt":"2023-02-27T03:55:27","slug":"juegos-y-pasatiempos-lost-kitties-actividades-9788448852368","status":"publish","type":"product","link":"https:\/\/www.claret.cat\/es\/libro\/juegos-y-pasatiempos-lost-kitties-actividades-9788448852368\/","title":{"rendered":"JUEGOS Y PASATIEMPOS (LOST KITTIES. ACTIVIDADES)"},"content":{"rendered":"<p>\u00a1Un completo y divertido libro de actividades con los Kitties,  unos traviesos gatitos muy adictos a la leche! Los Kitties son muy peculiares y siempre hacen lo que quieren. Estos  escurridizos gatitos adoran las travesuras y salirse con la suya. \u00a1Acomp\u00e1\u00f1alos a trav\u00e9s de estas divertidas actividades! Los libros de actividades y pasatiempos, adem\u00e1s de tener una funci\u00f3n  l\u00fadica, constituyen una herramienta muy beneficiosa para el desarrollo  cognitivo de los ni\u00f1os, pues fomentan el razonamiento, la memoria, la atenci\u00f3n y la l\u00f3gica.<\/p>\n","protected":false},"excerpt":{"rendered":"<p>VV. AA.<\/p>\n","protected":false},"featured_media":400834,"template":"","meta":{"_acf_changed":false,"om_disable_all_campaigns":false,"rs_blank_template":"","rs_page_bg_color":"","slide_template_v7":"","inline_featured_image":false,"_monsterinsights_skip_tracking":false,"_monsterinsights_sitenote_active":false,"_monsterinsights_sitenote_note":"","_monsterinsights_sitenote_category":0},"product_brand":[],"product_cat":[86,352],"product_tag":[],"class_list":{"0":"post-400833","1":"product","2":"type-product","3":"status-publish","4":"has-post-thumbnail","6":"product_cat-infantil","7":"product_cat-infantil-3_infantil-juvenil-spa","9":"first","10":"instock","11":"taxable","12":"shipping-taxable","13":"purchasable","14":"product-type-simple"},"acf":{"autor":"VV. AA.","codart":"844885236","libros-coleccion":"Lost Kitties. Actividades","ediciones":"1","encuadernacion":"Grapado","fecha_de_publicacion":"01\/06\/2019","novedad":"1","paginas":"24","subtitulo":"","orden":"0","portada":"0","idioma":"spa","editorial":[{"ID":6141,"post_author":"3","post_date":"2022-07-28 17:45:46","post_date_gmt":"2022-07-28 15:45:46","post_content":"","post_title":"BEASCOA","post_excerpt":"","post_status":"publish","comment_status":"closed","ping_status":"closed","post_password":"","post_name":"beascoa","to_ping":"","pinged":"","post_modified":"2022-07-28 17:45:46","post_modified_gmt":"2022-07-28 15:45:46","post_content_filtered":"","post_parent":0,"guid":"http:\/\/dev.claret.cat\/editorial\/beascoa\/","menu_order":0,"post_type":"editorial","post_mime_type":"","comment_count":"0","filter":"raw"}],"autores-libros":[{"ID":6085,"post_author":"3","post_date":"2022-07-28 17:37:49","post_date_gmt":"2022-07-28 15:37:49","post_content":"","post_title":"VV. AA.","post_excerpt":"","post_status":"publish","comment_status":"closed","ping_status":"closed","post_password":"","post_name":"vv-aa","to_ping":"","pinged":"","post_modified":"2022-07-28 17:37:49","post_modified_gmt":"2022-07-28 15:37:49","post_content_filtered":"","post_parent":0,"guid":"http:\/\/dev.claret.cat\/autor\/vv-aa\/","menu_order":0,"post_type":"autor","post_mime_type":"","comment_count":"0","filter":"raw"}]},"aioseo_notices":[],"_links":{"self":[{"href":"https:\/\/www.claret.cat\/es\/wp-json\/wp\/v2\/product\/400833","targetHints":{"allow":["GET"]}}],"collection":[{"href":"https:\/\/www.claret.cat\/es\/wp-json\/wp\/v2\/product"}],"about":[{"href":"https:\/\/www.claret.cat\/es\/wp-json\/wp\/v2\/types\/product"}],"wp:featuredmedia":[{"embeddable":true,"href":"https:\/\/www.claret.cat\/es\/wp-json\/wp\/v2\/media\/400834"}],"wp:attachment":[{"href":"https:\/\/www.claret.cat\/es\/wp-json\/wp\/v2\/media?parent=400833"}],"wp:term":[{"taxonomy":"product_brand","embeddable":true,"href":"https:\/\/www.claret.cat\/es\/wp-json\/wp\/v2\/product_brand?post=400833"},{"taxonomy":"product_cat","embeddable":true,"href":"https:\/\/www.claret.cat\/es\/wp-json\/wp\/v2\/product_cat?post=400833"},{"taxonomy":"product_tag","embeddable":true,"href":"https:\/\/www.claret.cat\/es\/wp-json\/wp\/v2\/product_tag?post=400833"}],"curies":[{"name":"wp","href":"https:\/\/api.w.org\/{rel}","templated":true}]}}