{"id":400893,"date":"2023-02-27T04:59:12","date_gmt":"2023-02-27T03:59:12","guid":{"rendered":"https:\/\/www.claret.cat\/llibre\/cocina-en-familia-con-josetxo-9788448853259\/"},"modified":"2023-02-27T04:59:18","modified_gmt":"2023-02-27T03:59:18","slug":"cocina-en-familia-con-josetxo-9788448853259","status":"publish","type":"product","link":"https:\/\/www.claret.cat\/es\/libro\/cocina-en-familia-con-josetxo-9788448853259\/","title":{"rendered":"COCINA EN FAMILIA CON JOSETXO"},"content":{"rendered":"<p>El \u00faltimo ganador de MasterChef Junior presenta las mejores recetas para realizar en familia. Con solo 11 a\u00f1os, Josetxo consigui\u00f3 cautivar a los profesores y a la  audiencia de MasterChef Junior y alzarse como el ganador de la  sexta  edici\u00f3n del programa de cocina m\u00e1s visto de la tele. En su primer libro,  Josetxo y su padre Jos\u00e9 Luis nos presentan 24 recetas para hacer en casa  con la familia. Riqu\u00edsimos desayunos, divertidas meriendas y los men\u00fas m\u00e1s deliciosos ahora llevan el toque  Josetxo. Y por si esto  fuera poco, las recetas van acompa\u00f1adas de secciones sobre los alimentos b\u00e1sicos, los utensilios de cocina y los mejores trucos del ganador  de MasterChef. Recetas seleccionadas y reinventadas por un ni\u00f1o, para otros ni\u00f1os, con  las que compartir un momento familiar rodeados de harina, verduras, trapos y fogones. \u00a1Manos a la masa!<\/p>\n","protected":false},"excerpt":{"rendered":"<p>P\u00c9REZ, JOS\u00c9 LUIS \/ JOSETXO<\/p>\n","protected":false},"featured_media":400894,"template":"","meta":{"_acf_changed":false,"om_disable_all_campaigns":false,"rs_blank_template":"","rs_page_bg_color":"","slide_template_v7":"","inline_featured_image":false,"_monsterinsights_skip_tracking":false,"_monsterinsights_sitenote_active":false,"_monsterinsights_sitenote_note":"","_monsterinsights_sitenote_category":0},"product_brand":[],"product_cat":[553,103],"product_tag":[],"class_list":{"0":"post-400893","1":"product","2":"type-product","3":"status-publish","4":"has-post-thumbnail","6":"product_cat-cocina","7":"product_cat-cuina","9":"first","10":"instock","11":"taxable","12":"shipping-taxable","13":"purchasable","14":"product-type-simple"},"acf":{"autor":"P\u00c9REZ, JOS\u00c9 LUIS \/ JOSETXO","codart":"844885325","libros-coleccion":"BEASCOA-TITULO UNICO","ediciones":"1","encuadernacion":"Carton\u00e9","fecha_de_publicacion":"01\/06\/2019","novedad":"1","paginas":"140","subtitulo":"24 RECETAS PARA COCINAR JUGANDO","orden":"0","portada":"0","idioma":"spa","editorial":[{"ID":6141,"post_author":"3","post_date":"2022-07-28 17:45:46","post_date_gmt":"2022-07-28 15:45:46","post_content":"","post_title":"BEASCOA","post_excerpt":"","post_status":"publish","comment_status":"closed","ping_status":"closed","post_password":"","post_name":"beascoa","to_ping":"","pinged":"","post_modified":"2022-07-28 17:45:46","post_modified_gmt":"2022-07-28 15:45:46","post_content_filtered":"","post_parent":0,"guid":"http:\/\/dev.claret.cat\/editorial\/beascoa\/","menu_order":0,"post_type":"editorial","post_mime_type":"","comment_count":"0","filter":"raw"}],"autores-libros":[{"ID":160887,"post_author":"3","post_date":"2022-10-14 15:56:41","post_date_gmt":"2022-10-14 13:56:41","post_content":"","post_title":"JOSETXO","post_excerpt":"","post_status":"publish","comment_status":"closed","ping_status":"closed","post_password":"","post_name":"josetxo","to_ping":"","pinged":"","post_modified":"2022-10-14 15:56:41","post_modified_gmt":"2022-10-14 13:56:41","post_content_filtered":"","post_parent":0,"guid":"http:\/\/dev.claret.cat\/autor\/josetxo\/","menu_order":0,"post_type":"autor","post_mime_type":"","comment_count":"0","filter":"raw"},{"ID":160358,"post_author":"3","post_date":"2022-10-14 15:52:25","post_date_gmt":"2022-10-14 13:52:25","post_content":"","post_title":"JOSE LUIS PEREZ","post_excerpt":"","post_status":"publish","comment_status":"closed","ping_status":"closed","post_password":"","post_name":"jose-luis-perez","to_ping":"","pinged":"","post_modified":"2022-10-14 15:52:25","post_modified_gmt":"2022-10-14 13:52:25","post_content_filtered":"","post_parent":0,"guid":"http:\/\/dev.claret.cat\/autor\/jose-luis-perez\/","menu_order":0,"post_type":"autor","post_mime_type":"","comment_count":"0","filter":"raw"}]},"aioseo_notices":[],"_links":{"self":[{"href":"https:\/\/www.claret.cat\/es\/wp-json\/wp\/v2\/product\/400893","targetHints":{"allow":["GET"]}}],"collection":[{"href":"https:\/\/www.claret.cat\/es\/wp-json\/wp\/v2\/product"}],"about":[{"href":"https:\/\/www.claret.cat\/es\/wp-json\/wp\/v2\/types\/product"}],"wp:featuredmedia":[{"embeddable":true,"href":"https:\/\/www.claret.cat\/es\/wp-json\/wp\/v2\/media\/400894"}],"wp:attachment":[{"href":"https:\/\/www.claret.cat\/es\/wp-json\/wp\/v2\/media?parent=400893"}],"wp:term":[{"taxonomy":"product_brand","embeddable":true,"href":"https:\/\/www.claret.cat\/es\/wp-json\/wp\/v2\/product_brand?post=400893"},{"taxonomy":"product_cat","embeddable":true,"href":"https:\/\/www.claret.cat\/es\/wp-json\/wp\/v2\/product_cat?post=400893"},{"taxonomy":"product_tag","embeddable":true,"href":"https:\/\/www.claret.cat\/es\/wp-json\/wp\/v2\/product_tag?post=400893"}],"curies":[{"name":"wp","href":"https:\/\/api.w.org\/{rel}","templated":true}]}}