{"id":400977,"date":"2023-02-27T05:04:31","date_gmt":"2023-02-27T04:04:31","guid":{"rendered":"https:\/\/www.claret.cat\/llibre\/la-nit-de-reis-9788448925925\/"},"modified":"2023-02-27T05:04:37","modified_gmt":"2023-02-27T04:04:37","slug":"la-nit-de-reis-9788448925925","status":"publish","type":"product","link":"https:\/\/www.claret.cat\/es\/libro\/la-nit-de-reis-9788448925925\/","title":{"rendered":"LA NIT DE REIS"},"content":{"rendered":"<p>Avui \u00e9s un dia molt especial! La Sika i en Joan es banyen i es preparen per anar a dormir&#8230; S &#8216; han de ficar al llit ben d &#8216; hora! Qu\u00e8 passa? Qui vindr\u00e0? La Sika no t\u00e9 son, en Joan no est\u00e0 gaire tranquil i el Xut volta tot esverat&#8230; Ssssss! \u00c9s hora de dormir! Avui, passaran els Reis!<\/p>\n","protected":false},"excerpt":{"rendered":"<p>BALD\u00d3 CABA, ESTEL\/GIL JUA<\/p>\n","protected":false},"featured_media":400978,"template":"","meta":{"_acf_changed":false,"om_disable_all_campaigns":false,"rs_blank_template":"","rs_page_bg_color":"","slide_template_v7":"","inline_featured_image":false,"_monsterinsights_skip_tracking":false,"_monsterinsights_sitenote_active":false,"_monsterinsights_sitenote_note":"","_monsterinsights_sitenote_category":0},"product_brand":[],"product_cat":[90,540],"product_tag":[],"class_list":{"0":"post-400977","1":"product","2":"type-product","3":"status-publish","4":"has-post-thumbnail","6":"product_cat-altres","7":"product_cat-otros","9":"first","10":"instock","11":"taxable","12":"shipping-taxable","13":"purchasable","14":"product-type-simple"},"acf":{"autor":"BALD\u00d3 CABA, ESTEL\/GIL JUA","codart":"844892592","libros-coleccion":"","ediciones":"1","encuadernacion":"Grapado","fecha_de_publicacion":"23\/11\/2010","novedad":"0","paginas":"24","subtitulo":"","orden":"999","portada":"0","idioma":"cat","editorial":[{"ID":147526,"post_author":"3","post_date":"2022-10-14 11:51:15","post_date_gmt":"2022-10-14 09:51:15","post_content":"","post_title":"BARCANOVA, EDITORIAL","post_excerpt":"","post_status":"publish","comment_status":"closed","ping_status":"closed","post_password":"","post_name":"barcanova-editorial","to_ping":"","pinged":"","post_modified":"2022-10-14 11:51:15","post_modified_gmt":"2022-10-14 09:51:15","post_content_filtered":"","post_parent":0,"guid":"http:\/\/dev.claret.cat\/editorial\/barcanova-editorial\/","menu_order":0,"post_type":"editorial","post_mime_type":"","comment_count":"0","filter":"raw"}],"autores-libros":[{"ID":155390,"post_author":"3","post_date":"2022-10-14 15:12:27","post_date_gmt":"2022-10-14 13:12:27","post_content":"","post_title":"ESTEL BALD\u00d3 CABA","post_excerpt":"","post_status":"publish","comment_status":"closed","ping_status":"closed","post_password":"","post_name":"estel-baldo-caba","to_ping":"","pinged":"","post_modified":"2022-10-14 15:12:27","post_modified_gmt":"2022-10-14 13:12:27","post_content_filtered":"","post_parent":0,"guid":"http:\/\/dev.claret.cat\/autor\/estel-baldo-caba\/","menu_order":0,"post_type":"autor","post_mime_type":"","comment_count":"0","filter":"raw"},{"ID":168489,"post_author":"3","post_date":"2022-10-14 22:19:31","post_date_gmt":"2022-10-14 20:19:31","post_content":"","post_title":"ROSA GIL JUAN","post_excerpt":"","post_status":"publish","comment_status":"closed","ping_status":"closed","post_password":"","post_name":"rosa-gil-juan","to_ping":"","pinged":"","post_modified":"2022-10-14 22:19:31","post_modified_gmt":"2022-10-14 20:19:31","post_content_filtered":"","post_parent":0,"guid":"http:\/\/dev.claret.cat\/autor\/rosa-gil-juan\/","menu_order":0,"post_type":"autor","post_mime_type":"","comment_count":"0","filter":"raw"},{"ID":163781,"post_author":"3","post_date":"2022-10-14 17:41:48","post_date_gmt":"2022-10-14 15:41:48","post_content":"","post_title":"MARIA SOLIVA GARRIGA","post_excerpt":"","post_status":"publish","comment_status":"closed","ping_status":"closed","post_password":"","post_name":"maria-soliva-garriga","to_ping":"","pinged":"","post_modified":"2022-10-14 17:41:48","post_modified_gmt":"2022-10-14 15:41:48","post_content_filtered":"","post_parent":0,"guid":"http:\/\/dev.claret.cat\/autor\/maria-soliva-garriga\/","menu_order":0,"post_type":"autor","post_mime_type":"","comment_count":"0","filter":"raw"}]},"aioseo_notices":[],"_links":{"self":[{"href":"https:\/\/www.claret.cat\/es\/wp-json\/wp\/v2\/product\/400977","targetHints":{"allow":["GET"]}}],"collection":[{"href":"https:\/\/www.claret.cat\/es\/wp-json\/wp\/v2\/product"}],"about":[{"href":"https:\/\/www.claret.cat\/es\/wp-json\/wp\/v2\/types\/product"}],"wp:featuredmedia":[{"embeddable":true,"href":"https:\/\/www.claret.cat\/es\/wp-json\/wp\/v2\/media\/400978"}],"wp:attachment":[{"href":"https:\/\/www.claret.cat\/es\/wp-json\/wp\/v2\/media?parent=400977"}],"wp:term":[{"taxonomy":"product_brand","embeddable":true,"href":"https:\/\/www.claret.cat\/es\/wp-json\/wp\/v2\/product_brand?post=400977"},{"taxonomy":"product_cat","embeddable":true,"href":"https:\/\/www.claret.cat\/es\/wp-json\/wp\/v2\/product_cat?post=400977"},{"taxonomy":"product_tag","embeddable":true,"href":"https:\/\/www.claret.cat\/es\/wp-json\/wp\/v2\/product_tag?post=400977"}],"curies":[{"name":"wp","href":"https:\/\/api.w.org\/{rel}","templated":true}]}}