{"id":40101,"date":"2022-10-02T19:18:34","date_gmt":"2022-10-02T17:18:34","guid":{"rendered":"http:\/\/dev.claret.cat\/producte\/david-its-me-sense-filtres-i-en-mode-avio\/"},"modified":"2024-01-31T21:32:02","modified_gmt":"2024-01-31T20:32:02","slug":"david-its-me-sense-filtres-i-en-mode-avio-9788418327810","status":"publish","type":"product","link":"https:\/\/www.claret.cat\/es\/libro\/david-its-me-sense-filtres-i-en-mode-avio-9788418327810\/","title":{"rendered":"DAVID ITS ME. SENSE FILTRES I EN MODE AVI\u00d3"},"content":{"rendered":"<p>Llibre din\u00e0mic, ple de curiositats,\u00a0moooolt d&#8217;humor i apunts personals del tiktoker del moment: David its me. Des d&#8217;una mirada al m\u00f3n dels creadors de contingut, a reflexions \u00edntimes que mai abans havia desvetllat, i per suposat, la recepta secreta dels canelons de l&#8217;\u00e0via! Un llibre imprescindible per als seus fans.<\/p>\n","protected":false},"excerpt":{"rendered":"<p>DAVID ITS ME<\/p>\n","protected":false},"featured_media":56713,"template":"","meta":{"_acf_changed":false,"om_disable_all_campaigns":false,"rs_blank_template":"","rs_page_bg_color":"","slide_template_v7":"","inline_featured_image":false,"_monsterinsights_skip_tracking":false,"_monsterinsights_sitenote_active":false,"_monsterinsights_sitenote_note":"","_monsterinsights_sitenote_category":0},"product_brand":[],"product_cat":[116,565],"product_tag":[],"class_list":{"0":"post-40101","1":"product","2":"type-product","3":"status-publish","4":"has-post-thumbnail","6":"product_cat-influencers","7":"product_cat-influencers-3_infantil-juvenil-spa-spa","9":"first","10":"instock","11":"taxable","12":"shipping-taxable","13":"purchasable","14":"product-type-simple"},"acf":{"autor":"DAVID ITS ME","codart":"841832781","libros-coleccion":"NO FICCI\u00d3","ediciones":"1","encuadernacion":"Carton\u00e9","fecha_de_publicacion":"01\/03\/2022","novedad":"1","paginas":"159","subtitulo":"","orden":"0","portada":"0","idioma":"cat","editorial":[{"ID":6254,"post_author":"3","post_date":"2022-07-28 17:48:15","post_date_gmt":"2022-07-28 15:48:15","post_content":"","post_title":"FANBOOKS","post_excerpt":"","post_status":"publish","comment_status":"closed","ping_status":"closed","post_password":"","post_name":"fanbooks","to_ping":"","pinged":"","post_modified":"2022-07-28 17:48:15","post_modified_gmt":"2022-07-28 15:48:15","post_content_filtered":"","post_parent":0,"guid":"http:\/\/dev.claret.cat\/editorial\/fanbooks\/","menu_order":0,"post_type":"editorial","post_mime_type":"","comment_count":"0","filter":"raw"}],"autores-libros":[{"ID":153848,"post_author":"3","post_date":"2022-10-14 15:00:01","post_date_gmt":"2022-10-14 13:00:01","post_content":"","post_title":"DAVID ITS ME","post_excerpt":"","post_status":"publish","comment_status":"closed","ping_status":"closed","post_password":"","post_name":"david-its-me","to_ping":"","pinged":"","post_modified":"2022-10-14 15:00:01","post_modified_gmt":"2022-10-14 13:00:01","post_content_filtered":"","post_parent":0,"guid":"http:\/\/dev.claret.cat\/autor\/david-its-me\/","menu_order":0,"post_type":"autor","post_mime_type":"","comment_count":"0","filter":"raw"}]},"aioseo_notices":[],"_links":{"self":[{"href":"https:\/\/www.claret.cat\/es\/wp-json\/wp\/v2\/product\/40101","targetHints":{"allow":["GET"]}}],"collection":[{"href":"https:\/\/www.claret.cat\/es\/wp-json\/wp\/v2\/product"}],"about":[{"href":"https:\/\/www.claret.cat\/es\/wp-json\/wp\/v2\/types\/product"}],"wp:featuredmedia":[{"embeddable":true,"href":"https:\/\/www.claret.cat\/es\/wp-json\/wp\/v2\/media\/56713"}],"wp:attachment":[{"href":"https:\/\/www.claret.cat\/es\/wp-json\/wp\/v2\/media?parent=40101"}],"wp:term":[{"taxonomy":"product_brand","embeddable":true,"href":"https:\/\/www.claret.cat\/es\/wp-json\/wp\/v2\/product_brand?post=40101"},{"taxonomy":"product_cat","embeddable":true,"href":"https:\/\/www.claret.cat\/es\/wp-json\/wp\/v2\/product_cat?post=40101"},{"taxonomy":"product_tag","embeddable":true,"href":"https:\/\/www.claret.cat\/es\/wp-json\/wp\/v2\/product_tag?post=40101"}],"curies":[{"name":"wp","href":"https:\/\/api.w.org\/{rel}","templated":true}]}}