{"id":401011,"date":"2023-02-27T05:06:48","date_gmt":"2023-02-27T04:06:48","guid":{"rendered":"https:\/\/www.claret.cat\/llibre\/ui-quin-temps-fara-9788448928698\/"},"modified":"2024-03-04T13:11:55","modified_gmt":"2024-03-04T12:11:55","slug":"ui-quin-temps-fara-9788448928698","status":"publish","type":"product","link":"https:\/\/www.claret.cat\/es\/libro\/ui-quin-temps-fara-9788448928698\/","title":{"rendered":"UI, QUIN TEMPS FAR\u00c0?"},"content":{"rendered":"<p>A partir de refranys sobre el temps amosf\u00e8ric i amb imatges amb il\u00b7lustracions inserides, acostarem els infants a valorar la riquesa de la tradici\u00f3 oral i a interpretar alguns fen\u00f2mens meteorol\u00f2gics que es poden deduir f\u00e0cilment a partir de l&#8217;observaci\u00f3. <\/p>\n<p>Per afavorir la lectura aut\u00f2noma dels infants, cada doble p\u00e0gina presenta el text de manera breu i escrit amb dues modalitats de lletra: de pal i lligada.<\/p>\n","protected":false},"excerpt":{"rendered":"<p>BALD\u00d3 CABA, ESTEL\/GIL JUA<\/p>\n","protected":false},"featured_media":954980,"template":"","meta":{"_acf_changed":false,"om_disable_all_campaigns":false,"rs_blank_template":"","rs_page_bg_color":"","slide_template_v7":"","inline_featured_image":false,"_monsterinsights_skip_tracking":false,"_monsterinsights_sitenote_active":false,"_monsterinsights_sitenote_note":"","_monsterinsights_sitenote_category":0},"product_brand":[],"product_cat":[131,361],"product_tag":[],"class_list":{"0":"post-401011","1":"product","2":"type-product","3":"status-publish","4":"has-post-thumbnail","6":"product_cat-contes-per-infants-0-6-anys","7":"product_cat-cuentos-para-ninos-0-6-anos","9":"first","10":"instock","11":"taxable","12":"shipping-taxable","13":"purchasable","14":"product-type-simple"},"acf":{"autor":"BALD\u00d3 CABA, ESTEL\/GIL JUA","codart":"844892869","libros-coleccion":"","ediciones":"1","encuadernacion":"Grapado","fecha_de_publicacion":"01\/09\/2011","novedad":"0","paginas":"24","subtitulo":"","orden":"999","portada":"0","idioma":"cat","editorial":[{"ID":147526,"post_author":"3","post_date":"2022-10-14 11:51:15","post_date_gmt":"2022-10-14 09:51:15","post_content":"","post_title":"BARCANOVA, EDITORIAL","post_excerpt":"","post_status":"publish","comment_status":"closed","ping_status":"closed","post_password":"","post_name":"barcanova-editorial","to_ping":"","pinged":"","post_modified":"2022-10-14 11:51:15","post_modified_gmt":"2022-10-14 09:51:15","post_content_filtered":"","post_parent":0,"guid":"http:\/\/dev.claret.cat\/editorial\/barcanova-editorial\/","menu_order":0,"post_type":"editorial","post_mime_type":"","comment_count":"0","filter":"raw"}],"autores-libros":[{"ID":155390,"post_author":"3","post_date":"2022-10-14 15:12:27","post_date_gmt":"2022-10-14 13:12:27","post_content":"","post_title":"ESTEL BALD\u00d3 CABA","post_excerpt":"","post_status":"publish","comment_status":"closed","ping_status":"closed","post_password":"","post_name":"estel-baldo-caba","to_ping":"","pinged":"","post_modified":"2022-10-14 15:12:27","post_modified_gmt":"2022-10-14 13:12:27","post_content_filtered":"","post_parent":0,"guid":"http:\/\/dev.claret.cat\/autor\/estel-baldo-caba\/","menu_order":0,"post_type":"autor","post_mime_type":"","comment_count":"0","filter":"raw"},{"ID":168489,"post_author":"3","post_date":"2022-10-14 22:19:31","post_date_gmt":"2022-10-14 20:19:31","post_content":"","post_title":"ROSA GIL JUAN","post_excerpt":"","post_status":"publish","comment_status":"closed","ping_status":"closed","post_password":"","post_name":"rosa-gil-juan","to_ping":"","pinged":"","post_modified":"2022-10-14 22:19:31","post_modified_gmt":"2022-10-14 20:19:31","post_content_filtered":"","post_parent":0,"guid":"http:\/\/dev.claret.cat\/autor\/rosa-gil-juan\/","menu_order":0,"post_type":"autor","post_mime_type":"","comment_count":"0","filter":"raw"},{"ID":163781,"post_author":"3","post_date":"2022-10-14 17:41:48","post_date_gmt":"2022-10-14 15:41:48","post_content":"","post_title":"MARIA SOLIVA GARRIGA","post_excerpt":"","post_status":"publish","comment_status":"closed","ping_status":"closed","post_password":"","post_name":"maria-soliva-garriga","to_ping":"","pinged":"","post_modified":"2022-10-14 17:41:48","post_modified_gmt":"2022-10-14 15:41:48","post_content_filtered":"","post_parent":0,"guid":"http:\/\/dev.claret.cat\/autor\/maria-soliva-garriga\/","menu_order":0,"post_type":"autor","post_mime_type":"","comment_count":"0","filter":"raw"}]},"aioseo_notices":[],"_links":{"self":[{"href":"https:\/\/www.claret.cat\/es\/wp-json\/wp\/v2\/product\/401011","targetHints":{"allow":["GET"]}}],"collection":[{"href":"https:\/\/www.claret.cat\/es\/wp-json\/wp\/v2\/product"}],"about":[{"href":"https:\/\/www.claret.cat\/es\/wp-json\/wp\/v2\/types\/product"}],"wp:featuredmedia":[{"embeddable":true,"href":"https:\/\/www.claret.cat\/es\/wp-json\/wp\/v2\/media\/954980"}],"wp:attachment":[{"href":"https:\/\/www.claret.cat\/es\/wp-json\/wp\/v2\/media?parent=401011"}],"wp:term":[{"taxonomy":"product_brand","embeddable":true,"href":"https:\/\/www.claret.cat\/es\/wp-json\/wp\/v2\/product_brand?post=401011"},{"taxonomy":"product_cat","embeddable":true,"href":"https:\/\/www.claret.cat\/es\/wp-json\/wp\/v2\/product_cat?post=401011"},{"taxonomy":"product_tag","embeddable":true,"href":"https:\/\/www.claret.cat\/es\/wp-json\/wp\/v2\/product_tag?post=401011"}],"curies":[{"name":"wp","href":"https:\/\/api.w.org\/{rel}","templated":true}]}}