{"id":401040,"date":"2023-02-27T05:08:37","date_gmt":"2023-02-27T04:08:37","guid":{"rendered":"https:\/\/www.claret.cat\/llibre\/les-vacances-d-en-felip-marlot-9788448931322\/"},"modified":"2023-02-27T05:08:42","modified_gmt":"2023-02-27T04:08:42","slug":"les-vacances-d-en-felip-marlot-9788448931322","status":"publish","type":"product","link":"https:\/\/www.claret.cat\/es\/libro\/les-vacances-d-en-felip-marlot-9788448931322\/","title":{"rendered":"LES VACANCES D&#8217; EN FELIP MARLOT"},"content":{"rendered":"<p>Tothom t\u00e9 dret a fer vacances! En Felip Marlot es pensa que tot anir\u00e0 b\u00e9 quan puja a l &apos; autob\u00fas que l &apos; ha de portar a la masia del vell Pedr\u00f3s, a Morvi\u00e0, on ha estat convidat a passar unes dies a pag\u00e8s, en plena natura. Per\u00f2, per sort, no troba la pau i tranquil\u00b7litat que esperava, sin\u00f3 que haur\u00e0 de participar en tot d &apos; aventures ben emocionants: descobrir qui pispa les gallines de les masies, lluitar contra un incendi forestal, parar els peus a uns estiuejants tocats i posats, ajudar el poble a desfer-se dels lleons d &apos; un circ que viuen enmig del bosc -tancats en una g\u00e0bia, que consti! I, fins i tot, haur\u00e0 d &apos; intervenir en una partida de paintball, un joc de guerra pac\u00edfic que est\u00e0 a punt de tornar-se violent&#8230; Sortosament, la Clara, una mossa d &apos; esquadra molt bufona i eixerida, l &apos; ajudar\u00e0 a sortir-se &apos; n de tot, no sense rebre, per\u00f2, alguna trompada.<\/p>\n","protected":false},"excerpt":{"rendered":"<p>CARB\u00d3, JOAQUIM<\/p>\n","protected":false},"featured_media":401041,"template":"","meta":{"_acf_changed":false,"om_disable_all_campaigns":false,"rs_blank_template":"","rs_page_bg_color":"","slide_template_v7":"","inline_featured_image":false,"_monsterinsights_skip_tracking":false,"_monsterinsights_sitenote_active":false,"_monsterinsights_sitenote_note":"","_monsterinsights_sitenote_category":0},"product_brand":[],"product_cat":[86,352],"product_tag":[],"class_list":{"0":"post-401040","1":"product","2":"type-product","3":"status-publish","4":"has-post-thumbnail","6":"product_cat-infantil","7":"product_cat-infantil-3_infantil-juvenil-spa","9":"first","10":"instock","11":"taxable","12":"shipping-taxable","13":"purchasable","14":"product-type-simple"},"acf":{"autor":"CARB\u00d3, JOAQUIM","codart":"844893132","libros-coleccion":"","ediciones":"1","encuadernacion":"R\u00fastica","fecha_de_publicacion":"01\/02\/2013","novedad":"0","paginas":"175","subtitulo":"","orden":"999","portada":"0","idioma":"cat","editorial":[{"ID":147526,"post_author":"3","post_date":"2022-10-14 11:51:15","post_date_gmt":"2022-10-14 09:51:15","post_content":"","post_title":"BARCANOVA, EDITORIAL","post_excerpt":"","post_status":"publish","comment_status":"closed","ping_status":"closed","post_password":"","post_name":"barcanova-editorial","to_ping":"","pinged":"","post_modified":"2022-10-14 11:51:15","post_modified_gmt":"2022-10-14 09:51:15","post_content_filtered":"","post_parent":0,"guid":"http:\/\/dev.claret.cat\/editorial\/barcanova-editorial\/","menu_order":0,"post_type":"editorial","post_mime_type":"","comment_count":"0","filter":"raw"}],"autores-libros":[{"ID":159492,"post_author":"3","post_date":"2022-10-14 15:45:17","post_date_gmt":"2022-10-14 13:45:17","post_content":"","post_title":"JOAQUIM CARB\u00d3","post_excerpt":"","post_status":"publish","comment_status":"closed","ping_status":"closed","post_password":"","post_name":"joaquim-carbo","to_ping":"","pinged":"","post_modified":"2022-10-14 15:45:17","post_modified_gmt":"2022-10-14 13:45:17","post_content_filtered":"","post_parent":0,"guid":"http:\/\/dev.claret.cat\/autor\/joaquim-carbo\/","menu_order":0,"post_type":"autor","post_mime_type":"","comment_count":"0","filter":"raw"}]},"aioseo_notices":[],"_links":{"self":[{"href":"https:\/\/www.claret.cat\/es\/wp-json\/wp\/v2\/product\/401040","targetHints":{"allow":["GET"]}}],"collection":[{"href":"https:\/\/www.claret.cat\/es\/wp-json\/wp\/v2\/product"}],"about":[{"href":"https:\/\/www.claret.cat\/es\/wp-json\/wp\/v2\/types\/product"}],"wp:featuredmedia":[{"embeddable":true,"href":"https:\/\/www.claret.cat\/es\/wp-json\/wp\/v2\/media\/401041"}],"wp:attachment":[{"href":"https:\/\/www.claret.cat\/es\/wp-json\/wp\/v2\/media?parent=401040"}],"wp:term":[{"taxonomy":"product_brand","embeddable":true,"href":"https:\/\/www.claret.cat\/es\/wp-json\/wp\/v2\/product_brand?post=401040"},{"taxonomy":"product_cat","embeddable":true,"href":"https:\/\/www.claret.cat\/es\/wp-json\/wp\/v2\/product_cat?post=401040"},{"taxonomy":"product_tag","embeddable":true,"href":"https:\/\/www.claret.cat\/es\/wp-json\/wp\/v2\/product_tag?post=401040"}],"curies":[{"name":"wp","href":"https:\/\/api.w.org\/{rel}","templated":true}]}}