{"id":401095,"date":"2023-02-27T05:12:01","date_gmt":"2023-02-27T04:12:01","guid":{"rendered":"https:\/\/www.claret.cat\/llibre\/faules-del-llibre-de-les-besties-9788448938697\/"},"modified":"2024-11-18T12:41:28","modified_gmt":"2024-11-18T11:41:28","slug":"faules-del-llibre-de-les-besties-9788448938697","status":"publish","type":"product","link":"https:\/\/www.claret.cat\/es\/libro\/faules-del-llibre-de-les-besties-9788448938697\/","title":{"rendered":"FAULES DEL LLIBRE DE LES B\u00c8STIES"},"content":{"rendered":"<p>Temps era temps, en un bell prat es van reunir tota mena d&#8221;animals per triar rei. No cal dir que les discussions entre van ser llargues i de vegades tenses i tot, per\u00f2, finalment el Lle\u00f3 va ser elegit i tothom ho va acceptar amb m\u00e9s o menys entusiasme o resignaci\u00f3; tothom no, perqu\u00e8 la Guineu, des de bon comen\u00e7ament, va embolicar la troca i va comen\u00e7ar a fer intrigues per aconseguir un poder que no li havia estat donat. Val a dir que no se&#8221;n va sortir i que al final va ser v\u00edctima dels seus enganys.<\/p>\n","protected":false},"excerpt":{"rendered":"<p>LLULL, RAMON<\/p>\n","protected":false},"featured_media":961165,"template":"","meta":{"_acf_changed":false,"om_disable_all_campaigns":false,"rs_blank_template":"","rs_page_bg_color":"","slide_template_v7":"","inline_featured_image":false,"_monsterinsights_skip_tracking":false,"_monsterinsights_sitenote_active":false,"_monsterinsights_sitenote_note":"","_monsterinsights_sitenote_category":0},"product_brand":[],"product_cat":[86,352],"product_tag":[],"class_list":{"0":"post-401095","1":"product","2":"type-product","3":"status-publish","4":"has-post-thumbnail","6":"product_cat-infantil","7":"product_cat-infantil-3_infantil-juvenil-spa","9":"first","10":"instock","11":"taxable","12":"shipping-taxable","13":"purchasable","14":"product-type-simple"},"acf":{"autor":"LLULL, RAMON","codart":"844893869","libros-coleccion":"","ediciones":"1","encuadernacion":"R\u00fastica","fecha_de_publicacion":"01\/03\/2016","novedad":"0","paginas":"59","subtitulo":"","orden":"999","portada":"0","idioma":"cat","editorial":[{"ID":147526,"post_author":"3","post_date":"2022-10-14 11:51:15","post_date_gmt":"2022-10-14 09:51:15","post_content":"","post_title":"BARCANOVA, EDITORIAL","post_excerpt":"","post_status":"publish","comment_status":"closed","ping_status":"closed","post_password":"","post_name":"barcanova-editorial","to_ping":"","pinged":"","post_modified":"2022-10-14 11:51:15","post_modified_gmt":"2022-10-14 09:51:15","post_content_filtered":"","post_parent":0,"guid":"http:\/\/dev.claret.cat\/editorial\/barcanova-editorial\/","menu_order":0,"post_type":"editorial","post_mime_type":"","comment_count":"0","filter":"raw"}],"autores-libros":[{"ID":5966,"post_author":"3","post_date":"2022-07-28 17:35:19","post_date_gmt":"2022-07-28 15:35:19","post_content":"","post_title":"RAMON LLULL","post_excerpt":"","post_status":"publish","comment_status":"closed","ping_status":"closed","post_password":"","post_name":"ramon-llull","to_ping":"","pinged":"","post_modified":"2022-07-28 17:35:19","post_modified_gmt":"2022-07-28 15:35:19","post_content_filtered":"","post_parent":0,"guid":"http:\/\/dev.claret.cat\/autor\/ramon-llull\/","menu_order":0,"post_type":"autor","post_mime_type":"","comment_count":"0","filter":"raw"}]},"aioseo_notices":[],"_links":{"self":[{"href":"https:\/\/www.claret.cat\/es\/wp-json\/wp\/v2\/product\/401095","targetHints":{"allow":["GET"]}}],"collection":[{"href":"https:\/\/www.claret.cat\/es\/wp-json\/wp\/v2\/product"}],"about":[{"href":"https:\/\/www.claret.cat\/es\/wp-json\/wp\/v2\/types\/product"}],"wp:featuredmedia":[{"embeddable":true,"href":"https:\/\/www.claret.cat\/es\/wp-json\/wp\/v2\/media\/961165"}],"wp:attachment":[{"href":"https:\/\/www.claret.cat\/es\/wp-json\/wp\/v2\/media?parent=401095"}],"wp:term":[{"taxonomy":"product_brand","embeddable":true,"href":"https:\/\/www.claret.cat\/es\/wp-json\/wp\/v2\/product_brand?post=401095"},{"taxonomy":"product_cat","embeddable":true,"href":"https:\/\/www.claret.cat\/es\/wp-json\/wp\/v2\/product_cat?post=401095"},{"taxonomy":"product_tag","embeddable":true,"href":"https:\/\/www.claret.cat\/es\/wp-json\/wp\/v2\/product_tag?post=401095"}],"curies":[{"name":"wp","href":"https:\/\/api.w.org\/{rel}","templated":true}]}}