{"id":401111,"date":"2023-02-27T05:12:54","date_gmt":"2023-02-27T04:12:54","guid":{"rendered":"https:\/\/www.claret.cat\/llibre\/les-abelles-i-la-mel-9788448938796\/"},"modified":"2025-10-07T13:31:59","modified_gmt":"2025-10-07T11:31:59","slug":"les-abelles-i-la-mel-9788448938796","status":"publish","type":"product","link":"https:\/\/www.claret.cat\/es\/libro\/les-abelles-i-la-mel-9788448938796\/","title":{"rendered":"LES ABELLES I LA MEL"},"content":{"rendered":"<p>El m\u00f3n de les abelles \u00e9s fascinant! Aquests insectes volen de flor en flor arreplegant pol\u00b7len i n\u00e8ctar que porten al rusc, que \u00e9s com un poblet on viuen les abelles obreres, l&#8221;abella reina i els abellots. Gr\u00e0cies a les abelles tenim mel, un  aliment amb molts beneficis per a la salut.<\/p>\n<p> Per afavorir la lectura aut\u00f2noma dels petits lectors, cada doble p\u00e0gina presenta el text de manera breu i escrit amb dues modalitats de lletra: de pal i lligada.<\/p>\n","protected":false},"excerpt":{"rendered":"<p>BALD\u00d3, ESTEL \/ GIL, ROSA \/ SOLIVA, MARIA<\/p>\n","protected":false},"featured_media":979069,"template":"","meta":{"_acf_changed":false,"om_disable_all_campaigns":false,"rs_blank_template":"","rs_page_bg_color":"","slide_template_v7":"","inline_featured_image":false,"_monsterinsights_skip_tracking":false,"_monsterinsights_sitenote_active":false,"_monsterinsights_sitenote_note":"","_monsterinsights_sitenote_category":0},"product_brand":[],"product_cat":[131,361,352,86],"product_tag":[],"class_list":{"0":"post-401111","1":"product","2":"type-product","3":"status-publish","4":"has-post-thumbnail","6":"product_cat-contes-per-infants-0-6-anys","7":"product_cat-cuentos-para-ninos-0-6-anos","8":"product_cat-infantil-3_infantil-juvenil-spa","9":"product_cat-infantil","11":"first","12":"instock","13":"taxable","14":"shipping-taxable","15":"purchasable","16":"product-type-simple"},"acf":{"autor":"BALD\u00d3, ESTEL \/ GIL, ROSA \/ SOLIVA, MARIA","codart":"844893879","libros-coleccion":"","ediciones":"1","encuadernacion":"R\u00fastica","fecha_de_publicacion":"01\/03\/2016","novedad":"0","paginas":"24","subtitulo":"","orden":"999","portada":"0","idioma":"cat","editorial":[{"ID":147526,"post_author":"3","post_date":"2022-10-14 11:51:15","post_date_gmt":"2022-10-14 09:51:15","post_content":"","post_title":"BARCANOVA, EDITORIAL","post_excerpt":"","post_status":"publish","comment_status":"closed","ping_status":"closed","post_password":"","post_name":"barcanova-editorial","to_ping":"","pinged":"","post_modified":"2022-10-14 11:51:15","post_modified_gmt":"2022-10-14 09:51:15","post_content_filtered":"","post_parent":0,"guid":"http:\/\/dev.claret.cat\/editorial\/barcanova-editorial\/","menu_order":0,"post_type":"editorial","post_mime_type":"","comment_count":"0","filter":"raw"}],"autores-libros":[{"ID":155389,"post_author":"3","post_date":"2022-10-14 15:12:26","post_date_gmt":"2022-10-14 13:12:26","post_content":"","post_title":"ESTEL BALD\u00d3","post_excerpt":"","post_status":"publish","comment_status":"closed","ping_status":"closed","post_password":"","post_name":"estel-baldo","to_ping":"","pinged":"","post_modified":"2022-10-14 15:12:26","post_modified_gmt":"2022-10-14 13:12:26","post_content_filtered":"","post_parent":0,"guid":"http:\/\/dev.claret.cat\/autor\/estel-baldo\/","menu_order":0,"post_type":"autor","post_mime_type":"","comment_count":"0","filter":"raw"},{"ID":168488,"post_author":"3","post_date":"2022-10-14 22:19:31","post_date_gmt":"2022-10-14 20:19:31","post_content":"","post_title":"ROSA GIL","post_excerpt":"","post_status":"publish","comment_status":"closed","ping_status":"closed","post_password":"","post_name":"rosa-gil","to_ping":"","pinged":"","post_modified":"2022-10-14 22:19:31","post_modified_gmt":"2022-10-14 20:19:31","post_content_filtered":"","post_parent":0,"guid":"http:\/\/dev.claret.cat\/autor\/rosa-gil\/","menu_order":0,"post_type":"autor","post_mime_type":"","comment_count":"0","filter":"raw"},{"ID":163780,"post_author":"3","post_date":"2022-10-14 17:41:48","post_date_gmt":"2022-10-14 15:41:48","post_content":"","post_title":"MARIA SOLIVA","post_excerpt":"","post_status":"publish","comment_status":"closed","ping_status":"closed","post_password":"","post_name":"maria-soliva","to_ping":"","pinged":"","post_modified":"2022-10-14 17:41:48","post_modified_gmt":"2022-10-14 15:41:48","post_content_filtered":"","post_parent":0,"guid":"http:\/\/dev.claret.cat\/autor\/maria-soliva\/","menu_order":0,"post_type":"autor","post_mime_type":"","comment_count":"0","filter":"raw"}],"booktrailer":"","resenas":""},"aioseo_notices":[],"_links":{"self":[{"href":"https:\/\/www.claret.cat\/es\/wp-json\/wp\/v2\/product\/401111","targetHints":{"allow":["GET"]}}],"collection":[{"href":"https:\/\/www.claret.cat\/es\/wp-json\/wp\/v2\/product"}],"about":[{"href":"https:\/\/www.claret.cat\/es\/wp-json\/wp\/v2\/types\/product"}],"wp:featuredmedia":[{"embeddable":true,"href":"https:\/\/www.claret.cat\/es\/wp-json\/wp\/v2\/media\/979069"}],"wp:attachment":[{"href":"https:\/\/www.claret.cat\/es\/wp-json\/wp\/v2\/media?parent=401111"}],"wp:term":[{"taxonomy":"product_brand","embeddable":true,"href":"https:\/\/www.claret.cat\/es\/wp-json\/wp\/v2\/product_brand?post=401111"},{"taxonomy":"product_cat","embeddable":true,"href":"https:\/\/www.claret.cat\/es\/wp-json\/wp\/v2\/product_cat?post=401111"},{"taxonomy":"product_tag","embeddable":true,"href":"https:\/\/www.claret.cat\/es\/wp-json\/wp\/v2\/product_tag?post=401111"}],"curies":[{"name":"wp","href":"https:\/\/api.w.org\/{rel}","templated":true}]}}