{"id":401139,"date":"2023-02-27T05:14:31","date_gmt":"2023-02-27T04:14:31","guid":{"rendered":"https:\/\/www.claret.cat\/llibre\/el-nan-i-les-abracades-perdudes-9788448947613\/"},"modified":"2025-04-07T13:04:50","modified_gmt":"2025-04-07T11:04:50","slug":"el-nan-i-les-abracades-perdudes-9788448947613","status":"publish","type":"product","link":"https:\/\/www.claret.cat\/es\/libro\/el-nan-i-les-abracades-perdudes-9788448947613\/","title":{"rendered":"EL NAN I LES ABRA\u00c7ADES PERDUDES"},"content":{"rendered":"<p>Al V\u00edctor li encanten les abra\u00e7ades, pensa que s\u00f3n m\u00e0giques; en fa, a tota hora i a tothom! Fins que un dia, sense saber per qu\u00e8 no en va poder fer&#8230;.<br \/> On s\u00f3n? La seva amiga Carla est\u00e0 disposada a trobar-les all\u00e0 on hagin anat a parar.<br \/> En les il\u00b7lustracions d&#8217;aquesta hist\u00f2ria s&#8217;hi amaga un personatge molt especial. Fixeu-vos-hi b\u00e9 i descobriu-lo!<\/p>\n","protected":false},"excerpt":{"rendered":"<p>PEIX, SUSANA<\/p>\n","protected":false},"featured_media":1016906,"template":"","meta":{"_acf_changed":false,"om_disable_all_campaigns":false,"rs_blank_template":"","rs_page_bg_color":"","slide_template_v7":"","inline_featured_image":false,"_monsterinsights_skip_tracking":false,"_monsterinsights_sitenote_active":false,"_monsterinsights_sitenote_note":"","_monsterinsights_sitenote_category":0},"product_brand":[],"product_cat":[352,86],"product_tag":[],"class_list":{"0":"post-401139","1":"product","2":"type-product","3":"status-publish","4":"has-post-thumbnail","6":"product_cat-infantil-3_infantil-juvenil-spa","7":"product_cat-infantil","9":"first","10":"outofstock","11":"taxable","12":"shipping-taxable","13":"purchasable","14":"product-type-simple"},"acf":{"autor":"PEIX, SUSANA","codart":"844894761","libros-coleccion":"Llibres Infantils I Juvenils - Diversos","ediciones":"1","encuadernacion":"Carton\u00e9","fecha_de_publicacion":"01\/06\/2019","novedad":"0","paginas":"40","subtitulo":"","orden":"0","portada":"0","idioma":"cat","editorial":[{"ID":147525,"post_author":"3","post_date":"2022-10-14 11:51:14","post_date_gmt":"2022-10-14 09:51:14","post_content":"","post_title":"BARCANOVA","post_excerpt":"","post_status":"publish","comment_status":"closed","ping_status":"closed","post_password":"","post_name":"barcanova","to_ping":"","pinged":"","post_modified":"2022-10-14 11:51:14","post_modified_gmt":"2022-10-14 09:51:14","post_content_filtered":"","post_parent":0,"guid":"http:\/\/dev.claret.cat\/editorial\/barcanova\/","menu_order":0,"post_type":"editorial","post_mime_type":"","comment_count":"0","filter":"raw"}],"autores-libros":[{"ID":169952,"post_author":"3","post_date":"2022-10-14 22:31:20","post_date_gmt":"2022-10-14 20:31:20","post_content":"","post_title":"SUSANA PEIX","post_excerpt":"","post_status":"publish","comment_status":"closed","ping_status":"closed","post_password":"","post_name":"susana-peix","to_ping":"","pinged":"","post_modified":"2022-10-14 22:31:20","post_modified_gmt":"2022-10-14 20:31:20","post_content_filtered":"","post_parent":0,"guid":"http:\/\/dev.claret.cat\/autor\/susana-peix\/","menu_order":0,"post_type":"autor","post_mime_type":"","comment_count":"0","filter":"raw"}]},"aioseo_notices":[],"_links":{"self":[{"href":"https:\/\/www.claret.cat\/es\/wp-json\/wp\/v2\/product\/401139","targetHints":{"allow":["GET"]}}],"collection":[{"href":"https:\/\/www.claret.cat\/es\/wp-json\/wp\/v2\/product"}],"about":[{"href":"https:\/\/www.claret.cat\/es\/wp-json\/wp\/v2\/types\/product"}],"wp:featuredmedia":[{"embeddable":true,"href":"https:\/\/www.claret.cat\/es\/wp-json\/wp\/v2\/media\/1016906"}],"wp:attachment":[{"href":"https:\/\/www.claret.cat\/es\/wp-json\/wp\/v2\/media?parent=401139"}],"wp:term":[{"taxonomy":"product_brand","embeddable":true,"href":"https:\/\/www.claret.cat\/es\/wp-json\/wp\/v2\/product_brand?post=401139"},{"taxonomy":"product_cat","embeddable":true,"href":"https:\/\/www.claret.cat\/es\/wp-json\/wp\/v2\/product_cat?post=401139"},{"taxonomy":"product_tag","embeddable":true,"href":"https:\/\/www.claret.cat\/es\/wp-json\/wp\/v2\/product_tag?post=401139"}],"curies":[{"name":"wp","href":"https:\/\/api.w.org\/{rel}","templated":true}]}}