{"id":401172,"date":"2023-02-27T05:16:26","date_gmt":"2023-02-27T04:16:26","guid":{"rendered":"https:\/\/www.claret.cat\/llibre\/economia-i-pensament-economic-a-la-catalunya-de-lalta-edat-moderna-15201630-9788449024580\/"},"modified":"2023-02-27T05:16:33","modified_gmt":"2023-02-27T04:16:33","slug":"economia-i-pensament-economic-a-la-catalunya-de-lalta-edat-moderna-15201630-9788449024580","status":"publish","type":"product","link":"https:\/\/www.claret.cat\/es\/libro\/economia-i-pensament-economic-a-la-catalunya-de-lalta-edat-moderna-15201630-9788449024580\/","title":{"rendered":"ECONOMIA I PENSAMENT ECON\u00d2MIC A LA CATALUNYA DE L&#8217;ALTA EDAT MODERNA (1520-1630)"},"content":{"rendered":"<p>Oriol Junqueras i Vies \u00e9s llicenciat en Hist\u00f2ria Moderna i Contempor\u00e0nia i doctor en Hist\u00f2ria del Pensament Econ\u00f2mic. \u00c9s professor a la UAB i col\u00b7laborador de diferents programes de r\u00e0dio i televisi\u00f3. \u00c9s autor i coautor de diversos llibres: Els catalans i Cuba; La pres\u00f3 model de Barcelona; La batalla de l&#8217;Ebre; Manel Girona, el Banc de Barcelona i el Canal d&#8217;Urgell i Guerres dels catalans, entre d&#8217;altres.<\/p>\n","protected":false},"excerpt":{"rendered":"<p>JUNQUERAS I VIES, ORIOL<\/p>\n","protected":false},"featured_media":401173,"template":"","meta":{"_acf_changed":false,"om_disable_all_campaigns":false,"rs_blank_template":"","rs_page_bg_color":"","slide_template_v7":"","inline_featured_image":false,"_monsterinsights_skip_tracking":false,"_monsterinsights_sitenote_active":false,"_monsterinsights_sitenote_note":"","_monsterinsights_sitenote_category":0},"product_brand":[],"product_cat":[85,351],"product_tag":[],"class_list":{"0":"post-401172","1":"product","2":"type-product","3":"status-publish","4":"has-post-thumbnail","6":"product_cat-historia","7":"product_cat-historia-2_humanidades","9":"first","10":"instock","11":"taxable","12":"shipping-taxable","13":"purchasable","14":"product-type-simple"},"acf":{"autor":"JUNQUERAS I VIES, ORIOL","codart":"844902458","libros-coleccion":"","ediciones":"1","encuadernacion":"R\u00fastica","fecha_de_publicacion":"01\/01\/2006","novedad":"0","paginas":"179","subtitulo":"","orden":"999","portada":"0","idioma":"cat","editorial":[{"ID":262481,"post_author":"3","post_date":"2022-10-24 11:24:56","post_date_gmt":"2022-10-24 09:24:56","post_content":"","post_title":"Servei de Publicacions de la Universitat","post_excerpt":"","post_status":"publish","comment_status":"closed","ping_status":"closed","post_password":"","post_name":"servei-de-publicacions-de-la-universitat","to_ping":"","pinged":"","post_modified":"2022-10-24 11:24:56","post_modified_gmt":"2022-10-24 09:24:56","post_content_filtered":"","post_parent":0,"guid":"http:\/\/dev.claret.cat\/editorial\/servei-de-publicacions-de-la-universitat\/","menu_order":0,"post_type":"editorial","post_mime_type":"","comment_count":"0","filter":"raw"}],"autores-libros":[{"ID":166252,"post_author":"3","post_date":"2022-10-14 18:01:40","post_date_gmt":"2022-10-14 16:01:40","post_content":"","post_title":"ORIOL JUNQUERAS","post_excerpt":"","post_status":"publish","comment_status":"closed","ping_status":"closed","post_password":"","post_name":"oriol-junqueras","to_ping":"","pinged":"","post_modified":"2022-10-14 18:01:40","post_modified_gmt":"2022-10-14 16:01:40","post_content_filtered":"","post_parent":0,"guid":"http:\/\/dev.claret.cat\/autor\/oriol-junqueras\/","menu_order":0,"post_type":"autor","post_mime_type":"","comment_count":"0","filter":"raw"}]},"aioseo_notices":[],"_links":{"self":[{"href":"https:\/\/www.claret.cat\/es\/wp-json\/wp\/v2\/product\/401172","targetHints":{"allow":["GET"]}}],"collection":[{"href":"https:\/\/www.claret.cat\/es\/wp-json\/wp\/v2\/product"}],"about":[{"href":"https:\/\/www.claret.cat\/es\/wp-json\/wp\/v2\/types\/product"}],"wp:featuredmedia":[{"embeddable":true,"href":"https:\/\/www.claret.cat\/es\/wp-json\/wp\/v2\/media\/401173"}],"wp:attachment":[{"href":"https:\/\/www.claret.cat\/es\/wp-json\/wp\/v2\/media?parent=401172"}],"wp:term":[{"taxonomy":"product_brand","embeddable":true,"href":"https:\/\/www.claret.cat\/es\/wp-json\/wp\/v2\/product_brand?post=401172"},{"taxonomy":"product_cat","embeddable":true,"href":"https:\/\/www.claret.cat\/es\/wp-json\/wp\/v2\/product_cat?post=401172"},{"taxonomy":"product_tag","embeddable":true,"href":"https:\/\/www.claret.cat\/es\/wp-json\/wp\/v2\/product_tag?post=401172"}],"curies":[{"name":"wp","href":"https:\/\/api.w.org\/{rel}","templated":true}]}}