{"id":401194,"date":"2023-02-27T05:17:44","date_gmt":"2023-02-27T04:17:44","guid":{"rendered":"https:\/\/www.claret.cat\/llibre\/la-vida-del-espiritu-9788449312519\/"},"modified":"2023-02-27T05:17:50","modified_gmt":"2023-02-27T04:17:50","slug":"la-vida-del-espiritu-9788449312519","status":"publish","type":"product","link":"https:\/\/www.claret.cat\/es\/libro\/la-vida-del-espiritu-9788449312519\/","title":{"rendered":"LA VIDA DEL ESPIRITU"},"content":{"rendered":"<p>&#8216;Hannah Arendt falleci\u00f3 repentinamente el d\u00eda 4 de diciembre de 1975; era un jueves al atardecer y estaba departiendo con unos amigos. El s\u00e1bado precedente hab\u00eda acabado &#8216;La voluntad&#8217;, la segunda secci\u00f3n de La vida del esp\u00edritu. Al igual que su obra anterior, La condici\u00f3n humana, el trabajo estaba concebido en tres partes. La condici\u00f3n humana, cuyo subt\u00edtulo era Vita Activa, estaba dividida en &#8216;Labor&#8217;, &#8216;Trabajo&#8217; y &#8216;Acci\u00f3n&#8217;. La vida del esp\u00edritu, tal y como estaba planeada, se subdivid\u00eda en &#8216;Pensamiento&#8217;, &#8216;Voluntad&#8217; y &#8216;Juicio&#8217;, las tres actividades b\u00e1sicas de la vida del esp\u00edritu, en opini\u00f3n de la autora. La distinci\u00f3n, establecida en la Edad Media, entre la vida activa del hombre en el mundo y la solitaria vita contemplativa estaba naturalmente presente en su pensamiento, a pesar de que para ella aquel que piensa, quiere y juzga no es alguien contemplativo, apartado por una vocaci\u00f3n de monje, sino cualquier hombre que ejerce su capacidad humana de retirarse de vez en cuando a la regi\u00f3n invisible del esp\u00edritu. Arendt jam\u00e1s se pronunci\u00f3 abiertamente acerca de si la vida del esp\u00edritu era superior a la vida activa (como la hab\u00edan considerado la Antig\u00fcedad y la Edad Media). Sin embargo, no ser\u00eda excesivo decir que dedic\u00f3 los \u00faltimos a\u00f1os de su vida a esta obra, que ella emprend\u00eda como una tarea, la m\u00e1s elevada a la que hab\u00eda sido llamada, que se le impon\u00eda como ser vigorosamente pensante&#8217; MARY MACCARTHY<\/p>\n","protected":false},"excerpt":{"rendered":"<p>ARENDT, HANNAH<\/p>\n","protected":false},"featured_media":401195,"template":"","meta":{"_acf_changed":false,"om_disable_all_campaigns":false,"rs_blank_template":"","rs_page_bg_color":"","slide_template_v7":"","inline_featured_image":false,"_monsterinsights_skip_tracking":false,"_monsterinsights_sitenote_active":false,"_monsterinsights_sitenote_note":"","_monsterinsights_sitenote_category":0},"product_brand":[],"product_cat":[90,540],"product_tag":[],"class_list":{"0":"post-401194","1":"product","2":"type-product","3":"status-publish","4":"has-post-thumbnail","6":"product_cat-altres","7":"product_cat-otros","9":"first","10":"instock","11":"taxable","12":"shipping-taxable","13":"purchasable","14":"product-type-simple"},"acf":{"autor":"ARENDT, HANNAH","codart":"844931251","libros-coleccion":"FORA DE COL.LECCI\u00d3","ediciones":"1","encuadernacion":"[Vac\u00edo]","fecha_de_publicacion":"01\/06\/2002","novedad":"0","paginas":"482","subtitulo":"","orden":"999","portada":"0","idioma":"spa","editorial":[{"ID":148619,"post_author":"3","post_date":"2022-10-14 11:59:40","post_date_gmt":"2022-10-14 09:59:40","post_content":"","post_title":"PAIDOS, EDITORIAL","post_excerpt":"","post_status":"publish","comment_status":"closed","ping_status":"closed","post_password":"","post_name":"paidos-editorial","to_ping":"","pinged":"","post_modified":"2022-10-14 11:59:40","post_modified_gmt":"2022-10-14 09:59:40","post_content_filtered":"","post_parent":0,"guid":"http:\/\/dev.claret.cat\/editorial\/paidos-editorial\/","menu_order":0,"post_type":"editorial","post_mime_type":"","comment_count":"0","filter":"raw"}],"autores-libros":[{"ID":157338,"post_author":"3","post_date":"2022-10-14 15:28:02","post_date_gmt":"2022-10-14 13:28:02","post_content":"","post_title":"HANNAH ARENDT","post_excerpt":"","post_status":"publish","comment_status":"closed","ping_status":"closed","post_password":"","post_name":"hannah-arendt","to_ping":"","pinged":"","post_modified":"2022-10-14 15:28:02","post_modified_gmt":"2022-10-14 13:28:02","post_content_filtered":"","post_parent":0,"guid":"http:\/\/dev.claret.cat\/autor\/hannah-arendt\/","menu_order":0,"post_type":"autor","post_mime_type":"","comment_count":"0","filter":"raw"}]},"aioseo_notices":[],"_links":{"self":[{"href":"https:\/\/www.claret.cat\/es\/wp-json\/wp\/v2\/product\/401194","targetHints":{"allow":["GET"]}}],"collection":[{"href":"https:\/\/www.claret.cat\/es\/wp-json\/wp\/v2\/product"}],"about":[{"href":"https:\/\/www.claret.cat\/es\/wp-json\/wp\/v2\/types\/product"}],"wp:featuredmedia":[{"embeddable":true,"href":"https:\/\/www.claret.cat\/es\/wp-json\/wp\/v2\/media\/401195"}],"wp:attachment":[{"href":"https:\/\/www.claret.cat\/es\/wp-json\/wp\/v2\/media?parent=401194"}],"wp:term":[{"taxonomy":"product_brand","embeddable":true,"href":"https:\/\/www.claret.cat\/es\/wp-json\/wp\/v2\/product_brand?post=401194"},{"taxonomy":"product_cat","embeddable":true,"href":"https:\/\/www.claret.cat\/es\/wp-json\/wp\/v2\/product_cat?post=401194"},{"taxonomy":"product_tag","embeddable":true,"href":"https:\/\/www.claret.cat\/es\/wp-json\/wp\/v2\/product_tag?post=401194"}],"curies":[{"name":"wp","href":"https:\/\/api.w.org\/{rel}","templated":true}]}}