{"id":401197,"date":"2023-02-27T05:17:54","date_gmt":"2023-02-27T04:17:54","guid":{"rendered":"https:\/\/www.claret.cat\/llibre\/deshacer-el-genero-9788449318801\/"},"modified":"2023-02-27T05:18:01","modified_gmt":"2023-02-27T04:18:01","slug":"deshacer-el-genero-9788449318801","status":"publish","type":"product","link":"https:\/\/www.claret.cat\/es\/libro\/deshacer-el-genero-9788449318801\/","title":{"rendered":"DESHACER EL G\u00c9NERO"},"content":{"rendered":"<p>Deshacer el g\u00e9nero recoge reflexiones recientes de la autora sobre el g\u00e9nero y la sexualidad, centr\u00e1ndose en el nuevo parentesco, el psicoan\u00e1lisis y el tab\u00fa del incesto, el transg\u00e9nero, el intersexo, las categor\u00edas de diagn\u00f3stico, la violencia social y la labor de transformaci\u00f3n social. A partir de la teor\u00eda feminista y la teor\u00eda queer, Butler considera las normas que rigen y no lo consiguen el g\u00e9nero y la sexualidad en tanto que vinculadas a las restricciones de una categor\u00eda reconocible de persona. El libro supone un replanteamiento de su pensamiento inicial sobre la performatividad del g\u00e9nero en El g\u00e9nero en disputa. En esta obra, la cr\u00edtica a las normas de g\u00e9nero se sit\u00faa claramente dentro del marco de la tenacidad y la supervivencia humanas. \u00abHacer\u00bb el propio g\u00e9nero exige en ocasiones \u00abdeshacer\u00bb las nociones dominantes de la categor\u00eda persona. La autora escribe sobre la \u00abnueva pol\u00edtica del g\u00e9nero\u00bb surgida en estos \u00faltimos a\u00f1os, una combinaci\u00f3n de movimientos interesados por el transg\u00e9nero, la transexualidad, el intersexo y sus complejas relaciones con la teor\u00eda feminista y la teor\u00eda queer.<\/p>\n","protected":false},"excerpt":{"rendered":"<p>BUTLER, JUDITH<\/p>\n","protected":false},"featured_media":401198,"template":"","meta":{"_acf_changed":false,"om_disable_all_campaigns":false,"rs_blank_template":"","rs_page_bg_color":"","slide_template_v7":"","inline_featured_image":false,"_monsterinsights_skip_tracking":false,"_monsterinsights_sitenote_active":false,"_monsterinsights_sitenote_note":"","_monsterinsights_sitenote_category":0},"product_brand":[],"product_cat":[81,347,84,350],"product_tag":[],"class_list":{"0":"post-401197","1":"product","2":"type-product","3":"status-publish","4":"has-post-thumbnail","6":"product_cat-psicologia","7":"product_cat-psicologia-2_humanidades","8":"product_cat-sociologia","9":"product_cat-sociologia-2_humanidades","11":"first","12":"instock","13":"taxable","14":"shipping-taxable","15":"purchasable","16":"product-type-simple"},"acf":{"autor":"BUTLER, JUDITH","codart":"844931880","libros-coleccion":"Studio","ediciones":"1","encuadernacion":"R\u00fastica","fecha_de_publicacion":"01\/04\/2006","novedad":"0","paginas":"392","subtitulo":"","orden":"0","portada":"0","idioma":"spa","editorial":[{"ID":6206,"post_author":"3","post_date":"2022-07-28 17:47:08","post_date_gmt":"2022-07-28 15:47:08","post_content":"","post_title":"Ediciones Paid\u00f3s","post_excerpt":"","post_status":"publish","comment_status":"closed","ping_status":"closed","post_password":"","post_name":"ediciones-paidos","to_ping":"","pinged":"","post_modified":"2022-07-28 17:47:08","post_modified_gmt":"2022-07-28 15:47:08","post_content_filtered":"","post_parent":0,"guid":"http:\/\/dev.claret.cat\/editorial\/ediciones-paidos\/","menu_order":0,"post_type":"editorial","post_mime_type":"","comment_count":"0","filter":"raw"}],"autores-libros":[{"ID":161213,"post_author":"3","post_date":"2022-10-14 17:16:24","post_date_gmt":"2022-10-14 15:16:24","post_content":"","post_title":"JUDITH BUTLER","post_excerpt":"","post_status":"publish","comment_status":"closed","ping_status":"closed","post_password":"","post_name":"judith-butler","to_ping":"","pinged":"","post_modified":"2022-10-14 17:16:24","post_modified_gmt":"2022-10-14 15:16:24","post_content_filtered":"","post_parent":0,"guid":"http:\/\/dev.claret.cat\/autor\/judith-butler\/","menu_order":0,"post_type":"autor","post_mime_type":"","comment_count":"0","filter":"raw"}]},"aioseo_notices":[],"_links":{"self":[{"href":"https:\/\/www.claret.cat\/es\/wp-json\/wp\/v2\/product\/401197","targetHints":{"allow":["GET"]}}],"collection":[{"href":"https:\/\/www.claret.cat\/es\/wp-json\/wp\/v2\/product"}],"about":[{"href":"https:\/\/www.claret.cat\/es\/wp-json\/wp\/v2\/types\/product"}],"wp:featuredmedia":[{"embeddable":true,"href":"https:\/\/www.claret.cat\/es\/wp-json\/wp\/v2\/media\/401198"}],"wp:attachment":[{"href":"https:\/\/www.claret.cat\/es\/wp-json\/wp\/v2\/media?parent=401197"}],"wp:term":[{"taxonomy":"product_brand","embeddable":true,"href":"https:\/\/www.claret.cat\/es\/wp-json\/wp\/v2\/product_brand?post=401197"},{"taxonomy":"product_cat","embeddable":true,"href":"https:\/\/www.claret.cat\/es\/wp-json\/wp\/v2\/product_cat?post=401197"},{"taxonomy":"product_tag","embeddable":true,"href":"https:\/\/www.claret.cat\/es\/wp-json\/wp\/v2\/product_tag?post=401197"}],"curies":[{"name":"wp","href":"https:\/\/api.w.org\/{rel}","templated":true}]}}