{"id":401261,"date":"2023-02-27T05:21:48","date_gmt":"2023-02-27T04:21:48","guid":{"rendered":"https:\/\/www.claret.cat\/llibre\/cosmos-9788449331947\/"},"modified":"2023-02-27T05:21:55","modified_gmt":"2023-02-27T04:21:55","slug":"cosmos-9788449331947","status":"publish","type":"product","link":"https:\/\/www.claret.cat\/es\/libro\/cosmos-9788449331947\/","title":{"rendered":"COSMOS"},"content":{"rendered":"<p>Este es el punto de partida del presente libro, en el cual Michel Onfray nos propone entroncar con una meditaci\u00f3n filos\u00f3fica en contacto directo con el cosmos. Contemplar el mundo, recuperar las intuiciones fundadoras del tiempo, de la vida, de la naturaleza, comprender sus misterios y las lecciones que nos proporciona. He aqu\u00ed la ambici\u00f3n de esta obra personal\u00edsima, que vincula el ideal griego y pagano de una sabidur\u00eda humana en armon\u00eda con el mundo.<\/p>\n","protected":false},"excerpt":{"rendered":"<p>ONFRAY, MICHEL<\/p>\n","protected":false},"featured_media":401262,"template":"","meta":{"_acf_changed":false,"om_disable_all_campaigns":false,"rs_blank_template":"","rs_page_bg_color":"","slide_template_v7":"","inline_featured_image":false,"_monsterinsights_skip_tracking":false,"_monsterinsights_sitenote_active":false,"_monsterinsights_sitenote_note":"","_monsterinsights_sitenote_category":0},"product_brand":[],"product_cat":[83,349],"product_tag":[],"class_list":{"0":"post-401261","1":"product","2":"type-product","3":"status-publish","4":"has-post-thumbnail","6":"product_cat-filosofia","7":"product_cat-filosofia-2_humanidades","9":"first","10":"instock","11":"taxable","12":"shipping-taxable","13":"purchasable","14":"product-type-simple"},"acf":{"autor":"ONFRAY, MICHEL","codart":"844933194","libros-coleccion":"","ediciones":"1","encuadernacion":"R\u00fastica","fecha_de_publicacion":"01\/03\/2016","novedad":"0","paginas":"496","subtitulo":"UNA ONTOLOG\u00cdA MATERIALISTA","orden":"999","portada":"0","idioma":"spa","editorial":[{"ID":148619,"post_author":"3","post_date":"2022-10-14 11:59:40","post_date_gmt":"2022-10-14 09:59:40","post_content":"","post_title":"PAIDOS, EDITORIAL","post_excerpt":"","post_status":"publish","comment_status":"closed","ping_status":"closed","post_password":"","post_name":"paidos-editorial","to_ping":"","pinged":"","post_modified":"2022-10-14 11:59:40","post_modified_gmt":"2022-10-14 09:59:40","post_content_filtered":"","post_parent":0,"guid":"http:\/\/dev.claret.cat\/editorial\/paidos-editorial\/","menu_order":0,"post_type":"editorial","post_mime_type":"","comment_count":"0","filter":"raw"}],"autores-libros":[{"ID":5846,"post_author":"3","post_date":"2022-07-28 17:32:44","post_date_gmt":"2022-07-28 15:32:44","post_content":"","post_title":"MICHEL ONFRAY","post_excerpt":"","post_status":"publish","comment_status":"closed","ping_status":"closed","post_password":"","post_name":"michel-onfray","to_ping":"","pinged":"","post_modified":"2022-07-28 17:32:44","post_modified_gmt":"2022-07-28 15:32:44","post_content_filtered":"","post_parent":0,"guid":"http:\/\/dev.claret.cat\/autor\/michel-onfray\/","menu_order":0,"post_type":"autor","post_mime_type":"","comment_count":"0","filter":"raw"}]},"aioseo_notices":[],"_links":{"self":[{"href":"https:\/\/www.claret.cat\/es\/wp-json\/wp\/v2\/product\/401261","targetHints":{"allow":["GET"]}}],"collection":[{"href":"https:\/\/www.claret.cat\/es\/wp-json\/wp\/v2\/product"}],"about":[{"href":"https:\/\/www.claret.cat\/es\/wp-json\/wp\/v2\/types\/product"}],"wp:featuredmedia":[{"embeddable":true,"href":"https:\/\/www.claret.cat\/es\/wp-json\/wp\/v2\/media\/401262"}],"wp:attachment":[{"href":"https:\/\/www.claret.cat\/es\/wp-json\/wp\/v2\/media?parent=401261"}],"wp:term":[{"taxonomy":"product_brand","embeddable":true,"href":"https:\/\/www.claret.cat\/es\/wp-json\/wp\/v2\/product_brand?post=401261"},{"taxonomy":"product_cat","embeddable":true,"href":"https:\/\/www.claret.cat\/es\/wp-json\/wp\/v2\/product_cat?post=401261"},{"taxonomy":"product_tag","embeddable":true,"href":"https:\/\/www.claret.cat\/es\/wp-json\/wp\/v2\/product_tag?post=401261"}],"curies":[{"name":"wp","href":"https:\/\/api.w.org\/{rel}","templated":true}]}}