{"id":401273,"date":"2023-02-27T05:22:36","date_gmt":"2023-02-27T04:22:36","guid":{"rendered":"https:\/\/www.claret.cat\/llibre\/historia-de-las-creencias-y-las-ideas-religiosas-volii-9788449335990\/"},"modified":"2023-12-22T16:55:40","modified_gmt":"2023-12-22T15:55:40","slug":"historia-de-las-creencias-y-las-ideas-religiosas-volii-9788449335990","status":"publish","type":"product","link":"https:\/\/www.claret.cat\/es\/libro\/historia-de-las-creencias-y-las-ideas-religiosas-volii-9788449335990\/","title":{"rendered":"HISTORIA DE LAS CREENCIAS Y LAS IDEAS RELIGIOSAS VOL.II"},"content":{"rendered":"<p>La erudici\u00f3n, la fuerza intelectual y la capacidad para la s\u00edntesis de su autor dan como resultado una visi\u00f3n de las creencias religiosas que, seg\u00fan su propia f\u00f3rmula, arroja simult\u00e1neamente luz sobre \u00abla unidad fundamental de los fen\u00f3menos religiosos y la inabarcable variedad de sus expresiones\u00bb. <br \/> Este segundo tomo est\u00e1 en gran parte dedicado a las religiones de la antigua China, al budismo y al nacimiento del cristianismo, aunque habla igualmente del bramanismo y el hinduismo, la religi\u00f3n romana, los celtas y los tracios, Orfeo y Pit\u00e1goras, la s\u00edntesis hinduista, el juda\u00edsmo, el paganismo, el sincretismo y la \u00e9poca helen\u00edstica.<\/p>\n","protected":false},"excerpt":{"rendered":"<p>ELIADE, MIRCEA<\/p>\n","protected":false},"featured_media":401274,"template":"","meta":{"_acf_changed":false,"om_disable_all_campaigns":false,"rs_blank_template":"","rs_page_bg_color":"","slide_template_v7":"","inline_featured_image":false,"_monsterinsights_skip_tracking":false,"_monsterinsights_sitenote_active":false,"_monsterinsights_sitenote_note":"","_monsterinsights_sitenote_category":0},"product_brand":[],"product_cat":[345,79,544,94,350,84],"product_tag":[],"class_list":{"0":"post-401273","1":"product","2":"type-product","3":"status-publish","4":"has-post-thumbnail","6":"product_cat-espiritualidad","7":"product_cat-espiritualitat","8":"product_cat-religiones","9":"product_cat-religions","10":"product_cat-sociologia-2_humanidades","11":"product_cat-sociologia","13":"first","14":"instock","15":"taxable","16":"shipping-taxable","17":"purchasable","18":"product-type-simple"},"acf":{"autor":"ELIADE, MIRCEA","codart":"844933599","libros-coleccion":"Contextos","ediciones":"1","encuadernacion":"R\u00fastica","fecha_de_publicacion":"01\/06\/2019","novedad":"1","paginas":"678","subtitulo":"DE GAUTAMA BUDA AL TRIUNFO DEL CRISTIANISMO","orden":"0","portada":"0","idioma":"spa","editorial":[{"ID":6206,"post_author":"3","post_date":"2022-07-28 17:47:08","post_date_gmt":"2022-07-28 15:47:08","post_content":"","post_title":"Ediciones Paid\u00f3s","post_excerpt":"","post_status":"publish","comment_status":"closed","ping_status":"closed","post_password":"","post_name":"ediciones-paidos","to_ping":"","pinged":"","post_modified":"2022-07-28 17:47:08","post_modified_gmt":"2022-07-28 15:47:08","post_content_filtered":"","post_parent":0,"guid":"http:\/\/dev.claret.cat\/editorial\/ediciones-paidos\/","menu_order":0,"post_type":"editorial","post_mime_type":"","comment_count":"0","filter":"raw"}],"autores-libros":[{"ID":165189,"post_author":"3","post_date":"2022-10-14 17:53:08","post_date_gmt":"2022-10-14 15:53:08","post_content":"","post_title":"MIRCEA ELIADE","post_excerpt":"","post_status":"publish","comment_status":"closed","ping_status":"closed","post_password":"","post_name":"mircea-eliade","to_ping":"","pinged":"","post_modified":"2022-10-14 17:53:08","post_modified_gmt":"2022-10-14 15:53:08","post_content_filtered":"","post_parent":0,"guid":"http:\/\/dev.claret.cat\/autor\/mircea-eliade\/","menu_order":0,"post_type":"autor","post_mime_type":"","comment_count":"0","filter":"raw"}]},"aioseo_notices":[],"_links":{"self":[{"href":"https:\/\/www.claret.cat\/es\/wp-json\/wp\/v2\/product\/401273","targetHints":{"allow":["GET"]}}],"collection":[{"href":"https:\/\/www.claret.cat\/es\/wp-json\/wp\/v2\/product"}],"about":[{"href":"https:\/\/www.claret.cat\/es\/wp-json\/wp\/v2\/types\/product"}],"wp:featuredmedia":[{"embeddable":true,"href":"https:\/\/www.claret.cat\/es\/wp-json\/wp\/v2\/media\/401274"}],"wp:attachment":[{"href":"https:\/\/www.claret.cat\/es\/wp-json\/wp\/v2\/media?parent=401273"}],"wp:term":[{"taxonomy":"product_brand","embeddable":true,"href":"https:\/\/www.claret.cat\/es\/wp-json\/wp\/v2\/product_brand?post=401273"},{"taxonomy":"product_cat","embeddable":true,"href":"https:\/\/www.claret.cat\/es\/wp-json\/wp\/v2\/product_cat?post=401273"},{"taxonomy":"product_tag","embeddable":true,"href":"https:\/\/www.claret.cat\/es\/wp-json\/wp\/v2\/product_tag?post=401273"}],"curies":[{"name":"wp","href":"https:\/\/api.w.org\/{rel}","templated":true}]}}