{"id":401406,"date":"2023-02-27T05:31:16","date_gmt":"2023-02-27T04:31:16","guid":{"rendered":"https:\/\/www.claret.cat\/llibre\/querer-es-poder-9788461487875\/"},"modified":"2023-02-27T05:31:21","modified_gmt":"2023-02-27T04:31:21","slug":"querer-es-poder-9788461487875","status":"publish","type":"product","link":"https:\/\/www.claret.cat\/es\/libro\/querer-es-poder-9788461487875\/","title":{"rendered":"QUERER ES PODER"},"content":{"rendered":"<p>La voluntad es aquella fuerza que nos encamina hacia nuestros sue\u00f1os y objetivos con entusiasmo y determinaci\u00f3n. Es la energ\u00eda que nos lleva a superar obst\u00e1culos, a no desfallecer ante las dificultades, a superarnos y a crecernos frente a las contrariedades, a ser creativos ante las limitaciones. Nunca sabemos cu\u00e1n cerca estamos de conseguir aquello que nos hemos propuesto. Sin embargo, la voluntad es aquella fuerza motriz que nos impulsa a perseverar, a batallar, a no darnos por vencidos, a levantarnos despu\u00e9s de cada tropiezo, a liberar toda nuestra fuerza interior.<br \/>Querer es poder nos ayuda a tomar conciencia del poder que todos tenemos para conseguir aquello que nos proponemos en la vida.<\/p>\n","protected":false},"excerpt":{"rendered":"<p>RAMOS AUTO, DANIEL<\/p>\n","protected":false},"featured_media":401407,"template":"","meta":{"_acf_changed":false,"om_disable_all_campaigns":false,"rs_blank_template":"","rs_page_bg_color":"","slide_template_v7":"","inline_featured_image":false,"_monsterinsights_skip_tracking":false,"_monsterinsights_sitenote_active":false,"_monsterinsights_sitenote_note":"","_monsterinsights_sitenote_category":0},"product_brand":[],"product_cat":[81,347],"product_tag":[],"class_list":{"0":"post-401406","1":"product","2":"type-product","3":"status-publish","4":"has-post-thumbnail","6":"product_cat-psicologia","7":"product_cat-psicologia-2_humanidades","9":"first","10":"instock","11":"taxable","12":"shipping-taxable","13":"purchasable","14":"product-type-simple"},"acf":{"autor":"RAMOS AUTO, DANIEL","codart":"846148787","libros-coleccion":"","ediciones":"1","encuadernacion":"R\u00fastica","fecha_de_publicacion":"22\/02\/2012","novedad":"0","paginas":"64","subtitulo":"","orden":"999","portada":"0","idioma":"spa","editorial":[{"ID":401390,"post_author":"3","post_date":"2023-02-27 05:29:56","post_date_gmt":"2023-02-27 04:29:56","post_content":"","post_title":"RAMOS AUTO, DANIEL","post_excerpt":"","post_status":"publish","comment_status":"closed","ping_status":"closed","post_password":"","post_name":"ramos-auto-daniel","to_ping":"","pinged":"","post_modified":"2023-02-27 05:29:56","post_modified_gmt":"2023-02-27 04:29:56","post_content_filtered":"","post_parent":0,"guid":"https:\/\/www.claret.cat\/editorial\/ramos-auto-daniel\/","menu_order":0,"post_type":"editorial","post_mime_type":"","comment_count":"0","filter":"raw"}],"autores-libros":[{"ID":401355,"post_author":"3","post_date":"2023-02-27 05:27:39","post_date_gmt":"2023-02-27 04:27:39","post_content":"","post_title":"DANIEL RAMOS AUT\u00d3","post_excerpt":"","post_status":"publish","comment_status":"closed","ping_status":"closed","post_password":"","post_name":"daniel-ramos-auto","to_ping":"","pinged":"","post_modified":"2023-02-27 05:27:39","post_modified_gmt":"2023-02-27 04:27:39","post_content_filtered":"","post_parent":0,"guid":"https:\/\/www.claret.cat\/autor\/daniel-ramos-auto\/","menu_order":0,"post_type":"autor","post_mime_type":"","comment_count":"0","filter":"raw"}]},"aioseo_notices":[],"_links":{"self":[{"href":"https:\/\/www.claret.cat\/es\/wp-json\/wp\/v2\/product\/401406","targetHints":{"allow":["GET"]}}],"collection":[{"href":"https:\/\/www.claret.cat\/es\/wp-json\/wp\/v2\/product"}],"about":[{"href":"https:\/\/www.claret.cat\/es\/wp-json\/wp\/v2\/types\/product"}],"wp:featuredmedia":[{"embeddable":true,"href":"https:\/\/www.claret.cat\/es\/wp-json\/wp\/v2\/media\/401407"}],"wp:attachment":[{"href":"https:\/\/www.claret.cat\/es\/wp-json\/wp\/v2\/media?parent=401406"}],"wp:term":[{"taxonomy":"product_brand","embeddable":true,"href":"https:\/\/www.claret.cat\/es\/wp-json\/wp\/v2\/product_brand?post=401406"},{"taxonomy":"product_cat","embeddable":true,"href":"https:\/\/www.claret.cat\/es\/wp-json\/wp\/v2\/product_cat?post=401406"},{"taxonomy":"product_tag","embeddable":true,"href":"https:\/\/www.claret.cat\/es\/wp-json\/wp\/v2\/product_tag?post=401406"}],"curies":[{"name":"wp","href":"https:\/\/api.w.org\/{rel}","templated":true}]}}