{"id":401409,"date":"2023-02-27T05:31:26","date_gmt":"2023-02-27T04:31:26","guid":{"rendered":"https:\/\/www.claret.cat\/llibre\/vivir-aqui-y-ahora-9788461487899\/"},"modified":"2023-02-27T05:31:32","modified_gmt":"2023-02-27T04:31:32","slug":"vivir-aqui-y-ahora-9788461487899","status":"publish","type":"product","link":"https:\/\/www.claret.cat\/es\/libro\/vivir-aqui-y-ahora-9788461487899\/","title":{"rendered":"VIVIR AQU\u00cd Y AHORA"},"content":{"rendered":"<p>Sin duda, la grandeza de la vida, se manifiesta ahora. Toda la existencia yace concentrada en este preciso segundo en que est\u00e1s leyendo estas palabras. Es ahora, y no en el pasado o en el futuro, donde est\u00e1 ocurriendo y se est\u00e1 manifestando el prodigio de la vida, de tu vida. Es ahora cuando puedes decidir, sentir, pensar, desarrollarte, cambiar, transformarte, abordar la vida con entusiasmo, alegr\u00eda, fe y confianza.<\/p>\n<p>Vivir Aqu\u00ed y ahora nos invita a vivir con vitalidad y profundidad el momento presente, a no aplazar nuestros sue\u00f1os, nuestras ilusiones, nuestro bienestar y nuestra plenitud personal.<\/p>\n","protected":false},"excerpt":{"rendered":"<p>RAMOS AUTO, DANIEL<\/p>\n","protected":false},"featured_media":401410,"template":"","meta":{"_acf_changed":false,"om_disable_all_campaigns":false,"rs_blank_template":"","rs_page_bg_color":"","slide_template_v7":"","inline_featured_image":false,"_monsterinsights_skip_tracking":false,"_monsterinsights_sitenote_active":false,"_monsterinsights_sitenote_note":"","_monsterinsights_sitenote_category":0},"product_brand":[],"product_cat":[90,540],"product_tag":[],"class_list":{"0":"post-401409","1":"product","2":"type-product","3":"status-publish","4":"has-post-thumbnail","6":"product_cat-altres","7":"product_cat-otros","9":"first","10":"instock","11":"taxable","12":"shipping-taxable","13":"purchasable","14":"product-type-simple"},"acf":{"autor":"RAMOS AUTO, DANIEL","codart":"846148789","libros-coleccion":"","ediciones":"1","encuadernacion":"R\u00fastica","fecha_de_publicacion":"22\/02\/2012","novedad":"0","paginas":"64","subtitulo":"","orden":"999","portada":"0","idioma":"spa","editorial":[{"ID":401390,"post_author":"3","post_date":"2023-02-27 05:29:56","post_date_gmt":"2023-02-27 04:29:56","post_content":"","post_title":"RAMOS AUTO, DANIEL","post_excerpt":"","post_status":"publish","comment_status":"closed","ping_status":"closed","post_password":"","post_name":"ramos-auto-daniel","to_ping":"","pinged":"","post_modified":"2023-02-27 05:29:56","post_modified_gmt":"2023-02-27 04:29:56","post_content_filtered":"","post_parent":0,"guid":"https:\/\/www.claret.cat\/editorial\/ramos-auto-daniel\/","menu_order":0,"post_type":"editorial","post_mime_type":"","comment_count":"0","filter":"raw"}],"autores-libros":[{"ID":401355,"post_author":"3","post_date":"2023-02-27 05:27:39","post_date_gmt":"2023-02-27 04:27:39","post_content":"","post_title":"DANIEL RAMOS AUT\u00d3","post_excerpt":"","post_status":"publish","comment_status":"closed","ping_status":"closed","post_password":"","post_name":"daniel-ramos-auto","to_ping":"","pinged":"","post_modified":"2023-02-27 05:27:39","post_modified_gmt":"2023-02-27 04:27:39","post_content_filtered":"","post_parent":0,"guid":"https:\/\/www.claret.cat\/autor\/daniel-ramos-auto\/","menu_order":0,"post_type":"autor","post_mime_type":"","comment_count":"0","filter":"raw"}]},"aioseo_notices":[],"_links":{"self":[{"href":"https:\/\/www.claret.cat\/es\/wp-json\/wp\/v2\/product\/401409","targetHints":{"allow":["GET"]}}],"collection":[{"href":"https:\/\/www.claret.cat\/es\/wp-json\/wp\/v2\/product"}],"about":[{"href":"https:\/\/www.claret.cat\/es\/wp-json\/wp\/v2\/types\/product"}],"wp:featuredmedia":[{"embeddable":true,"href":"https:\/\/www.claret.cat\/es\/wp-json\/wp\/v2\/media\/401410"}],"wp:attachment":[{"href":"https:\/\/www.claret.cat\/es\/wp-json\/wp\/v2\/media?parent=401409"}],"wp:term":[{"taxonomy":"product_brand","embeddable":true,"href":"https:\/\/www.claret.cat\/es\/wp-json\/wp\/v2\/product_brand?post=401409"},{"taxonomy":"product_cat","embeddable":true,"href":"https:\/\/www.claret.cat\/es\/wp-json\/wp\/v2\/product_cat?post=401409"},{"taxonomy":"product_tag","embeddable":true,"href":"https:\/\/www.claret.cat\/es\/wp-json\/wp\/v2\/product_tag?post=401409"}],"curies":[{"name":"wp","href":"https:\/\/api.w.org\/{rel}","templated":true}]}}