{"id":401419,"date":"2023-02-27T05:32:05","date_gmt":"2023-02-27T04:32:05","guid":{"rendered":"https:\/\/www.claret.cat\/llibre\/pequeno-libro-de-la-libertad-interior-9788461537365\/"},"modified":"2023-02-27T05:32:11","modified_gmt":"2023-02-27T04:32:11","slug":"pequeno-libro-de-la-libertad-interior-9788461537365","status":"publish","type":"product","link":"https:\/\/www.claret.cat\/es\/libro\/pequeno-libro-de-la-libertad-interior-9788461537365\/","title":{"rendered":"PEQUE\u00d1O LIBRO DE LA LIBERTAD INTERIOR"},"content":{"rendered":"<p>La libertad interior, esa capacidad de pensar y decidir por uno mismo, esa facultad de obrar y decidir sin imposiciones de ning\u00fan tipo por parte de terceros, ese poder que todos tenemos para construirnos a nosotros mismos, desarrollarnos, perseguir nuestros ideales y dictaminar qui\u00e9nes queremos ser y con qu\u00e9 actitudes encaramos nuestra vida, constituyen la base de nuestra propia realizaci\u00f3n personal, nuestro bienestar y nuestra felicidad.<\/p>\n<p>El camino de la propia liberaci\u00f3n es apasionante, \u00bfte atreves a adentrarte en \u00e9l?<\/p>\n","protected":false},"excerpt":{"rendered":"<p>RAMOS AUT\u00d3, DANIEL<\/p>\n","protected":false},"featured_media":401420,"template":"","meta":{"_acf_changed":false,"om_disable_all_campaigns":false,"rs_blank_template":"","rs_page_bg_color":"","slide_template_v7":"","inline_featured_image":false,"_monsterinsights_skip_tracking":false,"_monsterinsights_sitenote_active":false,"_monsterinsights_sitenote_note":"","_monsterinsights_sitenote_category":0},"product_brand":[],"product_cat":[81,347],"product_tag":[],"class_list":{"0":"post-401419","1":"product","2":"type-product","3":"status-publish","4":"has-post-thumbnail","6":"product_cat-psicologia","7":"product_cat-psicologia-2_humanidades","9":"first","10":"instock","11":"taxable","12":"shipping-taxable","13":"purchasable","14":"product-type-simple"},"acf":{"autor":"RAMOS AUT\u00d3, DANIEL","codart":"846153736","libros-coleccion":"","ediciones":"1","encuadernacion":"R\u00fastica","fecha_de_publicacion":"22\/02\/2012","novedad":"0","paginas":"64","subtitulo":"","orden":"999","portada":"0","idioma":"spa","editorial":[{"ID":401390,"post_author":"3","post_date":"2023-02-27 05:29:56","post_date_gmt":"2023-02-27 04:29:56","post_content":"","post_title":"RAMOS AUTO, DANIEL","post_excerpt":"","post_status":"publish","comment_status":"closed","ping_status":"closed","post_password":"","post_name":"ramos-auto-daniel","to_ping":"","pinged":"","post_modified":"2023-02-27 05:29:56","post_modified_gmt":"2023-02-27 04:29:56","post_content_filtered":"","post_parent":0,"guid":"https:\/\/www.claret.cat\/editorial\/ramos-auto-daniel\/","menu_order":0,"post_type":"editorial","post_mime_type":"","comment_count":"0","filter":"raw"}],"autores-libros":[{"ID":401355,"post_author":"3","post_date":"2023-02-27 05:27:39","post_date_gmt":"2023-02-27 04:27:39","post_content":"","post_title":"DANIEL RAMOS AUT\u00d3","post_excerpt":"","post_status":"publish","comment_status":"closed","ping_status":"closed","post_password":"","post_name":"daniel-ramos-auto","to_ping":"","pinged":"","post_modified":"2023-02-27 05:27:39","post_modified_gmt":"2023-02-27 04:27:39","post_content_filtered":"","post_parent":0,"guid":"https:\/\/www.claret.cat\/autor\/daniel-ramos-auto\/","menu_order":0,"post_type":"autor","post_mime_type":"","comment_count":"0","filter":"raw"}]},"aioseo_notices":[],"_links":{"self":[{"href":"https:\/\/www.claret.cat\/es\/wp-json\/wp\/v2\/product\/401419","targetHints":{"allow":["GET"]}}],"collection":[{"href":"https:\/\/www.claret.cat\/es\/wp-json\/wp\/v2\/product"}],"about":[{"href":"https:\/\/www.claret.cat\/es\/wp-json\/wp\/v2\/types\/product"}],"wp:featuredmedia":[{"embeddable":true,"href":"https:\/\/www.claret.cat\/es\/wp-json\/wp\/v2\/media\/401420"}],"wp:attachment":[{"href":"https:\/\/www.claret.cat\/es\/wp-json\/wp\/v2\/media?parent=401419"}],"wp:term":[{"taxonomy":"product_brand","embeddable":true,"href":"https:\/\/www.claret.cat\/es\/wp-json\/wp\/v2\/product_brand?post=401419"},{"taxonomy":"product_cat","embeddable":true,"href":"https:\/\/www.claret.cat\/es\/wp-json\/wp\/v2\/product_cat?post=401419"},{"taxonomy":"product_tag","embeddable":true,"href":"https:\/\/www.claret.cat\/es\/wp-json\/wp\/v2\/product_tag?post=401419"}],"curies":[{"name":"wp","href":"https:\/\/api.w.org\/{rel}","templated":true}]}}