{"id":401427,"date":"2023-02-27T05:32:43","date_gmt":"2023-02-27T04:32:43","guid":{"rendered":"https:\/\/www.claret.cat\/llibre\/camino-del-exito-9788461607099\/"},"modified":"2023-02-27T05:32:48","modified_gmt":"2023-02-27T04:32:48","slug":"camino-del-exito-9788461607099","status":"publish","type":"product","link":"https:\/\/www.claret.cat\/es\/libro\/camino-del-exito-9788461607099\/","title":{"rendered":"CAMINO DEL \u00c9XITO"},"content":{"rendered":"<p>\u00bfQu\u00e9 significa la palabra \u00e9xito para ti? \u00bfQu\u00e9 te dice tu alma, tu coraz\u00f3n, que hagas? \u00bfCu\u00e1les son aquellas cosas que te gustar\u00eda lograr en la vida? \u00bfCu\u00e1l o cu\u00e1les son tus sue\u00f1os? \u00bfCrees en ti y en tu capacidad para conseguir aquello que deseas?<\/p>\n<p>Debes saber que muchos antes que t\u00fa han conseguido aquello que quer\u00edan de la vida, han conseguido materializar sus sue\u00f1os. Debes saber que t\u00fa tambi\u00e9n puedes, que est\u00e1s tan capacitado como ellos y tienes las herramientas que necesitas para conseguirlo. Como reza el dicho: \u2018Querer es poder\u2019, la cuesti\u00f3n que vamos a intentar desentra\u00f1ar a lo largo del libro ser\u00e1: \u00bfC\u00f3mo poder lo que queremos?<\/p>\n","protected":false},"excerpt":{"rendered":"<p>RAMOS AUT\u00d3, DANIEL<\/p>\n","protected":false},"featured_media":401428,"template":"","meta":{"_acf_changed":false,"om_disable_all_campaigns":false,"rs_blank_template":"","rs_page_bg_color":"","slide_template_v7":"","inline_featured_image":false,"_monsterinsights_skip_tracking":false,"_monsterinsights_sitenote_active":false,"_monsterinsights_sitenote_note":"","_monsterinsights_sitenote_category":0},"product_brand":[],"product_cat":[81,347],"product_tag":[],"class_list":{"0":"post-401427","1":"product","2":"type-product","3":"status-publish","4":"has-post-thumbnail","6":"product_cat-psicologia","7":"product_cat-psicologia-2_humanidades","9":"first","10":"instock","11":"taxable","12":"shipping-taxable","13":"purchasable","14":"product-type-simple"},"acf":{"autor":"RAMOS AUT\u00d3, DANIEL","codart":"846160709","libros-coleccion":"","ediciones":"1","encuadernacion":"Carton\u00e9","fecha_de_publicacion":"01\/10\/2012","novedad":"0","paginas":"64","subtitulo":"","orden":"999","portada":"0","idioma":"spa","editorial":[{"ID":262569,"post_author":"3","post_date":"2022-10-24 11:26:05","post_date_gmt":"2022-10-24 09:26:05","post_content":"","post_title":"VERSOS Y REVERSOS, EDITORIAL","post_excerpt":"","post_status":"publish","comment_status":"closed","ping_status":"closed","post_password":"","post_name":"versos-y-reversos-editorial","to_ping":"","pinged":"","post_modified":"2022-10-24 11:26:05","post_modified_gmt":"2022-10-24 09:26:05","post_content_filtered":"","post_parent":0,"guid":"http:\/\/dev.claret.cat\/editorial\/versos-y-reversos-editorial\/","menu_order":0,"post_type":"editorial","post_mime_type":"","comment_count":"0","filter":"raw"}],"autores-libros":[{"ID":401355,"post_author":"3","post_date":"2023-02-27 05:27:39","post_date_gmt":"2023-02-27 04:27:39","post_content":"","post_title":"DANIEL RAMOS AUT\u00d3","post_excerpt":"","post_status":"publish","comment_status":"closed","ping_status":"closed","post_password":"","post_name":"daniel-ramos-auto","to_ping":"","pinged":"","post_modified":"2023-02-27 05:27:39","post_modified_gmt":"2023-02-27 04:27:39","post_content_filtered":"","post_parent":0,"guid":"https:\/\/www.claret.cat\/autor\/daniel-ramos-auto\/","menu_order":0,"post_type":"autor","post_mime_type":"","comment_count":"0","filter":"raw"}]},"aioseo_notices":[],"_links":{"self":[{"href":"https:\/\/www.claret.cat\/es\/wp-json\/wp\/v2\/product\/401427","targetHints":{"allow":["GET"]}}],"collection":[{"href":"https:\/\/www.claret.cat\/es\/wp-json\/wp\/v2\/product"}],"about":[{"href":"https:\/\/www.claret.cat\/es\/wp-json\/wp\/v2\/types\/product"}],"wp:featuredmedia":[{"embeddable":true,"href":"https:\/\/www.claret.cat\/es\/wp-json\/wp\/v2\/media\/401428"}],"wp:attachment":[{"href":"https:\/\/www.claret.cat\/es\/wp-json\/wp\/v2\/media?parent=401427"}],"wp:term":[{"taxonomy":"product_brand","embeddable":true,"href":"https:\/\/www.claret.cat\/es\/wp-json\/wp\/v2\/product_brand?post=401427"},{"taxonomy":"product_cat","embeddable":true,"href":"https:\/\/www.claret.cat\/es\/wp-json\/wp\/v2\/product_cat?post=401427"},{"taxonomy":"product_tag","embeddable":true,"href":"https:\/\/www.claret.cat\/es\/wp-json\/wp\/v2\/product_tag?post=401427"}],"curies":[{"name":"wp","href":"https:\/\/api.w.org\/{rel}","templated":true}]}}