{"id":401438,"date":"2023-02-27T05:33:24","date_gmt":"2023-02-27T04:33:24","guid":{"rendered":"https:\/\/www.claret.cat\/llibre\/el-pequeno-libro-del-coraje-9788461627257\/"},"modified":"2023-02-27T05:33:30","modified_gmt":"2023-02-27T04:33:30","slug":"el-pequeno-libro-del-coraje-9788461627257","status":"publish","type":"product","link":"https:\/\/www.claret.cat\/es\/libro\/el-pequeno-libro-del-coraje-9788461627257\/","title":{"rendered":"EL PEQUE\u00d1O LIBRO DEL CORAJE"},"content":{"rendered":"<p>El camino de la vida est\u00e1 lleno de altos y bajos, de momentos que podr\u00edamos catalogar como buenos, en que todo transcurre con relativa tranquilidad y la vida se nos presenta gratificante, agradable y confortable, pero tambi\u00e9n de circunstancias dif\u00edciles que exigen por nuestra parte un mayor esfuerzo de aceptaci\u00f3n, de superaci\u00f3n, de resistencia y de fortaleza interior.<\/p>\n<p>Este peque\u00f1o libro ameno y motivador nos ayuda a conectar con nuestro Coraje, esa fuerza interior que nos impulsa, llegado el momento, a superar nuestros miedos y limitaciones y a encarar las dificultades con valent\u00eda y esp\u00edritu de lucha.<\/p>\n","protected":false},"excerpt":{"rendered":"<p>RAMOS AUT\u00d3, DANIEL<\/p>\n","protected":false},"featured_media":401439,"template":"","meta":{"_acf_changed":false,"om_disable_all_campaigns":false,"rs_blank_template":"","rs_page_bg_color":"","slide_template_v7":"","inline_featured_image":false,"_monsterinsights_skip_tracking":false,"_monsterinsights_sitenote_active":false,"_monsterinsights_sitenote_note":"","_monsterinsights_sitenote_category":0},"product_brand":[],"product_cat":[81,347],"product_tag":[],"class_list":{"0":"post-401438","1":"product","2":"type-product","3":"status-publish","4":"has-post-thumbnail","6":"product_cat-psicologia","7":"product_cat-psicologia-2_humanidades","9":"first","10":"instock","11":"taxable","12":"shipping-taxable","13":"purchasable","14":"product-type-simple"},"acf":{"autor":"RAMOS AUT\u00d3, DANIEL","codart":"846162725","libros-coleccion":"","ediciones":"1","encuadernacion":"R\u00fastica","fecha_de_publicacion":"01\/01\/2013","novedad":"0","paginas":"64","subtitulo":"","orden":"999","portada":"0","idioma":"spa","editorial":[{"ID":262569,"post_author":"3","post_date":"2022-10-24 11:26:05","post_date_gmt":"2022-10-24 09:26:05","post_content":"","post_title":"VERSOS Y REVERSOS, EDITORIAL","post_excerpt":"","post_status":"publish","comment_status":"closed","ping_status":"closed","post_password":"","post_name":"versos-y-reversos-editorial","to_ping":"","pinged":"","post_modified":"2022-10-24 11:26:05","post_modified_gmt":"2022-10-24 09:26:05","post_content_filtered":"","post_parent":0,"guid":"http:\/\/dev.claret.cat\/editorial\/versos-y-reversos-editorial\/","menu_order":0,"post_type":"editorial","post_mime_type":"","comment_count":"0","filter":"raw"}],"autores-libros":[{"ID":401355,"post_author":"3","post_date":"2023-02-27 05:27:39","post_date_gmt":"2023-02-27 04:27:39","post_content":"","post_title":"DANIEL RAMOS AUT\u00d3","post_excerpt":"","post_status":"publish","comment_status":"closed","ping_status":"closed","post_password":"","post_name":"daniel-ramos-auto","to_ping":"","pinged":"","post_modified":"2023-02-27 05:27:39","post_modified_gmt":"2023-02-27 04:27:39","post_content_filtered":"","post_parent":0,"guid":"https:\/\/www.claret.cat\/autor\/daniel-ramos-auto\/","menu_order":0,"post_type":"autor","post_mime_type":"","comment_count":"0","filter":"raw"}]},"aioseo_notices":[],"_links":{"self":[{"href":"https:\/\/www.claret.cat\/es\/wp-json\/wp\/v2\/product\/401438","targetHints":{"allow":["GET"]}}],"collection":[{"href":"https:\/\/www.claret.cat\/es\/wp-json\/wp\/v2\/product"}],"about":[{"href":"https:\/\/www.claret.cat\/es\/wp-json\/wp\/v2\/types\/product"}],"wp:featuredmedia":[{"embeddable":true,"href":"https:\/\/www.claret.cat\/es\/wp-json\/wp\/v2\/media\/401439"}],"wp:attachment":[{"href":"https:\/\/www.claret.cat\/es\/wp-json\/wp\/v2\/media?parent=401438"}],"wp:term":[{"taxonomy":"product_brand","embeddable":true,"href":"https:\/\/www.claret.cat\/es\/wp-json\/wp\/v2\/product_brand?post=401438"},{"taxonomy":"product_cat","embeddable":true,"href":"https:\/\/www.claret.cat\/es\/wp-json\/wp\/v2\/product_cat?post=401438"},{"taxonomy":"product_tag","embeddable":true,"href":"https:\/\/www.claret.cat\/es\/wp-json\/wp\/v2\/product_tag?post=401438"}],"curies":[{"name":"wp","href":"https:\/\/api.w.org\/{rel}","templated":true}]}}