{"id":401690,"date":"2023-02-27T05:47:53","date_gmt":"2023-02-27T04:47:53","guid":{"rendered":"https:\/\/www.claret.cat\/llibre\/el-nen-nou-i-diferent-9788466130547\/"},"modified":"2026-01-20T14:11:50","modified_gmt":"2026-01-20T13:11:50","slug":"el-nen-nou-i-diferent-9788466130547","status":"publish","type":"product","link":"https:\/\/www.claret.cat\/es\/libro\/el-nen-nou-i-diferent-9788466130547\/","title":{"rendered":"EL NEN NOU I DIFERENT"},"content":{"rendered":"<p>Un dia arriba al petit poblat de Nuagumb\u00e9 un nen nou, en Joan. Els nens i nenes de l&#8217;escola se sorprenen molt en veure&#8217;l, perqu\u00e8 \u00e9s for\u00e7a diferent d&#8217;ells i, a m\u00e9s, parla una llengua estranya que no entenen. Per\u00f2 la mestra els fa veure que tots som diferents els uns dels altres, i que ser diferent \u00e9s una cosa molt important.<\/p>\n","protected":false},"excerpt":{"rendered":"<p>LARREULA, ENRIC<\/p>\n","protected":false},"featured_media":1074889,"template":"","meta":{"_acf_changed":false,"om_disable_all_campaigns":false,"rs_blank_template":"","rs_page_bg_color":"","slide_template_v7":"","inline_featured_image":false,"_monsterinsights_skip_tracking":false,"_monsterinsights_sitenote_active":false,"_monsterinsights_sitenote_note":"","_monsterinsights_sitenote_category":0},"product_brand":[],"product_cat":[90,540],"product_tag":[],"class_list":{"0":"post-401690","1":"product","2":"type-product","3":"status-publish","4":"has-post-thumbnail","6":"product_cat-altres","7":"product_cat-otros","9":"first","10":"instock","11":"taxable","12":"shipping-taxable","13":"purchasable","14":"product-type-simple"},"acf":{"autor":"LARREULA, ENRIC","codart":"846613054","libros-coleccion":"SUSHI BOOKS","ediciones":"1","encuadernacion":"R\u00fastica","fecha_de_publicacion":"01\/06\/2012","novedad":"1","paginas":"35","subtitulo":"","orden":"0","portada":"0","idioma":"cat","editorial":[{"ID":261923,"post_author":"3","post_date":"2022-10-24 11:17:38","post_date_gmt":"2022-10-24 09:17:38","post_content":"","post_title":"CRU\u00cfLLA","post_excerpt":"","post_status":"publish","comment_status":"closed","ping_status":"closed","post_password":"","post_name":"cruilla","to_ping":"","pinged":"","post_modified":"2022-10-24 11:17:38","post_modified_gmt":"2022-10-24 09:17:38","post_content_filtered":"","post_parent":0,"guid":"http:\/\/dev.claret.cat\/editorial\/cruilla\/","menu_order":0,"post_type":"editorial","post_mime_type":"","comment_count":"0","filter":"raw"}],"autores-libros":[{"ID":155116,"post_author":"3","post_date":"2022-10-14 15:10:17","post_date_gmt":"2022-10-14 13:10:17","post_content":"","post_title":"ENRIC LARREULA","post_excerpt":"","post_status":"publish","comment_status":"closed","ping_status":"closed","post_password":"","post_name":"enric-larreula","to_ping":"","pinged":"","post_modified":"2022-10-14 15:10:17","post_modified_gmt":"2022-10-14 13:10:17","post_content_filtered":"","post_parent":0,"guid":"http:\/\/dev.claret.cat\/autor\/enric-larreula\/","menu_order":0,"post_type":"autor","post_mime_type":"","comment_count":"0","filter":"raw"}],"booktrailer":"","resenas":""},"aioseo_notices":[],"_links":{"self":[{"href":"https:\/\/www.claret.cat\/es\/wp-json\/wp\/v2\/product\/401690","targetHints":{"allow":["GET"]}}],"collection":[{"href":"https:\/\/www.claret.cat\/es\/wp-json\/wp\/v2\/product"}],"about":[{"href":"https:\/\/www.claret.cat\/es\/wp-json\/wp\/v2\/types\/product"}],"wp:featuredmedia":[{"embeddable":true,"href":"https:\/\/www.claret.cat\/es\/wp-json\/wp\/v2\/media\/1074889"}],"wp:attachment":[{"href":"https:\/\/www.claret.cat\/es\/wp-json\/wp\/v2\/media?parent=401690"}],"wp:term":[{"taxonomy":"product_brand","embeddable":true,"href":"https:\/\/www.claret.cat\/es\/wp-json\/wp\/v2\/product_brand?post=401690"},{"taxonomy":"product_cat","embeddable":true,"href":"https:\/\/www.claret.cat\/es\/wp-json\/wp\/v2\/product_cat?post=401690"},{"taxonomy":"product_tag","embeddable":true,"href":"https:\/\/www.claret.cat\/es\/wp-json\/wp\/v2\/product_tag?post=401690"}],"curies":[{"name":"wp","href":"https:\/\/api.w.org\/{rel}","templated":true}]}}