{"id":401770,"date":"2023-02-27T05:52:55","date_gmt":"2023-02-27T04:52:55","guid":{"rendered":"https:\/\/www.claret.cat\/llibre\/les-meves-supervacances-de-llengua-catalana-i-castellana-6e-primaria-cat-9788466132541\/"},"modified":"2023-02-27T05:53:00","modified_gmt":"2023-02-27T04:53:00","slug":"les-meves-supervacances-de-llengua-catalana-i-castellana-6e-primaria-cat-9788466132541","status":"publish","type":"product","link":"https:\/\/www.claret.cat\/es\/libro\/les-meves-supervacances-de-llengua-catalana-i-castellana-6e-primaria-cat-9788466132541\/","title":{"rendered":"LES MEVES SUPERVACANCES DE LLENGUA CATALANA I CASTELLANA. 6\u00c8 PRIM\u00c0RIA (CAT)"},"content":{"rendered":"<p>Quadern per refor\u00e7ar de manera espec\u00edfica els continguts de lleng\u00fces durant tot l&#8217;estiu. &gt; M\u00e9s de 150 activitats per repassar els continguts essencials de catal\u00e0 i castell\u00e0 del curs escolar. &gt; Jocs d&#8217;enginy per aprendre i distreure&#8217;s.&gt; Solucionari de les activitats en un d\u00edptic a banda, arrencable. &gt; Activitats d&#8217;autoavaluaci\u00f3 i enlla\u00e7os web.&gt; Webactivitat de vacances al web: alumnesprimaria.cruilla.cat<\/p>\n","protected":false},"excerpt":{"rendered":"<p>EQUIP EDITORIAL CRU\u00cfLLA,<\/p>\n","protected":false},"featured_media":401771,"template":"","meta":{"_acf_changed":false,"om_disable_all_campaigns":false,"rs_blank_template":"","rs_page_bg_color":"","slide_template_v7":"","inline_featured_image":false,"_monsterinsights_skip_tracking":false,"_monsterinsights_sitenote_active":false,"_monsterinsights_sitenote_note":"","_monsterinsights_sitenote_category":0},"product_brand":[],"product_cat":[333,122],"product_tag":[],"class_list":{"0":"post-401770","1":"product","2":"type-product","3":"status-publish","4":"has-post-thumbnail","6":"product_cat-cuadernos-de-vacaciones","7":"product_cat-quaderns-de-vacances","9":"first","10":"instock","11":"taxable","12":"shipping-taxable","13":"purchasable","14":"product-type-simple"},"acf":{"autor":"EQUIP EDITORIAL CRU\u00cfLLA,","codart":"846613254","libros-coleccion":"","ediciones":"1","encuadernacion":"Grapado","fecha_de_publicacion":"01\/04\/2013","novedad":"1","paginas":"64","subtitulo":"","orden":"999","portada":"0","idioma":"cat","editorial":[{"ID":147680,"post_author":"3","post_date":"2022-10-14 11:52:25","post_date_gmt":"2022-10-14 09:52:25","post_content":"","post_title":"CRUILLA, EDITORIAL","post_excerpt":"","post_status":"publish","comment_status":"closed","ping_status":"closed","post_password":"","post_name":"cruilla-editorial","to_ping":"","pinged":"","post_modified":"2022-10-14 11:52:25","post_modified_gmt":"2022-10-14 09:52:25","post_content_filtered":"","post_parent":0,"guid":"http:\/\/dev.claret.cat\/editorial\/cruilla-editorial\/","menu_order":0,"post_type":"editorial","post_mime_type":"","comment_count":"0","filter":"raw"}],"autores-libros":[{"ID":155210,"post_author":"3","post_date":"2022-10-14 15:11:02","post_date_gmt":"2022-10-14 13:11:02","post_content":"","post_title":"EQUIP EDITORIAL CRU\u00cfLLA","post_excerpt":"","post_status":"publish","comment_status":"closed","ping_status":"closed","post_password":"","post_name":"equip-editorial-cruilla","to_ping":"","pinged":"","post_modified":"2022-10-14 15:11:02","post_modified_gmt":"2022-10-14 13:11:02","post_content_filtered":"","post_parent":0,"guid":"http:\/\/dev.claret.cat\/autor\/equip-editorial-cruilla\/","menu_order":0,"post_type":"autor","post_mime_type":"","comment_count":"0","filter":"raw"}]},"aioseo_notices":[],"_links":{"self":[{"href":"https:\/\/www.claret.cat\/es\/wp-json\/wp\/v2\/product\/401770","targetHints":{"allow":["GET"]}}],"collection":[{"href":"https:\/\/www.claret.cat\/es\/wp-json\/wp\/v2\/product"}],"about":[{"href":"https:\/\/www.claret.cat\/es\/wp-json\/wp\/v2\/types\/product"}],"wp:featuredmedia":[{"embeddable":true,"href":"https:\/\/www.claret.cat\/es\/wp-json\/wp\/v2\/media\/401771"}],"wp:attachment":[{"href":"https:\/\/www.claret.cat\/es\/wp-json\/wp\/v2\/media?parent=401770"}],"wp:term":[{"taxonomy":"product_brand","embeddable":true,"href":"https:\/\/www.claret.cat\/es\/wp-json\/wp\/v2\/product_brand?post=401770"},{"taxonomy":"product_cat","embeddable":true,"href":"https:\/\/www.claret.cat\/es\/wp-json\/wp\/v2\/product_cat?post=401770"},{"taxonomy":"product_tag","embeddable":true,"href":"https:\/\/www.claret.cat\/es\/wp-json\/wp\/v2\/product_tag?post=401770"}],"curies":[{"name":"wp","href":"https:\/\/api.w.org\/{rel}","templated":true}]}}