{"id":401797,"date":"2023-02-27T05:54:22","date_gmt":"2023-02-27T04:54:22","guid":{"rendered":"https:\/\/www.claret.cat\/llibre\/pack-p3-quin-cap-de-setmana-que-passa-miol-9788466133319\/"},"modified":"2023-02-27T05:54:27","modified_gmt":"2023-02-27T04:54:27","slug":"pack-p3-quin-cap-de-setmana-que-passa-miol-9788466133319","status":"publish","type":"product","link":"https:\/\/www.claret.cat\/es\/libro\/pack-p3-quin-cap-de-setmana-que-passa-miol-9788466133319\/","title":{"rendered":"PACK P3: QUIN CAP DE SETMANA! + QU\u00c8 PASSA MIOL?"},"content":{"rendered":"<p> Quin cap de setmana! En Bernat est\u00e0 molt content perqu\u00e8 li ha tocat endur-se a casa el Piu-piu, la mascota de la classe, durant tot el cap de setmana. Qu\u00e8 et passa, Miola? \u00c9s el primer dia d\u00b4escola i la gateta Miola est\u00e0 molt enfadada perqu\u00e8 no t\u00e9 gens<\/p>\n","protected":false},"excerpt":{"rendered":"<p>COLL CANALIS, LAURA \/ HER<\/p>\n","protected":false},"featured_media":401798,"template":"","meta":{"_acf_changed":false,"om_disable_all_campaigns":false,"rs_blank_template":"","rs_page_bg_color":"","slide_template_v7":"","inline_featured_image":false,"_monsterinsights_skip_tracking":false,"_monsterinsights_sitenote_active":false,"_monsterinsights_sitenote_note":"","_monsterinsights_sitenote_category":0},"product_brand":[],"product_cat":[90,540],"product_tag":[],"class_list":{"0":"post-401797","1":"product","2":"type-product","3":"status-publish","4":"has-post-thumbnail","6":"product_cat-altres","7":"product_cat-otros","9":"first","10":"instock","11":"taxable","12":"shipping-taxable","13":"purchasable","14":"product-type-simple"},"acf":{"autor":"COLL CANALIS, LAURA \/ HER","codart":"846613331","libros-coleccion":"","ediciones":"1","encuadernacion":"Carton\u00e9","fecha_de_publicacion":"26\/09\/2013","novedad":"0","paginas":"0","subtitulo":"","orden":"999","portada":"0","idioma":"cat","editorial":[{"ID":147680,"post_author":"3","post_date":"2022-10-14 11:52:25","post_date_gmt":"2022-10-14 09:52:25","post_content":"","post_title":"CRUILLA, EDITORIAL","post_excerpt":"","post_status":"publish","comment_status":"closed","ping_status":"closed","post_password":"","post_name":"cruilla-editorial","to_ping":"","pinged":"","post_modified":"2022-10-14 11:52:25","post_modified_gmt":"2022-10-14 09:52:25","post_content_filtered":"","post_parent":0,"guid":"http:\/\/dev.claret.cat\/editorial\/cruilla-editorial\/","menu_order":0,"post_type":"editorial","post_mime_type":"","comment_count":"0","filter":"raw"}],"autores-libros":[{"ID":401739,"post_author":"3","post_date":"2023-02-27 05:50:43","post_date_gmt":"2023-02-27 04:50:43","post_content":"","post_title":"LAURA COLL CANALIS","post_excerpt":"","post_status":"publish","comment_status":"closed","ping_status":"closed","post_password":"","post_name":"laura-coll-canalis","to_ping":"","pinged":"","post_modified":"2023-02-27 05:50:43","post_modified_gmt":"2023-02-27 04:50:43","post_content_filtered":"","post_parent":0,"guid":"https:\/\/www.claret.cat\/autor\/laura-coll-canalis\/","menu_order":0,"post_type":"autor","post_mime_type":"","comment_count":"0","filter":"raw"},{"ID":401796,"post_author":"3","post_date":"2023-02-27 05:54:20","post_date_gmt":"2023-02-27 04:54:20","post_content":"","post_title":"HER","post_excerpt":"","post_status":"publish","comment_status":"closed","ping_status":"closed","post_password":"","post_name":"her","to_ping":"","pinged":"","post_modified":"2023-02-27 05:54:20","post_modified_gmt":"2023-02-27 04:54:20","post_content_filtered":"","post_parent":0,"guid":"https:\/\/www.claret.cat\/autor\/her\/","menu_order":0,"post_type":"autor","post_mime_type":"","comment_count":"0","filter":"raw"}]},"aioseo_notices":[],"_links":{"self":[{"href":"https:\/\/www.claret.cat\/es\/wp-json\/wp\/v2\/product\/401797","targetHints":{"allow":["GET"]}}],"collection":[{"href":"https:\/\/www.claret.cat\/es\/wp-json\/wp\/v2\/product"}],"about":[{"href":"https:\/\/www.claret.cat\/es\/wp-json\/wp\/v2\/types\/product"}],"wp:featuredmedia":[{"embeddable":true,"href":"https:\/\/www.claret.cat\/es\/wp-json\/wp\/v2\/media\/401798"}],"wp:attachment":[{"href":"https:\/\/www.claret.cat\/es\/wp-json\/wp\/v2\/media?parent=401797"}],"wp:term":[{"taxonomy":"product_brand","embeddable":true,"href":"https:\/\/www.claret.cat\/es\/wp-json\/wp\/v2\/product_brand?post=401797"},{"taxonomy":"product_cat","embeddable":true,"href":"https:\/\/www.claret.cat\/es\/wp-json\/wp\/v2\/product_cat?post=401797"},{"taxonomy":"product_tag","embeddable":true,"href":"https:\/\/www.claret.cat\/es\/wp-json\/wp\/v2\/product_tag?post=401797"}],"curies":[{"name":"wp","href":"https:\/\/api.w.org\/{rel}","templated":true}]}}