{"id":401801,"date":"2023-02-27T05:54:34","date_gmt":"2023-02-27T04:54:34","guid":{"rendered":"https:\/\/www.claret.cat\/llibre\/pack-p4-la-festa-de-la-tardor-les-set-cabretes-i-el-llop-9788466133326\/"},"modified":"2023-02-27T05:54:39","modified_gmt":"2023-02-27T04:54:39","slug":"pack-p4-la-festa-de-la-tardor-les-set-cabretes-i-el-llop-9788466133326","status":"publish","type":"product","link":"https:\/\/www.claret.cat\/es\/libro\/pack-p4-la-festa-de-la-tardor-les-set-cabretes-i-el-llop-9788466133326\/","title":{"rendered":"PACK P4: LA FESTA DE LA TARDOR + LES SET CABRETES I EL LLOP"},"content":{"rendered":"<p>Les set cabretes i el llop Les cabretes es queden soles a casa i la mare els ha dit que no obrin la porta a ning\u00fa. Per\u00f2 el llop, que t\u00e9 molta gana, les enreda perqu\u00e8 el deixin entrar&#8230; La festa de la tardor La Rita est\u00e0 molt contenta perqu\u00e8 s&#8217;acosta la festa de la tardor i va al bosc a buscar fruits salvatges per fer una melmelada. Per\u00f2 quan troba els fruits m\u00e9s dol\u00e7os del bosc, s&#8217;adona que estan tan amunt que no hi arriba. Sort que els seus amics l&#8217;ajuden!<\/p>\n","protected":false},"excerpt":{"rendered":"<p>GRIMM, JACOB \/ GRIMM, WIL<\/p>\n","protected":false},"featured_media":401802,"template":"","meta":{"_acf_changed":false,"om_disable_all_campaigns":false,"rs_blank_template":"","rs_page_bg_color":"","slide_template_v7":"","inline_featured_image":false,"_monsterinsights_skip_tracking":false,"_monsterinsights_sitenote_active":false,"_monsterinsights_sitenote_note":"","_monsterinsights_sitenote_category":0},"product_brand":[],"product_cat":[90,540],"product_tag":[],"class_list":{"0":"post-401801","1":"product","2":"type-product","3":"status-publish","4":"has-post-thumbnail","6":"product_cat-altres","7":"product_cat-otros","9":"first","10":"instock","11":"taxable","12":"shipping-taxable","13":"purchasable","14":"product-type-simple"},"acf":{"autor":"GRIMM, JACOB \/ GRIMM, WIL","codart":"846613332","libros-coleccion":"","ediciones":"1","encuadernacion":"Carton\u00e9","fecha_de_publicacion":"26\/09\/2013","novedad":"0","paginas":"0","subtitulo":"","orden":"999","portada":"0","idioma":"cat","editorial":[{"ID":147680,"post_author":"3","post_date":"2022-10-14 11:52:25","post_date_gmt":"2022-10-14 09:52:25","post_content":"","post_title":"CRUILLA, EDITORIAL","post_excerpt":"","post_status":"publish","comment_status":"closed","ping_status":"closed","post_password":"","post_name":"cruilla-editorial","to_ping":"","pinged":"","post_modified":"2022-10-14 11:52:25","post_modified_gmt":"2022-10-14 09:52:25","post_content_filtered":"","post_parent":0,"guid":"http:\/\/dev.claret.cat\/editorial\/cruilla-editorial\/","menu_order":0,"post_type":"editorial","post_mime_type":"","comment_count":"0","filter":"raw"}],"autores-libros":[{"ID":158298,"post_author":"3","post_date":"2022-10-14 15:35:44","post_date_gmt":"2022-10-14 13:35:44","post_content":"","post_title":"JACOB GRIMM","post_excerpt":"","post_status":"publish","comment_status":"closed","ping_status":"closed","post_password":"","post_name":"jacob-grimm","to_ping":"","pinged":"","post_modified":"2022-10-14 15:35:44","post_modified_gmt":"2022-10-14 13:35:44","post_content_filtered":"","post_parent":0,"guid":"http:\/\/dev.claret.cat\/autor\/jacob-grimm\/","menu_order":0,"post_type":"autor","post_mime_type":"","comment_count":"0","filter":"raw"},{"ID":401800,"post_author":"3","post_date":"2023-02-27 05:54:32","post_date_gmt":"2023-02-27 04:54:32","post_content":"","post_title":"WIL GRIMM","post_excerpt":"","post_status":"publish","comment_status":"closed","ping_status":"closed","post_password":"","post_name":"wil-grimm","to_ping":"","pinged":"","post_modified":"2023-02-27 05:54:32","post_modified_gmt":"2023-02-27 04:54:32","post_content_filtered":"","post_parent":0,"guid":"https:\/\/www.claret.cat\/autor\/wil-grimm\/","menu_order":0,"post_type":"autor","post_mime_type":"","comment_count":"0","filter":"raw"}]},"aioseo_notices":[],"_links":{"self":[{"href":"https:\/\/www.claret.cat\/es\/wp-json\/wp\/v2\/product\/401801","targetHints":{"allow":["GET"]}}],"collection":[{"href":"https:\/\/www.claret.cat\/es\/wp-json\/wp\/v2\/product"}],"about":[{"href":"https:\/\/www.claret.cat\/es\/wp-json\/wp\/v2\/types\/product"}],"wp:featuredmedia":[{"embeddable":true,"href":"https:\/\/www.claret.cat\/es\/wp-json\/wp\/v2\/media\/401802"}],"wp:attachment":[{"href":"https:\/\/www.claret.cat\/es\/wp-json\/wp\/v2\/media?parent=401801"}],"wp:term":[{"taxonomy":"product_brand","embeddable":true,"href":"https:\/\/www.claret.cat\/es\/wp-json\/wp\/v2\/product_brand?post=401801"},{"taxonomy":"product_cat","embeddable":true,"href":"https:\/\/www.claret.cat\/es\/wp-json\/wp\/v2\/product_cat?post=401801"},{"taxonomy":"product_tag","embeddable":true,"href":"https:\/\/www.claret.cat\/es\/wp-json\/wp\/v2\/product_tag?post=401801"}],"curies":[{"name":"wp","href":"https:\/\/api.w.org\/{rel}","templated":true}]}}