{"id":401811,"date":"2023-02-27T05:55:12","date_gmt":"2023-02-27T04:55:12","guid":{"rendered":"https:\/\/www.claret.cat\/llibre\/la-rinxols-dor-9788466133562\/"},"modified":"2023-02-27T05:55:15","modified_gmt":"2023-02-27T04:55:15","slug":"la-rinxols-dor-9788466133562","status":"publish","type":"product","link":"https:\/\/www.claret.cat\/es\/libro\/la-rinxols-dor-9788466133562\/","title":{"rendered":"LA R\u00cdNXOLS D&#8217;OR"},"content":{"rendered":"<p>Tot passejant pel bosc, la R\u00ednxols d&#8217;Or troba una caseta i, com que \u00e9s molt tafanera, hi entra a veure qu\u00e8 hi ha. Un cop a dins, va de sorpresa en sorpresa i al final, de tan cansada, s&#8217;adorm. Fins que&#8230;<\/p>\n","protected":false},"excerpt":{"rendered":"<p>QUERALT MORERA, MARTA<\/p>\n","protected":false},"featured_media":0,"template":"","meta":{"_acf_changed":false,"om_disable_all_campaigns":false,"rs_blank_template":"","rs_page_bg_color":"","slide_template_v7":"","inline_featured_image":false,"_monsterinsights_skip_tracking":false,"_monsterinsights_sitenote_active":false,"_monsterinsights_sitenote_note":"","_monsterinsights_sitenote_category":0},"product_brand":[],"product_cat":[90,540],"product_tag":[],"class_list":{"0":"post-401811","1":"product","2":"type-product","3":"status-publish","5":"product_cat-altres","6":"product_cat-otros","8":"first","9":"instock","10":"taxable","11":"shipping-taxable","12":"purchasable","13":"product-type-simple"},"acf":{"autor":"QUERALT MORERA, MARTA","codart":"846613356","libros-coleccion":"","ediciones":"1","encuadernacion":"R\u00fastica","fecha_de_publicacion":"01\/03\/2014","novedad":"0","paginas":"16","subtitulo":"","orden":"999","portada":"0","idioma":"cat","editorial":[{"ID":147680,"post_author":"3","post_date":"2022-10-14 11:52:25","post_date_gmt":"2022-10-14 09:52:25","post_content":"","post_title":"CRUILLA, EDITORIAL","post_excerpt":"","post_status":"publish","comment_status":"closed","ping_status":"closed","post_password":"","post_name":"cruilla-editorial","to_ping":"","pinged":"","post_modified":"2022-10-14 11:52:25","post_modified_gmt":"2022-10-14 09:52:25","post_content_filtered":"","post_parent":0,"guid":"http:\/\/dev.claret.cat\/editorial\/cruilla-editorial\/","menu_order":0,"post_type":"editorial","post_mime_type":"","comment_count":"0","filter":"raw"}],"autores-libros":[{"ID":401810,"post_author":"3","post_date":"2023-02-27 05:55:10","post_date_gmt":"2023-02-27 04:55:10","post_content":"","post_title":"MARTA QUERALT MORERA","post_excerpt":"","post_status":"publish","comment_status":"closed","ping_status":"closed","post_password":"","post_name":"marta-queralt-morera","to_ping":"","pinged":"","post_modified":"2023-02-27 05:55:10","post_modified_gmt":"2023-02-27 04:55:10","post_content_filtered":"","post_parent":0,"guid":"https:\/\/www.claret.cat\/autor\/marta-queralt-morera\/","menu_order":0,"post_type":"autor","post_mime_type":"","comment_count":"0","filter":"raw"}]},"aioseo_notices":[],"_links":{"self":[{"href":"https:\/\/www.claret.cat\/es\/wp-json\/wp\/v2\/product\/401811","targetHints":{"allow":["GET"]}}],"collection":[{"href":"https:\/\/www.claret.cat\/es\/wp-json\/wp\/v2\/product"}],"about":[{"href":"https:\/\/www.claret.cat\/es\/wp-json\/wp\/v2\/types\/product"}],"wp:attachment":[{"href":"https:\/\/www.claret.cat\/es\/wp-json\/wp\/v2\/media?parent=401811"}],"wp:term":[{"taxonomy":"product_brand","embeddable":true,"href":"https:\/\/www.claret.cat\/es\/wp-json\/wp\/v2\/product_brand?post=401811"},{"taxonomy":"product_cat","embeddable":true,"href":"https:\/\/www.claret.cat\/es\/wp-json\/wp\/v2\/product_cat?post=401811"},{"taxonomy":"product_tag","embeddable":true,"href":"https:\/\/www.claret.cat\/es\/wp-json\/wp\/v2\/product_tag?post=401811"}],"curies":[{"name":"wp","href":"https:\/\/api.w.org\/{rel}","templated":true}]}}