{"id":40188,"date":"2022-10-02T19:19:55","date_gmt":"2022-10-02T17:19:55","guid":{"rendered":"http:\/\/dev.claret.cat\/producte\/pop-up-donde-esta-en-el-mar\/"},"modified":"2023-10-06T10:23:40","modified_gmt":"2023-10-06T08:23:40","slug":"popup-donde-esta-en-el-mar-9788469664568","status":"publish","type":"product","link":"https:\/\/www.claret.cat\/es\/libro\/popup-donde-esta-en-el-mar-9788469664568\/","title":{"rendered":"POP-UP. \u00bfD\u00d3NDE EST\u00c1? EN EL MAR"},"content":{"rendered":"<p>Busca a Rayitas y sus incre\u00edbles amigos marinos bajo las solapas de este libro. \u00a1Lev\u00e1ntalas todas y divi\u00e9rtete una y otra vez! Un libro lleno de sorpresas y llamativos pop-ups que fomentan la interacci\u00f3n, el lenguaje, la memoria y la imaginaci\u00f3n, para que los ni\u00f1os aprendan jugando.<\/p>\n","protected":false},"excerpt":{"rendered":"<p>LLOYD, CLARE<\/p>\n","protected":false},"featured_media":56771,"template":"","meta":{"_acf_changed":false,"om_disable_all_campaigns":false,"rs_blank_template":"","rs_page_bg_color":"","slide_template_v7":"","inline_featured_image":false,"_monsterinsights_skip_tracking":false,"_monsterinsights_sitenote_active":false,"_monsterinsights_sitenote_note":"","_monsterinsights_sitenote_category":0},"product_brand":[],"product_cat":[361],"product_tag":[],"class_list":{"0":"post-40188","1":"product","2":"type-product","3":"status-publish","4":"has-post-thumbnail","6":"product_cat-cuentos-para-ninos-0-6-anos","8":"first","9":"instock","10":"taxable","11":"shipping-taxable","12":"purchasable","13":"product-type-simple"},"acf":{"autor":"LLOYD, CLARE","codart":"846966456","libros-coleccion":"FORA DE COL.LECCI\u00d3","ediciones":"1","encuadernacion":"Carton\u00e9","fecha_de_publicacion":"01\/03\/2022","novedad":"1","paginas":"12","subtitulo":"","orden":"0","portada":"0","idioma":"spa","editorial":[{"ID":147936,"post_author":"3","post_date":"2022-10-14 11:54:22","post_date_gmt":"2022-10-14 09:54:22","post_content":"","post_title":"Editorial Bru\u00f1o","post_excerpt":"","post_status":"publish","comment_status":"closed","ping_status":"closed","post_password":"","post_name":"editorial-bruno","to_ping":"","pinged":"","post_modified":"2022-10-14 11:54:22","post_modified_gmt":"2022-10-14 09:54:22","post_content_filtered":"","post_parent":0,"guid":"http:\/\/dev.claret.cat\/editorial\/editorial-bruno\/","menu_order":0,"post_type":"editorial","post_mime_type":"","comment_count":"0","filter":"raw"}],"autores-libros":[{"ID":153056,"post_author":"3","post_date":"2022-10-14 14:53:43","post_date_gmt":"2022-10-14 12:53:43","post_content":"","post_title":"CLARE LLOYD","post_excerpt":"","post_status":"publish","comment_status":"closed","ping_status":"closed","post_password":"","post_name":"clare-lloyd","to_ping":"","pinged":"","post_modified":"2022-10-14 14:53:43","post_modified_gmt":"2022-10-14 12:53:43","post_content_filtered":"","post_parent":0,"guid":"http:\/\/dev.claret.cat\/autor\/clare-lloyd\/","menu_order":0,"post_type":"autor","post_mime_type":"","comment_count":"0","filter":"raw"}]},"aioseo_notices":[],"_links":{"self":[{"href":"https:\/\/www.claret.cat\/es\/wp-json\/wp\/v2\/product\/40188","targetHints":{"allow":["GET"]}}],"collection":[{"href":"https:\/\/www.claret.cat\/es\/wp-json\/wp\/v2\/product"}],"about":[{"href":"https:\/\/www.claret.cat\/es\/wp-json\/wp\/v2\/types\/product"}],"wp:featuredmedia":[{"embeddable":true,"href":"https:\/\/www.claret.cat\/es\/wp-json\/wp\/v2\/media\/56771"}],"wp:attachment":[{"href":"https:\/\/www.claret.cat\/es\/wp-json\/wp\/v2\/media?parent=40188"}],"wp:term":[{"taxonomy":"product_brand","embeddable":true,"href":"https:\/\/www.claret.cat\/es\/wp-json\/wp\/v2\/product_brand?post=40188"},{"taxonomy":"product_cat","embeddable":true,"href":"https:\/\/www.claret.cat\/es\/wp-json\/wp\/v2\/product_cat?post=40188"},{"taxonomy":"product_tag","embeddable":true,"href":"https:\/\/www.claret.cat\/es\/wp-json\/wp\/v2\/product_tag?post=40188"}],"curies":[{"name":"wp","href":"https:\/\/api.w.org\/{rel}","templated":true}]}}