{"id":401901,"date":"2023-02-27T06:00:54","date_gmt":"2023-02-27T05:00:54","guid":{"rendered":"https:\/\/www.claret.cat\/llibre\/el-castell-del-doctor-franchini-9788466140171\/"},"modified":"2026-01-20T16:30:37","modified_gmt":"2026-01-20T15:30:37","slug":"el-castell-del-doctor-franchini-9788466140171","status":"publish","type":"product","link":"https:\/\/www.claret.cat\/es\/libro\/el-castell-del-doctor-franchini-9788466140171\/","title":{"rendered":"EL CASTELL DEL DOCTOR FRANCHINI"},"content":{"rendered":"<p>El Guillem i la seva colla d&#8217;amics, la Laia, el Manel i el Javier, decideixen entrar al castell del doctor Franchini, un casalot que hi ha als afores del poble on diuen que hi passen coses estranyes. A dins, per\u00f2, en lloc d&#8217;un fantasma, el Guillem descobreix el Mamadou, un noi de Maurit\u00e0nia que busca el seu germ\u00e0 petit, el Moussa, que fa dos anys que se&#8217;n va anar de casa els pares. El Guillem el vol ajudar, i entre tota la colla s&#8217;empesquen un pla per mirar de localitzar el Moussa.<\/p>\n","protected":false},"excerpt":{"rendered":"<p>OLIV\u00c1N SIBAT, LLU\u00cdS<\/p>\n","protected":false},"featured_media":1075158,"template":"","meta":{"_acf_changed":false,"om_disable_all_campaigns":false,"rs_blank_template":"","rs_page_bg_color":"","slide_template_v7":"","inline_featured_image":false,"_monsterinsights_skip_tracking":false,"_monsterinsights_sitenote_active":false,"_monsterinsights_sitenote_note":"","_monsterinsights_sitenote_category":0},"product_brand":[],"product_cat":[86,352],"product_tag":[],"class_list":{"0":"post-401901","1":"product","2":"type-product","3":"status-publish","4":"has-post-thumbnail","6":"product_cat-infantil","7":"product_cat-infantil-3_infantil-juvenil-spa","9":"first","10":"instock","11":"taxable","12":"shipping-taxable","13":"purchasable","14":"product-type-simple"},"acf":{"autor":"OLIV\u00c1N SIBAT, LLU\u00cdS","codart":"846614017","libros-coleccion":"El Barco de Vapor Naranja","ediciones":"1","encuadernacion":"R\u00fastica","fecha_de_publicacion":"01\/03\/2016","novedad":"1","paginas":"118","subtitulo":"","orden":"0","portada":"0","idioma":"cat","editorial":[{"ID":147679,"post_author":"3","post_date":"2022-10-14 11:52:25","post_date_gmt":"2022-10-14 09:52:25","post_content":"","post_title":"CRUILLA \/SM-EDICIONS -VALENCIANO\/CATALAN","post_excerpt":"","post_status":"publish","comment_status":"closed","ping_status":"closed","post_password":"","post_name":"cruilla-sm-edicions-valenciano-catalan","to_ping":"","pinged":"","post_modified":"2022-10-14 11:52:25","post_modified_gmt":"2022-10-14 09:52:25","post_content_filtered":"","post_parent":0,"guid":"http:\/\/dev.claret.cat\/editorial\/cruilla-sm-edicions-valenciano-catalan\/","menu_order":0,"post_type":"editorial","post_mime_type":"","comment_count":"0","filter":"raw"}],"autores-libros":[{"ID":401900,"post_author":"3","post_date":"2023-02-27 06:00:52","post_date_gmt":"2023-02-27 05:00:52","post_content":"","post_title":"LLU\u00cdS OLIV\u00c1N SIBAT","post_excerpt":"","post_status":"publish","comment_status":"closed","ping_status":"closed","post_password":"","post_name":"lluis-olivan-sibat","to_ping":"","pinged":"","post_modified":"2023-02-27 06:00:52","post_modified_gmt":"2023-02-27 05:00:52","post_content_filtered":"","post_parent":0,"guid":"https:\/\/www.claret.cat\/autor\/lluis-olivan-sibat\/","menu_order":0,"post_type":"autor","post_mime_type":"","comment_count":"0","filter":"raw"}],"booktrailer":"","resenas":""},"aioseo_notices":[],"_links":{"self":[{"href":"https:\/\/www.claret.cat\/es\/wp-json\/wp\/v2\/product\/401901","targetHints":{"allow":["GET"]}}],"collection":[{"href":"https:\/\/www.claret.cat\/es\/wp-json\/wp\/v2\/product"}],"about":[{"href":"https:\/\/www.claret.cat\/es\/wp-json\/wp\/v2\/types\/product"}],"wp:featuredmedia":[{"embeddable":true,"href":"https:\/\/www.claret.cat\/es\/wp-json\/wp\/v2\/media\/1075158"}],"wp:attachment":[{"href":"https:\/\/www.claret.cat\/es\/wp-json\/wp\/v2\/media?parent=401901"}],"wp:term":[{"taxonomy":"product_brand","embeddable":true,"href":"https:\/\/www.claret.cat\/es\/wp-json\/wp\/v2\/product_brand?post=401901"},{"taxonomy":"product_cat","embeddable":true,"href":"https:\/\/www.claret.cat\/es\/wp-json\/wp\/v2\/product_cat?post=401901"},{"taxonomy":"product_tag","embeddable":true,"href":"https:\/\/www.claret.cat\/es\/wp-json\/wp\/v2\/product_tag?post=401901"}],"curies":[{"name":"wp","href":"https:\/\/api.w.org\/{rel}","templated":true}]}}