{"id":401996,"date":"2023-02-27T06:06:38","date_gmt":"2023-02-27T05:06:38","guid":{"rendered":"https:\/\/www.claret.cat\/llibre\/la-memoria-de-la-lavanda-9788466346436\/"},"modified":"2023-02-27T06:06:44","modified_gmt":"2023-02-27T05:06:44","slug":"la-memoria-de-la-lavanda-9788466346436","status":"publish","type":"product","link":"https:\/\/www.claret.cat\/es\/libro\/la-memoria-de-la-lavanda-9788466346436\/","title":{"rendered":"LA MEMORIA DE LA LAVANDA"},"content":{"rendered":"<p>Reyes Monforte, autora de Un burka por amor y Una pasi\u00f3n rusa, regresa con una gran novela sobre la p\u00e9rdida, el duelo, el amor  y la esperanza. \u00abMor\u00ed un 3 de mayo. Ese d\u00eda dej\u00e9 de respirar, de sentir, de o\u00edr, de  pensar, de re\u00edr. Lo mejor que te puede pasar en la vida es amar y ser  amado. Y perder esa sensaci\u00f3n es mucho m\u00e1s doloroso que no tenerla nunca.\u00bb Dos meses despu\u00e9s de la muerte de Jonas, Lena, fot\u00f3grafa profesional,  re\u00fane el valor necesario para cumplir la \u00faltima voluntad de su marido:  esparcir sus cenizas en los campos de lavanda del coraz\u00f3n de la  Alcarria. All\u00ed se re\u00fane con el grupo de amigos de Jonas, entre ellos  Daniel, su primo hermano, un sacerdote con el que comparte los  sentimientos de amor y p\u00e9rdida, y que guarda para s\u00ed muchos silencios. Sin embargo, igual que se heredan los afectos, se heredan tambi\u00e9n los  odios. Lena deber\u00e1 lidiar con la presencia amenazante de su cu\u00f1ado  Marco, un hombre envidioso y mezquino que no est\u00e1 dispuesto a respetar  su duelo. Coincidiendo con el Festival de la Lavanda, recordar\u00e1 su  historia de amor con Jonas y todo lo que se llev\u00f3 consigo, reforzar\u00e1  lazos de amistad y desvelar\u00e1 secretos familiares escondidos durante demasiado tiempo. La cr\u00edtica ha dicho&#8230;<br \/>\u00abPese a la continua y acertada tensi\u00f3n que nos hace regresar a nuestras  propias lesiones, su lectura, tan intimista, est\u00e1 dominada por una  celebraci\u00f3n de la vida, aunque flote durante toda la historia el  pensamiento m\u00e1gico de lo que pudiera no haber sucedido. [&#8230;] La autora  logra contar desde las entra\u00f1as lo mil veces narrado de forma tan  primitiva e \u00edntima como su propio da\u00f1o con una estructura altamente  cinematogr\u00e1fica, tan hiriente como bals\u00e1mica. Y acierta de pleno.\u00bb<br \/>\u00c1ngeles Lopez, La Raz\u00f3n En los blogs&#8230;<br \/>\u00abLa memoria de la lavanda es un cuaderno de bit\u00e1cora para  atravesar el duelo, que nos acerca unos a otros, que nos despoja de  banalidades, que nos humaniza y nos iguala. He salido de este viaje a  T\u00e1rmino con ganas de visitar los campos de lavanda y hacerle una visita  a Jonas y as\u00ed decirle que yo, al igual que Lena, nunca lo olvidar\u00e9.\u00bb<br \/>Blog Lectur\u00e1polis<\/p>\n","protected":false},"excerpt":{"rendered":"<p>MONFORTE, REYES<\/p>\n","protected":false},"featured_media":401997,"template":"","meta":{"_acf_changed":false,"om_disable_all_campaigns":false,"rs_blank_template":"","rs_page_bg_color":"","slide_template_v7":"","inline_featured_image":false,"_monsterinsights_skip_tracking":false,"_monsterinsights_sitenote_active":false,"_monsterinsights_sitenote_note":"","_monsterinsights_sitenote_category":0},"product_brand":[],"product_cat":[87,353],"product_tag":[],"class_list":{"0":"post-401996","1":"product","2":"type-product","3":"status-publish","4":"has-post-thumbnail","6":"product_cat-literatura","7":"product_cat-literatura-2_humanidades","9":"first","10":"instock","11":"taxable","12":"shipping-taxable","13":"purchasable","14":"product-type-simple"},"acf":{"autor":"MONFORTE, REYES","codart":"846634643","libros-coleccion":"BEST SELLER","ediciones":"1","encuadernacion":"R\u00fastica","fecha_de_publicacion":"01\/06\/2019","novedad":"1","paginas":"427","subtitulo":"","orden":"0","portada":"0","idioma":"spa","editorial":[{"ID":6178,"post_author":"3","post_date":"2022-07-28 17:46:34","post_date_gmt":"2022-07-28 15:46:34","post_content":"","post_title":"DEBOLSILLO","post_excerpt":"","post_status":"publish","comment_status":"closed","ping_status":"closed","post_password":"","post_name":"debolsillo","to_ping":"","pinged":"","post_modified":"2022-07-28 17:46:34","post_modified_gmt":"2022-07-28 15:46:34","post_content_filtered":"","post_parent":0,"guid":"http:\/\/dev.claret.cat\/editorial\/debolsillo\/","menu_order":0,"post_type":"editorial","post_mime_type":"","comment_count":"0","filter":"raw"}],"autores-libros":[{"ID":5976,"post_author":"3","post_date":"2022-07-28 17:35:31","post_date_gmt":"2022-07-28 15:35:31","post_content":"","post_title":"REYES MONFORTE","post_excerpt":"","post_status":"publish","comment_status":"closed","ping_status":"closed","post_password":"","post_name":"reyes-monforte","to_ping":"","pinged":"","post_modified":"2022-07-28 17:35:31","post_modified_gmt":"2022-07-28 15:35:31","post_content_filtered":"","post_parent":0,"guid":"http:\/\/dev.claret.cat\/autor\/reyes-monforte\/","menu_order":0,"post_type":"autor","post_mime_type":"","comment_count":"0","filter":"raw"}]},"aioseo_notices":[],"_links":{"self":[{"href":"https:\/\/www.claret.cat\/es\/wp-json\/wp\/v2\/product\/401996","targetHints":{"allow":["GET"]}}],"collection":[{"href":"https:\/\/www.claret.cat\/es\/wp-json\/wp\/v2\/product"}],"about":[{"href":"https:\/\/www.claret.cat\/es\/wp-json\/wp\/v2\/types\/product"}],"wp:featuredmedia":[{"embeddable":true,"href":"https:\/\/www.claret.cat\/es\/wp-json\/wp\/v2\/media\/401997"}],"wp:attachment":[{"href":"https:\/\/www.claret.cat\/es\/wp-json\/wp\/v2\/media?parent=401996"}],"wp:term":[{"taxonomy":"product_brand","embeddable":true,"href":"https:\/\/www.claret.cat\/es\/wp-json\/wp\/v2\/product_brand?post=401996"},{"taxonomy":"product_cat","embeddable":true,"href":"https:\/\/www.claret.cat\/es\/wp-json\/wp\/v2\/product_cat?post=401996"},{"taxonomy":"product_tag","embeddable":true,"href":"https:\/\/www.claret.cat\/es\/wp-json\/wp\/v2\/product_tag?post=401996"}],"curies":[{"name":"wp","href":"https:\/\/api.w.org\/{rel}","templated":true}]}}