{"id":402005,"date":"2023-02-27T06:07:11","date_gmt":"2023-02-27T05:07:11","guid":{"rendered":"https:\/\/www.claret.cat\/llibre\/it-9788466347921\/"},"modified":"2023-02-27T06:07:17","modified_gmt":"2023-02-27T05:07:17","slug":"it-9788466347921","status":"publish","type":"product","link":"https:\/\/www.claret.cat\/es\/libro\/it-9788466347921\/","title":{"rendered":"IT"},"content":{"rendered":"<p>\u00bfQui\u00e9n o qu\u00e9 mutila y mata a los ni\u00f1os de un peque\u00f1o pueblo norteamericano?<br \/>\u00bfPor qu\u00e9 llega c\u00edclicamente el horror a Derry en forma de un payaso siniestro que va sembrando la destrucci\u00f3n a su paso? Esto es lo que se proponen averiguar los protagonistas de esta novela. Tras veintisiete a\u00f1os de tranquilidad y lejan\u00eda, una antigua promesa infantil les hace volver al lugar en el que vivieron su infancia y juventud como una terrible pesadilla. Regresan a Derry para enfrentarse con su pasado y enterrar definitivamente la amenaza que los amarg\u00f3 durante su ni\u00f1ez. Saben que pueden morir, pero son conscientes de que no conocer\u00e1n la paz hasta que aquella cosa sea destruida para siempre. It es una de las novelas m\u00e1s ambiciosas de Stephen King, con la que ha logrado perfeccionar de un modo muy personal las claves del g\u00e9nero de terror.<\/p>\n","protected":false},"excerpt":{"rendered":"<p>KING, STEPHEN<\/p>\n","protected":false},"featured_media":402006,"template":"","meta":{"_acf_changed":false,"om_disable_all_campaigns":false,"rs_blank_template":"","rs_page_bg_color":"","slide_template_v7":"","inline_featured_image":false,"_monsterinsights_skip_tracking":false,"_monsterinsights_sitenote_active":false,"_monsterinsights_sitenote_note":"","_monsterinsights_sitenote_category":0},"product_brand":[],"product_cat":[87,353],"product_tag":[],"class_list":{"0":"post-402005","1":"product","2":"type-product","3":"status-publish","4":"has-post-thumbnail","6":"product_cat-literatura","7":"product_cat-literatura-2_humanidades","9":"first","10":"instock","11":"taxable","12":"shipping-taxable","13":"purchasable","14":"product-type-simple"},"acf":{"autor":"KING, STEPHEN","codart":"846634792","libros-coleccion":"","ediciones":"1","encuadernacion":"R\u00fastica","fecha_de_publicacion":"01\/06\/2019","novedad":"1","paginas":"1501","subtitulo":"","orden":"0","portada":"0","idioma":"spa","editorial":[{"ID":6178,"post_author":"3","post_date":"2022-07-28 17:46:34","post_date_gmt":"2022-07-28 15:46:34","post_content":"","post_title":"DEBOLSILLO","post_excerpt":"","post_status":"publish","comment_status":"closed","ping_status":"closed","post_password":"","post_name":"debolsillo","to_ping":"","pinged":"","post_modified":"2022-07-28 17:46:34","post_modified_gmt":"2022-07-28 15:46:34","post_content_filtered":"","post_parent":0,"guid":"http:\/\/dev.claret.cat\/editorial\/debolsillo\/","menu_order":0,"post_type":"editorial","post_mime_type":"","comment_count":"0","filter":"raw"}],"autores-libros":[{"ID":6044,"post_author":"3","post_date":"2022-07-28 17:36:57","post_date_gmt":"2022-07-28 15:36:57","post_content":"","post_title":"STEPHEN KING","post_excerpt":"","post_status":"publish","comment_status":"closed","ping_status":"closed","post_password":"","post_name":"stephen-king","to_ping":"","pinged":"","post_modified":"2022-07-28 17:36:57","post_modified_gmt":"2022-07-28 15:36:57","post_content_filtered":"","post_parent":0,"guid":"http:\/\/dev.claret.cat\/autor\/stephen-king\/","menu_order":0,"post_type":"autor","post_mime_type":"","comment_count":"0","filter":"raw"}]},"aioseo_notices":[],"_links":{"self":[{"href":"https:\/\/www.claret.cat\/es\/wp-json\/wp\/v2\/product\/402005","targetHints":{"allow":["GET"]}}],"collection":[{"href":"https:\/\/www.claret.cat\/es\/wp-json\/wp\/v2\/product"}],"about":[{"href":"https:\/\/www.claret.cat\/es\/wp-json\/wp\/v2\/types\/product"}],"wp:featuredmedia":[{"embeddable":true,"href":"https:\/\/www.claret.cat\/es\/wp-json\/wp\/v2\/media\/402006"}],"wp:attachment":[{"href":"https:\/\/www.claret.cat\/es\/wp-json\/wp\/v2\/media?parent=402005"}],"wp:term":[{"taxonomy":"product_brand","embeddable":true,"href":"https:\/\/www.claret.cat\/es\/wp-json\/wp\/v2\/product_brand?post=402005"},{"taxonomy":"product_cat","embeddable":true,"href":"https:\/\/www.claret.cat\/es\/wp-json\/wp\/v2\/product_cat?post=402005"},{"taxonomy":"product_tag","embeddable":true,"href":"https:\/\/www.claret.cat\/es\/wp-json\/wp\/v2\/product_tag?post=402005"}],"curies":[{"name":"wp","href":"https:\/\/api.w.org\/{rel}","templated":true}]}}