{"id":402079,"date":"2023-02-27T06:11:41","date_gmt":"2023-02-27T05:11:41","guid":{"rendered":"https:\/\/www.claret.cat\/llibre\/cuina-amb-joan-roca-a-baixa-temperatura-9788466420655\/"},"modified":"2024-01-31T17:27:34","modified_gmt":"2024-01-31T16:27:34","slug":"cuina-amb-joan-roca-a-baixa-temperatura-9788466420655","status":"publish","type":"product","link":"https:\/\/www.claret.cat\/es\/libro\/cuina-amb-joan-roca-a-baixa-temperatura-9788466420655\/","title":{"rendered":"CUINA AMB JOAN ROCA A BAIXA TEMPERATURA"},"content":{"rendered":"<p>&#8216;Aquesta obra us mostrar\u00e0 tot el que hem apr\u00e8s en la cuina d&#8217;El Celler de Can Roca, per\u00f2 tamb\u00e9 en les nostres respectives cuines familiars, amb la intenci\u00f3 d&#8217;ensenyar-vos diferents t\u00e8cniques que milloraran els vostres plats. Veurem que la baixa temperatura ja es practica des de fa milers d&#8217;anys i que b\u00e0sicament la novetat del desenvolupament tecnol\u00f2gic \u00e9s el control i la precisi\u00f3, amb la qu\u00e8 podem cuinar avui dia. Per\u00f2 al final, del que es tracta quan cuinem \u00e9s de gaudir de les bondats de transmetre coneixement, valors i afecte. Cuinant podem descobrir la nostra cultura i el m\u00f3n sencer, podem desafiar els sentits, fer volar la imaginaci\u00f3 o vincular-nos una miqueta m\u00e9s a la nostra terra, som capa\u00e7os d&#8217;expressar gratitud i de dedicar temps als nostres \u00e9ssers estimats. Tot aix\u00f2 \u00e9s el que m\u00e9s compta. Us animo a descobrir un conjunt de t\u00e8cniques que sens dubte us ajudaran a aconseguir resultats millors en les vostres cuines. Espero que gaudiu de l&#8221;aventura.&#8217;<\/p>\n","protected":false},"excerpt":{"rendered":"<p>ROCA, JOAN \/ BRUGU\u00c9S, SALVADOR<\/p>\n","protected":false},"featured_media":402080,"template":"","meta":{"_acf_changed":false,"om_disable_all_campaigns":false,"rs_blank_template":"","rs_page_bg_color":"","slide_template_v7":"","inline_featured_image":false,"_monsterinsights_skip_tracking":false,"_monsterinsights_sitenote_active":false,"_monsterinsights_sitenote_note":"","_monsterinsights_sitenote_category":0},"product_brand":[],"product_cat":[553,103],"product_tag":[],"class_list":{"0":"post-402079","1":"product","2":"type-product","3":"status-publish","4":"has-post-thumbnail","6":"product_cat-cocina","7":"product_cat-cuina","9":"first","10":"instock","11":"taxable","12":"shipping-taxable","13":"purchasable","14":"product-type-simple"},"acf":{"autor":"ROCA, JOAN \/ BRUGU\u00c9S, SALVADOR","codart":"846642065","libros-coleccion":"","ediciones":"1","encuadernacion":"Carton\u00e9","fecha_de_publicacion":"01\/03\/2016","novedad":"0","paginas":"350","subtitulo":"DESCOBREIX UNA FORMA DE CUINAR M\u00c9S SABROSA, M\u00c9S SALUDABLE","orden":"999","portada":"0","idioma":"cat","editorial":[{"ID":147644,"post_author":"3","post_date":"2022-10-14 11:52:09","post_date_gmt":"2022-10-14 09:52:09","post_content":"","post_title":"COLUMNA EDICIONS","post_excerpt":"","post_status":"publish","comment_status":"closed","ping_status":"closed","post_password":"","post_name":"columna-edicions","to_ping":"","pinged":"","post_modified":"2022-10-14 11:52:09","post_modified_gmt":"2022-10-14 09:52:09","post_content_filtered":"","post_parent":0,"guid":"http:\/\/dev.claret.cat\/editorial\/columna-edicions\/","menu_order":0,"post_type":"editorial","post_mime_type":"","comment_count":"0","filter":"raw"}],"autores-libros":[{"ID":168839,"post_author":"3","post_date":"2022-10-14 22:22:22","post_date_gmt":"2022-10-14 20:22:22","post_content":"","post_title":"SALVADOR BRUGU\u00c9S","post_excerpt":"","post_status":"publish","comment_status":"closed","ping_status":"closed","post_password":"","post_name":"salvador-brugues","to_ping":"","pinged":"","post_modified":"2022-10-14 22:22:22","post_modified_gmt":"2022-10-14 20:22:22","post_content_filtered":"","post_parent":0,"guid":"http:\/\/dev.claret.cat\/autor\/salvador-brugues\/","menu_order":0,"post_type":"autor","post_mime_type":"","comment_count":"0","filter":"raw"},{"ID":159410,"post_author":"3","post_date":"2022-10-14 15:44:37","post_date_gmt":"2022-10-14 13:44:37","post_content":"","post_title":"JOAN ROCA","post_excerpt":"","post_status":"publish","comment_status":"closed","ping_status":"closed","post_password":"","post_name":"joan-roca","to_ping":"","pinged":"","post_modified":"2022-10-14 15:44:37","post_modified_gmt":"2022-10-14 13:44:37","post_content_filtered":"","post_parent":0,"guid":"http:\/\/dev.claret.cat\/autor\/joan-roca\/","menu_order":0,"post_type":"autor","post_mime_type":"","comment_count":"0","filter":"raw"}]},"aioseo_notices":[],"_links":{"self":[{"href":"https:\/\/www.claret.cat\/es\/wp-json\/wp\/v2\/product\/402079","targetHints":{"allow":["GET"]}}],"collection":[{"href":"https:\/\/www.claret.cat\/es\/wp-json\/wp\/v2\/product"}],"about":[{"href":"https:\/\/www.claret.cat\/es\/wp-json\/wp\/v2\/types\/product"}],"wp:featuredmedia":[{"embeddable":true,"href":"https:\/\/www.claret.cat\/es\/wp-json\/wp\/v2\/media\/402080"}],"wp:attachment":[{"href":"https:\/\/www.claret.cat\/es\/wp-json\/wp\/v2\/media?parent=402079"}],"wp:term":[{"taxonomy":"product_brand","embeddable":true,"href":"https:\/\/www.claret.cat\/es\/wp-json\/wp\/v2\/product_brand?post=402079"},{"taxonomy":"product_cat","embeddable":true,"href":"https:\/\/www.claret.cat\/es\/wp-json\/wp\/v2\/product_cat?post=402079"},{"taxonomy":"product_tag","embeddable":true,"href":"https:\/\/www.claret.cat\/es\/wp-json\/wp\/v2\/product_tag?post=402079"}],"curies":[{"name":"wp","href":"https:\/\/api.w.org\/{rel}","templated":true}]}}