{"id":402214,"date":"2023-02-27T06:19:47","date_gmt":"2023-02-27T05:19:47","guid":{"rendered":"https:\/\/www.claret.cat\/llibre\/triple-focus-un-nuevo-acercamiento-a-la-educacion-9788466657952\/"},"modified":"2023-02-27T06:19:53","modified_gmt":"2023-02-27T05:19:53","slug":"triple-focus-un-nuevo-acercamiento-a-la-educacion-9788466657952","status":"publish","type":"product","link":"https:\/\/www.claret.cat\/es\/libro\/triple-focus-un-nuevo-acercamiento-a-la-educacion-9788466657952\/","title":{"rendered":"TRIPLE FOCUS. UN NUEVO ACERCAMIENTO A LA EDUCACI\u00d3N"},"content":{"rendered":"<p>En este nuevo libro, en la estela de El cerebro y la inteligencia emocional, Liderazgo y C\u00f3mo ser un l\u00edder, Daniel Goleman y Peter M. Senge ofrecen a los profesionales de la educaci\u00f3n, a los padres con hijos en edad escolar y a todo aquel relacionado con la pedagog\u00eda, la incorporaci\u00f3n de tres conjuntos de habilidades b\u00e1sicas de comprensi\u00f3n: el triple enfoque. As\u00ed mismo, los autores justifican estas competencias en la necesidad imperiosa de ayudar a los estudiantes a navegar en un mundo acelerado en el que el aumento de la distracci\u00f3n y la creciente interconexi\u00f3n son los principales problemas de dispersi\u00f3n de objetivos y m\u00e9todos.<br \/> Los puntos principales de este m\u00e9todo, las tres competencias sobre las que trabajar, son: la \u00abautoconciencia\u00bb o el enfoque en uno mismo, la \u00abempat\u00eda\u00bb o la compresi\u00f3n de las otras personas, y el \u00abpensamiento sist\u00e9mico\u00bb o la comprensi\u00f3n del mundo que nos rodea.<br \/> La intenci\u00f3n final de Triple Focus es que a partir de la asimilaci\u00f3n de estos conceptos como motores del sistema de estudio, los ni\u00f1os de hoy se conviertan en estudiantes m\u00e1s felices, m\u00e1s tranquilos y m\u00e1s maduros, con el prop\u00f3sito de alcanzar el \u00e9xito en sus vidas y contribuir a los cambios sociales vitales necesarios para afrontar el futuro inmediato.<\/p>\n","protected":false},"excerpt":{"rendered":"<p>GOLEMAN \/ SENGE<\/p>\n","protected":false},"featured_media":402215,"template":"","meta":{"_acf_changed":false,"om_disable_all_campaigns":false,"rs_blank_template":"","rs_page_bg_color":"","slide_template_v7":"","inline_featured_image":false,"_monsterinsights_skip_tracking":false,"_monsterinsights_sitenote_active":false,"_monsterinsights_sitenote_note":"","_monsterinsights_sitenote_category":0},"product_brand":[],"product_cat":[81,347],"product_tag":[],"class_list":{"0":"post-402214","1":"product","2":"type-product","3":"status-publish","4":"has-post-thumbnail","6":"product_cat-psicologia","7":"product_cat-psicologia-2_humanidades","9":"first","10":"instock","11":"taxable","12":"shipping-taxable","13":"purchasable","14":"product-type-simple"},"acf":{"autor":"GOLEMAN \/ SENGE","codart":"846665795","libros-coleccion":"","ediciones":"1","encuadernacion":"R\u00fastica","fecha_de_publicacion":"01\/03\/2016","novedad":"0","paginas":"97","subtitulo":"","orden":"999","portada":"0","idioma":"spa","editorial":[{"ID":147506,"post_author":"3","post_date":"2022-10-14 11:51:06","post_date_gmt":"2022-10-14 09:51:06","post_content":"","post_title":"B EDICIONES","post_excerpt":"","post_status":"publish","comment_status":"closed","ping_status":"closed","post_password":"","post_name":"b-ediciones","to_ping":"","pinged":"","post_modified":"2022-10-14 11:51:06","post_modified_gmt":"2022-10-14 09:51:06","post_content_filtered":"","post_parent":0,"guid":"http:\/\/dev.claret.cat\/editorial\/b-ediciones\/","menu_order":0,"post_type":"editorial","post_mime_type":"","comment_count":"0","filter":"raw"}],"autores-libros":[{"ID":402213,"post_author":"3","post_date":"2023-02-27 06:19:45","post_date_gmt":"2023-02-27 05:19:45","post_content":"","post_title":"SENGE","post_excerpt":"","post_status":"publish","comment_status":"closed","ping_status":"closed","post_password":"","post_name":"senge","to_ping":"","pinged":"","post_modified":"2023-02-27 06:19:45","post_modified_gmt":"2023-02-27 05:19:45","post_content_filtered":"","post_parent":0,"guid":"https:\/\/www.claret.cat\/autor\/senge\/","menu_order":0,"post_type":"autor","post_mime_type":"","comment_count":"0","filter":"raw"},{"ID":402212,"post_author":"3","post_date":"2023-02-27 06:19:44","post_date_gmt":"2023-02-27 05:19:44","post_content":"","post_title":"GOLEMAN","post_excerpt":"","post_status":"publish","comment_status":"closed","ping_status":"closed","post_password":"","post_name":"goleman","to_ping":"","pinged":"","post_modified":"2023-02-27 06:19:44","post_modified_gmt":"2023-02-27 05:19:44","post_content_filtered":"","post_parent":0,"guid":"https:\/\/www.claret.cat\/autor\/goleman\/","menu_order":0,"post_type":"autor","post_mime_type":"","comment_count":"0","filter":"raw"}]},"aioseo_notices":[],"_links":{"self":[{"href":"https:\/\/www.claret.cat\/es\/wp-json\/wp\/v2\/product\/402214","targetHints":{"allow":["GET"]}}],"collection":[{"href":"https:\/\/www.claret.cat\/es\/wp-json\/wp\/v2\/product"}],"about":[{"href":"https:\/\/www.claret.cat\/es\/wp-json\/wp\/v2\/types\/product"}],"wp:featuredmedia":[{"embeddable":true,"href":"https:\/\/www.claret.cat\/es\/wp-json\/wp\/v2\/media\/402215"}],"wp:attachment":[{"href":"https:\/\/www.claret.cat\/es\/wp-json\/wp\/v2\/media?parent=402214"}],"wp:term":[{"taxonomy":"product_brand","embeddable":true,"href":"https:\/\/www.claret.cat\/es\/wp-json\/wp\/v2\/product_brand?post=402214"},{"taxonomy":"product_cat","embeddable":true,"href":"https:\/\/www.claret.cat\/es\/wp-json\/wp\/v2\/product_cat?post=402214"},{"taxonomy":"product_tag","embeddable":true,"href":"https:\/\/www.claret.cat\/es\/wp-json\/wp\/v2\/product_tag?post=402214"}],"curies":[{"name":"wp","href":"https:\/\/api.w.org\/{rel}","templated":true}]}}