{"id":402257,"date":"2023-02-27T06:22:07","date_gmt":"2023-02-27T05:22:07","guid":{"rendered":"https:\/\/www.claret.cat\/llibre\/el-rumor-de-la-caracola-9788466658522\/"},"modified":"2023-02-27T06:22:13","modified_gmt":"2023-02-27T05:22:13","slug":"el-rumor-de-la-caracola-9788466658522","status":"publish","type":"product","link":"https:\/\/www.claret.cat\/es\/libro\/el-rumor-de-la-caracola-9788466658522\/","title":{"rendered":"EL RUMOR DE LA CARACOLA"},"content":{"rendered":"<p>La aclamada autora de En el pa\u00eds de la nube blanca vuelve con el segundo volumen de su mejor saga familiar ambientada en Nueva Zelanda, la Trilog\u00eda del Fuego. Una epopeya literaria tan emotiva como fascinante, por la escritora que ya ha seducido a m\u00e1s de ocho millones de lectores en todo el mundo.<\/p>\n<p>Llanuras de Canterbury, 1853. Rat Station ha visto crecer a una nueva generaci\u00f3n: Cat e Ida est\u00e1n orgullosos de sus maravillosas hijas, Carol y Linda. Pero los vecinos no pueden evitar sentir envidia ante una familia tan bien avenida. De repente, como si fuera un terrible golpe del destino, la granja corre peligro y pone en riesgo el futuro de sus moradores.<\/p>\n<p>Desde la plaza del poblado llegan gritos y el sonido de una caracola. Es una se\u00f1al de ataque\u2026 Esta vez la belleza de Nueva Zelanda deber\u00e1 lidiar con un cap\u00edtulo dram\u00e1tico en la historia de los maor\u00edes.<\/p>\n","protected":false},"excerpt":{"rendered":"<p>LARK, SARAH<\/p>\n","protected":false},"featured_media":402258,"template":"","meta":{"_acf_changed":false,"om_disable_all_campaigns":false,"rs_blank_template":"","rs_page_bg_color":"","slide_template_v7":"","inline_featured_image":false,"_monsterinsights_skip_tracking":false,"_monsterinsights_sitenote_active":false,"_monsterinsights_sitenote_note":"","_monsterinsights_sitenote_category":0},"product_brand":[],"product_cat":[353,87],"product_tag":[],"class_list":{"0":"post-402257","1":"product","2":"type-product","3":"status-publish","4":"has-post-thumbnail","6":"product_cat-literatura-2_humanidades","7":"product_cat-literatura","9":"first","10":"instock","11":"taxable","12":"shipping-taxable","13":"purchasable","14":"product-type-simple"},"acf":{"autor":"LARK, SARAH","codart":"846665852","libros-coleccion":"","ediciones":"1","encuadernacion":"Carton\u00e9","fecha_de_publicacion":"16\/03\/2016","novedad":"0","paginas":"856","subtitulo":"TRILOG\u00cdA DEL FUEGO. VOL. II","orden":"999","portada":"0","idioma":"spa","editorial":[{"ID":147506,"post_author":"3","post_date":"2022-10-14 11:51:06","post_date_gmt":"2022-10-14 09:51:06","post_content":"","post_title":"B EDICIONES","post_excerpt":"","post_status":"publish","comment_status":"closed","ping_status":"closed","post_password":"","post_name":"b-ediciones","to_ping":"","pinged":"","post_modified":"2022-10-14 11:51:06","post_modified_gmt":"2022-10-14 09:51:06","post_content_filtered":"","post_parent":0,"guid":"http:\/\/dev.claret.cat\/editorial\/b-ediciones\/","menu_order":0,"post_type":"editorial","post_mime_type":"","comment_count":"0","filter":"raw"}],"autores-libros":[{"ID":169149,"post_author":"3","post_date":"2022-10-14 22:24:52","post_date_gmt":"2022-10-14 20:24:52","post_content":"","post_title":"SARAH LARK","post_excerpt":"","post_status":"publish","comment_status":"closed","ping_status":"closed","post_password":"","post_name":"sarah-lark","to_ping":"","pinged":"","post_modified":"2022-10-14 22:24:52","post_modified_gmt":"2022-10-14 20:24:52","post_content_filtered":"","post_parent":0,"guid":"http:\/\/dev.claret.cat\/autor\/sarah-lark\/","menu_order":0,"post_type":"autor","post_mime_type":"","comment_count":"0","filter":"raw"}]},"aioseo_notices":[],"_links":{"self":[{"href":"https:\/\/www.claret.cat\/es\/wp-json\/wp\/v2\/product\/402257","targetHints":{"allow":["GET"]}}],"collection":[{"href":"https:\/\/www.claret.cat\/es\/wp-json\/wp\/v2\/product"}],"about":[{"href":"https:\/\/www.claret.cat\/es\/wp-json\/wp\/v2\/types\/product"}],"wp:featuredmedia":[{"embeddable":true,"href":"https:\/\/www.claret.cat\/es\/wp-json\/wp\/v2\/media\/402258"}],"wp:attachment":[{"href":"https:\/\/www.claret.cat\/es\/wp-json\/wp\/v2\/media?parent=402257"}],"wp:term":[{"taxonomy":"product_brand","embeddable":true,"href":"https:\/\/www.claret.cat\/es\/wp-json\/wp\/v2\/product_brand?post=402257"},{"taxonomy":"product_cat","embeddable":true,"href":"https:\/\/www.claret.cat\/es\/wp-json\/wp\/v2\/product_cat?post=402257"},{"taxonomy":"product_tag","embeddable":true,"href":"https:\/\/www.claret.cat\/es\/wp-json\/wp\/v2\/product_tag?post=402257"}],"curies":[{"name":"wp","href":"https:\/\/api.w.org\/{rel}","templated":true}]}}