{"id":402260,"date":"2023-02-27T06:22:17","date_gmt":"2023-02-27T05:22:17","guid":{"rendered":"https:\/\/www.claret.cat\/llibre\/el-remor-del-cargol-de-mar-9788466658539\/"},"modified":"2023-02-27T06:22:23","modified_gmt":"2023-02-27T05:22:23","slug":"el-remor-del-cargol-de-mar-9788466658539","status":"publish","type":"product","link":"https:\/\/www.claret.cat\/es\/libro\/el-remor-del-cargol-de-mar-9788466658539\/","title":{"rendered":"EL REMOR DEL CARGOL DE MAR"},"content":{"rendered":"<p>L\u2019aclamada autora d\u2019Al pa\u00eds del n\u00favol blanc torna amb la seva millor saga familiar ambientada a Nova Zelanda. Una epopeia liter\u00e0ria tan emotiva com fascinant, per l\u2019escriptora que ja ha sedu\u00eft m\u00e9s de vuit milions de lectors a tot el m\u00f3n.<\/p>\n<p>Planes de Canterbury, 1853. Rat Station ha vist cr\u00e9ixer una nova generaci\u00f3: la Cat i l\u2019Ida estan orgulloses de les seves meravelloses filles, la Carol i la Linda. Per\u00f2 els ve\u00efns no poden evitar sentir enveja davant d\u2019una fam\u00edlia tan ben avinguda. Tot d\u2019una, com si fos un terrible cop del dest\u00ed, la granja corre perill i posa en risc el futur dels seus habitants.<\/p>\n<p>Des de la pla\u00e7a del poblat arriben crits i el so d\u2019un caragol de mar. \u00c9s una senyal d\u2019atac&#8230; Aquesta vegada la bellesa de Nova Zelanda haur\u00e0 de bregar amb un cap\u00edtol dram\u00e0tic en la hist\u00f2ria dels maoris.<\/p>\n<p>L\u2019aclamada autora d\u2019Al pa\u00eds del n\u00favol blanc torna amb la seva millor saga familiar ambientada a Nova Zelanda. Una epopeia liter\u00e0ria tan emotiva com fascinant, per l\u2019escriptora que ja ha sedu\u00eft m\u00e9s de vuit milions de lectors a tot el m\u00f3n.<br \/>Planes de Canterbury, 1853. Rat Station ha vist cr\u00e9ixer una nova generaci\u00f3: la Cat i l\u2019Ida estan orgulloses de les seves &#8230;<\/p>\n","protected":false},"excerpt":{"rendered":"<p>LARK, SARAH<\/p>\n","protected":false},"featured_media":402261,"template":"","meta":{"_acf_changed":false,"om_disable_all_campaigns":false,"rs_blank_template":"","rs_page_bg_color":"","slide_template_v7":"","inline_featured_image":false,"_monsterinsights_skip_tracking":false,"_monsterinsights_sitenote_active":false,"_monsterinsights_sitenote_note":"","_monsterinsights_sitenote_category":0},"product_brand":[],"product_cat":[87,353],"product_tag":[],"class_list":{"0":"post-402260","1":"product","2":"type-product","3":"status-publish","4":"has-post-thumbnail","6":"product_cat-literatura","7":"product_cat-literatura-2_humanidades","9":"first","10":"instock","11":"taxable","12":"shipping-taxable","13":"purchasable","14":"product-type-simple"},"acf":{"autor":"LARK, SARAH","codart":"846665853","libros-coleccion":"","ediciones":"1","encuadernacion":"Carton\u00e9","fecha_de_publicacion":"16\/03\/2016","novedad":"0","paginas":"872","subtitulo":"TRILOG\u00cdA DEL FUEGO. VOL. II","orden":"999","portada":"0","idioma":"cat","editorial":[{"ID":147506,"post_author":"3","post_date":"2022-10-14 11:51:06","post_date_gmt":"2022-10-14 09:51:06","post_content":"","post_title":"B EDICIONES","post_excerpt":"","post_status":"publish","comment_status":"closed","ping_status":"closed","post_password":"","post_name":"b-ediciones","to_ping":"","pinged":"","post_modified":"2022-10-14 11:51:06","post_modified_gmt":"2022-10-14 09:51:06","post_content_filtered":"","post_parent":0,"guid":"http:\/\/dev.claret.cat\/editorial\/b-ediciones\/","menu_order":0,"post_type":"editorial","post_mime_type":"","comment_count":"0","filter":"raw"}],"autores-libros":[{"ID":169149,"post_author":"3","post_date":"2022-10-14 22:24:52","post_date_gmt":"2022-10-14 20:24:52","post_content":"","post_title":"SARAH LARK","post_excerpt":"","post_status":"publish","comment_status":"closed","ping_status":"closed","post_password":"","post_name":"sarah-lark","to_ping":"","pinged":"","post_modified":"2022-10-14 22:24:52","post_modified_gmt":"2022-10-14 20:24:52","post_content_filtered":"","post_parent":0,"guid":"http:\/\/dev.claret.cat\/autor\/sarah-lark\/","menu_order":0,"post_type":"autor","post_mime_type":"","comment_count":"0","filter":"raw"}]},"aioseo_notices":[],"_links":{"self":[{"href":"https:\/\/www.claret.cat\/es\/wp-json\/wp\/v2\/product\/402260","targetHints":{"allow":["GET"]}}],"collection":[{"href":"https:\/\/www.claret.cat\/es\/wp-json\/wp\/v2\/product"}],"about":[{"href":"https:\/\/www.claret.cat\/es\/wp-json\/wp\/v2\/types\/product"}],"wp:featuredmedia":[{"embeddable":true,"href":"https:\/\/www.claret.cat\/es\/wp-json\/wp\/v2\/media\/402261"}],"wp:attachment":[{"href":"https:\/\/www.claret.cat\/es\/wp-json\/wp\/v2\/media?parent=402260"}],"wp:term":[{"taxonomy":"product_brand","embeddable":true,"href":"https:\/\/www.claret.cat\/es\/wp-json\/wp\/v2\/product_brand?post=402260"},{"taxonomy":"product_cat","embeddable":true,"href":"https:\/\/www.claret.cat\/es\/wp-json\/wp\/v2\/product_cat?post=402260"},{"taxonomy":"product_tag","embeddable":true,"href":"https:\/\/www.claret.cat\/es\/wp-json\/wp\/v2\/product_tag?post=402260"}],"curies":[{"name":"wp","href":"https:\/\/api.w.org\/{rel}","templated":true}]}}