{"id":402282,"date":"2023-02-27T06:23:31","date_gmt":"2023-02-27T05:23:31","guid":{"rendered":"https:\/\/www.claret.cat\/llibre\/un-verano-tenebroso-9788466664738\/"},"modified":"2023-02-27T06:23:37","modified_gmt":"2023-02-27T05:23:37","slug":"un-verano-tenebroso-9788466664738","status":"publish","type":"product","link":"https:\/\/www.claret.cat\/es\/libro\/un-verano-tenebroso-9788466664738\/","title":{"rendered":"UN VERANO TENEBROSO"},"content":{"rendered":"<p>El gran cl\u00e1sico de terror de Dan Simmons que te pondr\u00e1 los pelos de punta. Verano de 1960. En el pueblecito de Elm Haven, Illinois, cinco  pre-adolescentes de doce a\u00f1os pasan sus d\u00edas bajo atardeceres en bicicleta, juegos y descubrimientos propios de una pac\u00edfica infancia en un lugar id\u00edlico. Sin embargo, tras la desaparici\u00f3n de un   compa\u00f1ero de clase, su af\u00e1n de aventura los llevar\u00e1 a averiguar mucho  m\u00e1s de lo que esperaban: un mundo paralelo en el que la realidad y la fantas\u00eda apenas se distinguen. El inesperado repique de una extra\u00f1a campana europea en medio de la  noche marcar\u00e1 el fin de los d\u00edas tranquilos. Ahora, desde las profundidades de Old Central School, el mal acecha. Acontecimientos ins\u00f3litos y escalofriantes comienzan a apropiarse del d\u00eda a d\u00eda, propagando el miedo por el pueblo: un soldado muerto que los persigue, gusanos gigantes bajo el suelo, el cuerpo animado de un profesor fallecido y una serie de demonios que han despertado y que solo nuestros cinco protagonistas podr\u00e1n desafiar, decididos a acabar   con la fuerza oscura que domina la noche&#8230; Rese\u00f1a:<br \/>\u00abSimmons escribe como un aut\u00e9ntico \u00e1ngel, cargando su pesadilla  americana con sustos, suspense y una nostalgia dulce y sorprendente. Uno de esos libros \u00fanicos que hay que leer. Me he quedado boquiabierto.\u00bb<br \/>Stephen King<\/p>\n","protected":false},"excerpt":{"rendered":"<p>SIMMONS, DAN<\/p>\n","protected":false},"featured_media":402283,"template":"","meta":{"_acf_changed":false,"om_disable_all_campaigns":false,"rs_blank_template":"","rs_page_bg_color":"","slide_template_v7":"","inline_featured_image":false,"_monsterinsights_skip_tracking":false,"_monsterinsights_sitenote_active":false,"_monsterinsights_sitenote_note":"","_monsterinsights_sitenote_category":0},"product_brand":[],"product_cat":[87,353],"product_tag":[],"class_list":{"0":"post-402282","1":"product","2":"type-product","3":"status-publish","4":"has-post-thumbnail","6":"product_cat-literatura","7":"product_cat-literatura-2_humanidades","9":"first","10":"instock","11":"taxable","12":"shipping-taxable","13":"purchasable","14":"product-type-simple"},"acf":{"autor":"SIMMONS, DAN","codart":"846666473","libros-coleccion":"LA TRAMA","ediciones":"1","encuadernacion":"Carton\u00e9","fecha_de_publicacion":"01\/06\/2019","novedad":"1","paginas":"634","subtitulo":"","orden":"0","portada":"0","idioma":"spa","editorial":[{"ID":6200,"post_author":"3","post_date":"2022-07-28 17:47:00","post_date_gmt":"2022-07-28 15:47:00","post_content":"","post_title":"EDICIONES B","post_excerpt":"","post_status":"publish","comment_status":"closed","ping_status":"closed","post_password":"","post_name":"ediciones-b","to_ping":"","pinged":"","post_modified":"2022-07-28 17:47:00","post_modified_gmt":"2022-07-28 15:47:00","post_content_filtered":"","post_parent":0,"guid":"http:\/\/dev.claret.cat\/editorial\/ediciones-b\/","menu_order":0,"post_type":"editorial","post_mime_type":"","comment_count":"0","filter":"raw"}],"autores-libros":[{"ID":153517,"post_author":"3","post_date":"2022-10-14 14:57:23","post_date_gmt":"2022-10-14 12:57:23","post_content":"","post_title":"DAN SIMMONS","post_excerpt":"","post_status":"publish","comment_status":"closed","ping_status":"closed","post_password":"","post_name":"dan-simmons","to_ping":"","pinged":"","post_modified":"2022-10-14 14:57:23","post_modified_gmt":"2022-10-14 12:57:23","post_content_filtered":"","post_parent":0,"guid":"http:\/\/dev.claret.cat\/autor\/dan-simmons\/","menu_order":0,"post_type":"autor","post_mime_type":"","comment_count":"0","filter":"raw"}]},"aioseo_notices":[],"_links":{"self":[{"href":"https:\/\/www.claret.cat\/es\/wp-json\/wp\/v2\/product\/402282","targetHints":{"allow":["GET"]}}],"collection":[{"href":"https:\/\/www.claret.cat\/es\/wp-json\/wp\/v2\/product"}],"about":[{"href":"https:\/\/www.claret.cat\/es\/wp-json\/wp\/v2\/types\/product"}],"wp:featuredmedia":[{"embeddable":true,"href":"https:\/\/www.claret.cat\/es\/wp-json\/wp\/v2\/media\/402283"}],"wp:attachment":[{"href":"https:\/\/www.claret.cat\/es\/wp-json\/wp\/v2\/media?parent=402282"}],"wp:term":[{"taxonomy":"product_brand","embeddable":true,"href":"https:\/\/www.claret.cat\/es\/wp-json\/wp\/v2\/product_brand?post=402282"},{"taxonomy":"product_cat","embeddable":true,"href":"https:\/\/www.claret.cat\/es\/wp-json\/wp\/v2\/product_cat?post=402282"},{"taxonomy":"product_tag","embeddable":true,"href":"https:\/\/www.claret.cat\/es\/wp-json\/wp\/v2\/product_tag?post=402282"}],"curies":[{"name":"wp","href":"https:\/\/api.w.org\/{rel}","templated":true}]}}