{"id":402291,"date":"2023-02-27T06:24:05","date_gmt":"2023-02-27T05:24:05","guid":{"rendered":"https:\/\/www.claret.cat\/llibre\/platero-y-yo-contado-por-concha-lopez-narvaez-9788466751865\/"},"modified":"2023-02-27T06:24:10","modified_gmt":"2023-02-27T05:24:10","slug":"platero-y-yo-contado-por-concha-lopez-narvaez-9788466751865","status":"publish","type":"product","link":"https:\/\/www.claret.cat\/es\/libro\/platero-y-yo-contado-por-concha-lopez-narvaez-9788466751865\/","title":{"rendered":"PLATERO Y YO CONTADO POR CONCHA L\u00d3PEZ NARV\u00c1EZ"},"content":{"rendered":"<p>Platero y yo es la historia de un hombre y su burro.<br \/>Los dos iban juntos a todas partes, o a casi todas, y, mientras tanto, charlaban de las cosas sencillas y profundas de la vida, de las cosas del coraz\u00f3n. Era el hombre el que hablaba, claro, pero el burro lo escuchaba con cari\u00f1o, atentamente.<br \/>Los dos viv\u00edan en un pueblo de Andaluc\u00eda, caminito de Huelva, que se llama Moguer. En aquel lugar, la mayor parte de las casas son bajas y blancas y tienen geranios y claveles en todas las ventanas. Es un lugar alegre, y el aire huele a pinos y a mar, a limoneros y naranjos en flor. <br \/>El hombre se llamaba Juan Ram\u00f3n Jim\u00e9nez y era poeta. <br \/>El burro se llamaba Platero, y, de tanto o\u00edr a su due\u00f1o, tambi\u00e9n acab\u00f3 si\u00e9ndolo.<\/p>\n","protected":false},"excerpt":{"rendered":"<p>JIM\u00c9NEZ, JUAN RAM\u00d3N \/ L\u00d3PEZ NARV\u00c1EZ, CONCHA<\/p>\n","protected":false},"featured_media":402292,"template":"","meta":{"_acf_changed":false,"om_disable_all_campaigns":false,"rs_blank_template":"","rs_page_bg_color":"","slide_template_v7":"","inline_featured_image":false,"_monsterinsights_skip_tracking":false,"_monsterinsights_sitenote_active":false,"_monsterinsights_sitenote_note":"","_monsterinsights_sitenote_category":0},"product_brand":[],"product_cat":[86,352],"product_tag":[],"class_list":{"0":"post-402291","1":"product","2":"type-product","3":"status-publish","4":"has-post-thumbnail","6":"product_cat-infantil","7":"product_cat-infantil-3_infantil-juvenil-spa","9":"first","10":"instock","11":"taxable","12":"shipping-taxable","13":"purchasable","14":"product-type-simple"},"acf":{"autor":"JIM\u00c9NEZ, JUAN RAM\u00d3N \/ L\u00d3PEZ NARV\u00c1EZ, CONCHA","codart":"846675186","libros-coleccion":"Literatura Infantil (6-11 A\u00f1os) - Mi Pri","ediciones":"1","encuadernacion":"R\u00fastica","fecha_de_publicacion":"01\/03\/2006","novedad":"1","paginas":"64","subtitulo":"","orden":"0","portada":"0","idioma":"spa","editorial":[{"ID":147433,"post_author":"3","post_date":"2022-10-14 11:50:32","post_date_gmt":"2022-10-14 09:50:32","post_content":"","post_title":"ANAYA INFANTIL Y JUVENIL","post_excerpt":"","post_status":"publish","comment_status":"closed","ping_status":"closed","post_password":"","post_name":"anaya-infantil-y-juvenil","to_ping":"","pinged":"","post_modified":"2022-10-14 11:50:32","post_modified_gmt":"2022-10-14 09:50:32","post_content_filtered":"","post_parent":0,"guid":"http:\/\/dev.claret.cat\/editorial\/anaya-infantil-y-juvenil\/","menu_order":0,"post_type":"editorial","post_mime_type":"","comment_count":"0","filter":"raw"}],"autores-libros":[{"ID":161156,"post_author":"3","post_date":"2022-10-14 17:15:57","post_date_gmt":"2022-10-14 15:15:57","post_content":"","post_title":"JUAN RAMON JIMENEZ","post_excerpt":"","post_status":"publish","comment_status":"closed","ping_status":"closed","post_password":"","post_name":"juan-ramon-jimenez","to_ping":"","pinged":"","post_modified":"2022-10-14 17:15:57","post_modified_gmt":"2022-10-14 15:15:57","post_content_filtered":"","post_parent":0,"guid":"http:\/\/dev.claret.cat\/autor\/juan-ramon-jimenez\/","menu_order":0,"post_type":"autor","post_mime_type":"","comment_count":"0","filter":"raw"},{"ID":153195,"post_author":"3","post_date":"2022-10-14 14:54:49","post_date_gmt":"2022-10-14 12:54:49","post_content":"","post_title":"CONCHA LOPEZ NARVAEZ","post_excerpt":"","post_status":"publish","comment_status":"closed","ping_status":"closed","post_password":"","post_name":"concha-lopez-narvaez","to_ping":"","pinged":"","post_modified":"2022-10-14 14:54:49","post_modified_gmt":"2022-10-14 12:54:49","post_content_filtered":"","post_parent":0,"guid":"http:\/\/dev.claret.cat\/autor\/concha-lopez-narvaez\/","menu_order":0,"post_type":"autor","post_mime_type":"","comment_count":"0","filter":"raw"}]},"aioseo_notices":[],"_links":{"self":[{"href":"https:\/\/www.claret.cat\/es\/wp-json\/wp\/v2\/product\/402291","targetHints":{"allow":["GET"]}}],"collection":[{"href":"https:\/\/www.claret.cat\/es\/wp-json\/wp\/v2\/product"}],"about":[{"href":"https:\/\/www.claret.cat\/es\/wp-json\/wp\/v2\/types\/product"}],"wp:featuredmedia":[{"embeddable":true,"href":"https:\/\/www.claret.cat\/es\/wp-json\/wp\/v2\/media\/402292"}],"wp:attachment":[{"href":"https:\/\/www.claret.cat\/es\/wp-json\/wp\/v2\/media?parent=402291"}],"wp:term":[{"taxonomy":"product_brand","embeddable":true,"href":"https:\/\/www.claret.cat\/es\/wp-json\/wp\/v2\/product_brand?post=402291"},{"taxonomy":"product_cat","embeddable":true,"href":"https:\/\/www.claret.cat\/es\/wp-json\/wp\/v2\/product_cat?post=402291"},{"taxonomy":"product_tag","embeddable":true,"href":"https:\/\/www.claret.cat\/es\/wp-json\/wp\/v2\/product_tag?post=402291"}],"curies":[{"name":"wp","href":"https:\/\/api.w.org\/{rel}","templated":true}]}}