{"id":402319,"date":"2023-02-27T06:25:50","date_gmt":"2023-02-27T05:25:50","guid":{"rendered":"https:\/\/www.claret.cat\/llibre\/la-flor-y-nata-9788467047059\/"},"modified":"2023-02-27T06:25:57","modified_gmt":"2023-02-27T05:25:57","slug":"la-flor-y-nata-9788467047059","status":"publish","type":"product","link":"https:\/\/www.claret.cat\/es\/libro\/la-flor-y-nata-9788467047059\/","title":{"rendered":"LA FLOR Y NATA"},"content":{"rendered":"<p>La joven protagonista de nuestra novela, una periodista reci\u00e9n salida de la facultad y del cascar\u00f3n, se ha criado, literalmente, entre la flor y nata de la sociedad, esa misma que cada semana aparece retratada en las p\u00e1ginas de la revista de su familia.\u00a0<br \/> A ra\u00edz de un providencial encuentro en Par\u00eds, deber\u00e1 enfrentarse\u00a0al primer reto importante de su carrera: conseguir el reportaje\u00a0del compromiso y la boda de un irresistible lord con una insoportable (y bell\u00edsima) novia italiana.\u00a0Para lograr el \u00e9xito de su misi\u00f3n, nuestra intr\u00e9pida hero\u00edna\u00a0tendr\u00e1 que enfrentarse a situaciones que pondr\u00e1n a prueba\u00a0no s\u00f3lo su temple sino tambi\u00e9n sus principios, pues entrar\u00e1n\u00a0en conflicto el deber profesional y los dictados\u00a0de su descontrolado coraz\u00f3n.\u00a0La flor y nata, a medio camino entre la autobiograf\u00eda novelada\u00a0y la comedia rom\u00e1ntica, descubre desde dentro, con simpat\u00eda\u00a0e inteligencia, el inaccesible mundo que se refleja\u00a0en la cr\u00f3nica social o en las pel\u00edculas de Hollywood.Mamen S\u00e1nchez ha conquistado a m\u00e1s de trescientos mil lectores.\u00a0Esta es su novela m\u00e1s personal\u00a0y encantadora. No te la puedes perder.<\/p>\n","protected":false},"excerpt":{"rendered":"<p>S\u00c1NCHEZ, MAMEN<\/p>\n","protected":false},"featured_media":402320,"template":"","meta":{"_acf_changed":false,"om_disable_all_campaigns":false,"rs_blank_template":"","rs_page_bg_color":"","slide_template_v7":"","inline_featured_image":false,"_monsterinsights_skip_tracking":false,"_monsterinsights_sitenote_active":false,"_monsterinsights_sitenote_note":"","_monsterinsights_sitenote_category":0},"product_brand":[],"product_cat":[87,353],"product_tag":[],"class_list":{"0":"post-402319","1":"product","2":"type-product","3":"status-publish","4":"has-post-thumbnail","6":"product_cat-literatura","7":"product_cat-literatura-2_humanidades","9":"first","10":"instock","11":"taxable","12":"shipping-taxable","13":"purchasable","14":"product-type-simple"},"acf":{"autor":"S\u00c1NCHEZ, MAMEN","codart":"846704705","libros-coleccion":"","ediciones":"1","encuadernacion":"R\u00fastica","fecha_de_publicacion":"16\/03\/2016","novedad":"0","paginas":"316","subtitulo":"","orden":"999","portada":"0","idioma":"spa","editorial":[{"ID":6247,"post_author":"3","post_date":"2022-07-28 17:48:06","post_date_gmt":"2022-07-28 15:48:06","post_content":"","post_title":"ESPASA, EDITORIAL","post_excerpt":"","post_status":"publish","comment_status":"closed","ping_status":"closed","post_password":"","post_name":"espasa-editorial","to_ping":"","pinged":"","post_modified":"2022-07-28 17:48:06","post_modified_gmt":"2022-07-28 15:48:06","post_content_filtered":"","post_parent":0,"guid":"http:\/\/dev.claret.cat\/editorial\/espasa-editorial\/","menu_order":0,"post_type":"editorial","post_mime_type":"","comment_count":"0","filter":"raw"}],"autores-libros":[{"ID":163064,"post_author":"3","post_date":"2022-10-14 17:36:02","post_date_gmt":"2022-10-14 15:36:02","post_content":"","post_title":"MAMEN SANCHEZ","post_excerpt":"","post_status":"publish","comment_status":"closed","ping_status":"closed","post_password":"","post_name":"mamen-sanchez","to_ping":"","pinged":"","post_modified":"2022-10-14 17:36:02","post_modified_gmt":"2022-10-14 15:36:02","post_content_filtered":"","post_parent":0,"guid":"http:\/\/dev.claret.cat\/autor\/mamen-sanchez\/","menu_order":0,"post_type":"autor","post_mime_type":"","comment_count":"0","filter":"raw"}]},"aioseo_notices":[],"_links":{"self":[{"href":"https:\/\/www.claret.cat\/es\/wp-json\/wp\/v2\/product\/402319","targetHints":{"allow":["GET"]}}],"collection":[{"href":"https:\/\/www.claret.cat\/es\/wp-json\/wp\/v2\/product"}],"about":[{"href":"https:\/\/www.claret.cat\/es\/wp-json\/wp\/v2\/types\/product"}],"wp:featuredmedia":[{"embeddable":true,"href":"https:\/\/www.claret.cat\/es\/wp-json\/wp\/v2\/media\/402320"}],"wp:attachment":[{"href":"https:\/\/www.claret.cat\/es\/wp-json\/wp\/v2\/media?parent=402319"}],"wp:term":[{"taxonomy":"product_brand","embeddable":true,"href":"https:\/\/www.claret.cat\/es\/wp-json\/wp\/v2\/product_brand?post=402319"},{"taxonomy":"product_cat","embeddable":true,"href":"https:\/\/www.claret.cat\/es\/wp-json\/wp\/v2\/product_cat?post=402319"},{"taxonomy":"product_tag","embeddable":true,"href":"https:\/\/www.claret.cat\/es\/wp-json\/wp\/v2\/product_tag?post=402319"}],"curies":[{"name":"wp","href":"https:\/\/api.w.org\/{rel}","templated":true}]}}