{"id":402338,"date":"2023-02-27T06:26:58","date_gmt":"2023-02-27T05:26:58","guid":{"rendered":"https:\/\/www.claret.cat\/llibre\/muerte-bajo-el-sol-9788467056006\/"},"modified":"2023-02-27T06:27:04","modified_gmt":"2023-02-27T05:27:04","slug":"muerte-bajo-el-sol-9788467056006","status":"publish","type":"product","link":"https:\/\/www.claret.cat\/es\/libro\/muerte-bajo-el-sol-9788467056006\/","title":{"rendered":"MUERTE BAJO EL SOL"},"content":{"rendered":"<p>Un hotel alejado del caos de la ciudad es el sitio que ha escogido H\u00e9rcules Poirot para relajarse. El ambiente es id\u00edlico hasta que aparece Arlena Stuart, la mujer de uno de los hu\u00e9spedes. Joven, descaradamente bella, famosa actriz y con un talento especial para crear problemas por donde pasa, se convierte r\u00e1pidamente en centro de cr\u00edticas y celos por parte de las mujeres y en objeto de deseo de los hombres. Cuando Arlena aparece muerta, todos en el hotel parecen tener una buena coartada y las sospechas pronto recaen en Mr. Redfern, al que el resto de loshu\u00e9spedes consideran su amante. H\u00e9rcules Poirot tendr\u00e1 que echar mano de nuevo a su legendaria astucia para desentramar un crimen en el que las apariencias juegan un papel clave.<\/p>\n","protected":false},"excerpt":{"rendered":"<p>CHRISTIE, AGATHA<\/p>\n","protected":false},"featured_media":402339,"template":"","meta":{"_acf_changed":false,"om_disable_all_campaigns":false,"rs_blank_template":"","rs_page_bg_color":"","slide_template_v7":"","inline_featured_image":false,"_monsterinsights_skip_tracking":false,"_monsterinsights_sitenote_active":false,"_monsterinsights_sitenote_note":"","_monsterinsights_sitenote_category":0},"product_brand":[],"product_cat":[87,353],"product_tag":[],"class_list":{"0":"post-402338","1":"product","2":"type-product","3":"status-publish","4":"has-post-thumbnail","6":"product_cat-literatura","7":"product_cat-literatura-2_humanidades","9":"first","10":"instock","11":"taxable","12":"shipping-taxable","13":"purchasable","14":"product-type-simple"},"acf":{"autor":"CHRISTIE, AGATHA","codart":"846705600","libros-coleccion":"Espasa Narrativa","ediciones":"1","encuadernacion":"R\u00fastica","fecha_de_publicacion":"01\/06\/2019","novedad":"1","paginas":"270","subtitulo":"","orden":"0","portada":"0","idioma":"spa","editorial":[{"ID":148114,"post_author":"3","post_date":"2022-10-14 11:55:45","post_date_gmt":"2022-10-14 09:55:45","post_content":"","post_title":"Espasa","post_excerpt":"","post_status":"publish","comment_status":"closed","ping_status":"closed","post_password":"","post_name":"espasa","to_ping":"","pinged":"","post_modified":"2022-10-14 11:55:45","post_modified_gmt":"2022-10-14 09:55:45","post_content_filtered":"","post_parent":0,"guid":"http:\/\/dev.claret.cat\/editorial\/espasa\/","menu_order":0,"post_type":"editorial","post_mime_type":"","comment_count":"0","filter":"raw"}],"autores-libros":[{"ID":5205,"post_author":"3","post_date":"2022-07-28 17:17:01","post_date_gmt":"2022-07-28 15:17:01","post_content":"","post_title":"AGATHA CHRISTIE","post_excerpt":"","post_status":"publish","comment_status":"closed","ping_status":"closed","post_password":"","post_name":"agatha-christie","to_ping":"","pinged":"","post_modified":"2022-07-28 17:17:01","post_modified_gmt":"2022-07-28 15:17:01","post_content_filtered":"","post_parent":0,"guid":"http:\/\/dev.claret.cat\/autor\/agatha-christie\/","menu_order":0,"post_type":"autor","post_mime_type":"","comment_count":"0","filter":"raw"}]},"aioseo_notices":[],"_links":{"self":[{"href":"https:\/\/www.claret.cat\/es\/wp-json\/wp\/v2\/product\/402338","targetHints":{"allow":["GET"]}}],"collection":[{"href":"https:\/\/www.claret.cat\/es\/wp-json\/wp\/v2\/product"}],"about":[{"href":"https:\/\/www.claret.cat\/es\/wp-json\/wp\/v2\/types\/product"}],"wp:featuredmedia":[{"embeddable":true,"href":"https:\/\/www.claret.cat\/es\/wp-json\/wp\/v2\/media\/402339"}],"wp:attachment":[{"href":"https:\/\/www.claret.cat\/es\/wp-json\/wp\/v2\/media?parent=402338"}],"wp:term":[{"taxonomy":"product_brand","embeddable":true,"href":"https:\/\/www.claret.cat\/es\/wp-json\/wp\/v2\/product_brand?post=402338"},{"taxonomy":"product_cat","embeddable":true,"href":"https:\/\/www.claret.cat\/es\/wp-json\/wp\/v2\/product_cat?post=402338"},{"taxonomy":"product_tag","embeddable":true,"href":"https:\/\/www.claret.cat\/es\/wp-json\/wp\/v2\/product_tag?post=402338"}],"curies":[{"name":"wp","href":"https:\/\/api.w.org\/{rel}","templated":true}]}}