{"id":402459,"date":"2023-02-27T06:34:28","date_gmt":"2023-02-27T05:34:28","guid":{"rendered":"https:\/\/www.claret.cat\/llibre\/cuentos-para-educar-ninos-felices-9788467543131\/"},"modified":"2023-02-27T06:34:34","modified_gmt":"2023-02-27T05:34:34","slug":"cuentos-para-educar-ninos-felices-9788467543131","status":"publish","type":"product","link":"https:\/\/www.claret.cat\/es\/libro\/cuentos-para-educar-ninos-felices-9788467543131\/","title":{"rendered":"CUENTOS PARA EDUCAR NI\u00d1OS FELICES"},"content":{"rendered":"<p>El libro se divide en 10 puntos que la autora considera fundamentales para educar ni\u00f1os felices: darles amor incondicional, desarrollar su autoestima, impulsar su autonom\u00eda, desarrollar la confianza en s\u00ed mismo, valorar su esfuerzo y constancia, vivir con honestidad y sinceridad, respetar su individualidad, saber aplicar l\u00edmites y normas, aportarle seguridad y educarle en paz y tranquilidad.<br \/>Cada apartado contiene una explicaci\u00f3n sobre el punto que se est\u00e1 tratando, dos cuentos relacionados con \u00e9l y una ficha para que los padres puedan trabajarla con sus hijos.<\/p>\n","protected":false},"excerpt":{"rendered":"<p>IBARROLA, BEGO\u00d1A<\/p>\n","protected":false},"featured_media":402460,"template":"","meta":{"_acf_changed":false,"om_disable_all_campaigns":false,"rs_blank_template":"","rs_page_bg_color":"","slide_template_v7":"","inline_featured_image":false,"_monsterinsights_skip_tracking":false,"_monsterinsights_sitenote_active":false,"_monsterinsights_sitenote_note":"","_monsterinsights_sitenote_category":0},"product_brand":[],"product_cat":[90,540],"product_tag":[],"class_list":{"0":"post-402459","1":"product","2":"type-product","3":"status-publish","4":"has-post-thumbnail","6":"product_cat-altres","7":"product_cat-otros","9":"first","10":"instock","11":"taxable","12":"shipping-taxable","13":"purchasable","14":"product-type-simple"},"acf":{"autor":"IBARROLA, BEGO\u00d1A","codart":"846754313","libros-coleccion":"","ediciones":"0","encuadernacion":"Carton\u00e9","fecha_de_publicacion":"01\/02\/2012","novedad":"0","paginas":"0","subtitulo":"","orden":"999","portada":"0","idioma":"spa","editorial":[{"ID":262453,"post_author":"3","post_date":"2022-10-24 11:24:34","post_date_gmt":"2022-10-24 09:24:34","post_content":"","post_title":"S.M. EDICIONES","post_excerpt":"","post_status":"publish","comment_status":"closed","ping_status":"closed","post_password":"","post_name":"s-m-ediciones","to_ping":"","pinged":"","post_modified":"2022-10-24 11:24:34","post_modified_gmt":"2022-10-24 09:24:34","post_content_filtered":"","post_parent":0,"guid":"http:\/\/dev.claret.cat\/editorial\/s-m-ediciones\/","menu_order":0,"post_type":"editorial","post_mime_type":"","comment_count":"0","filter":"raw"}],"autores-libros":[{"ID":151479,"post_author":"3","post_date":"2022-10-14 14:41:12","post_date_gmt":"2022-10-14 12:41:12","post_content":"","post_title":"BEGO\u00d1A IBARROLA","post_excerpt":"","post_status":"publish","comment_status":"closed","ping_status":"closed","post_password":"","post_name":"begona-ibarrola","to_ping":"","pinged":"","post_modified":"2022-10-14 14:41:12","post_modified_gmt":"2022-10-14 12:41:12","post_content_filtered":"","post_parent":0,"guid":"http:\/\/dev.claret.cat\/autor\/begona-ibarrola\/","menu_order":0,"post_type":"autor","post_mime_type":"","comment_count":"0","filter":"raw"}]},"aioseo_notices":[],"_links":{"self":[{"href":"https:\/\/www.claret.cat\/es\/wp-json\/wp\/v2\/product\/402459","targetHints":{"allow":["GET"]}}],"collection":[{"href":"https:\/\/www.claret.cat\/es\/wp-json\/wp\/v2\/product"}],"about":[{"href":"https:\/\/www.claret.cat\/es\/wp-json\/wp\/v2\/types\/product"}],"wp:featuredmedia":[{"embeddable":true,"href":"https:\/\/www.claret.cat\/es\/wp-json\/wp\/v2\/media\/402460"}],"wp:attachment":[{"href":"https:\/\/www.claret.cat\/es\/wp-json\/wp\/v2\/media?parent=402459"}],"wp:term":[{"taxonomy":"product_brand","embeddable":true,"href":"https:\/\/www.claret.cat\/es\/wp-json\/wp\/v2\/product_brand?post=402459"},{"taxonomy":"product_cat","embeddable":true,"href":"https:\/\/www.claret.cat\/es\/wp-json\/wp\/v2\/product_cat?post=402459"},{"taxonomy":"product_tag","embeddable":true,"href":"https:\/\/www.claret.cat\/es\/wp-json\/wp\/v2\/product_tag?post=402459"}],"curies":[{"name":"wp","href":"https:\/\/api.w.org\/{rel}","templated":true}]}}