{"id":402474,"date":"2023-02-27T06:35:28","date_gmt":"2023-02-27T05:35:28","guid":{"rendered":"https:\/\/www.claret.cat\/llibre\/cuentos-para-aprender-a-convivir-9788467557121\/"},"modified":"2023-02-27T06:35:35","modified_gmt":"2023-02-27T05:35:35","slug":"cuentos-para-aprender-a-convivir-9788467557121","status":"publish","type":"product","link":"https:\/\/www.claret.cat\/es\/libro\/cuentos-para-aprender-a-convivir-9788467557121\/","title":{"rendered":"CUENTOS PARA APRENDER A CONVIVIR"},"content":{"rendered":"<p>Los valores sociales y morales son la base para vivir en comunidad y relacionarnos con los dem\u00e1s. Si quieres ayudar a tus hijos a desarrollarlos, en este libro de la psic\u00f3loga Bego\u00f1a Ibarrola vas a encontrar 20 cuentos en torno a 10 valores, y propuestas de actividades con pautas muy sencillas para trabajar cada uno de ellos. <br \/>  Los ni\u00f1os disfrutar\u00e1n de los cuentos cuyos personajes son los animales de la selva y un ni\u00f1o guaran\u00ed que se ha perdido en ella. Juntos se enfrentan a problemas mientras aprenden a convivir y a respetar la diversidad.<\/p>\n","protected":false},"excerpt":{"rendered":"<p>IBARROLA, BEGO\u00d1A<\/p>\n","protected":false},"featured_media":402475,"template":"","meta":{"_acf_changed":false,"om_disable_all_campaigns":false,"rs_blank_template":"","rs_page_bg_color":"","slide_template_v7":"","inline_featured_image":false,"_monsterinsights_skip_tracking":false,"_monsterinsights_sitenote_active":false,"_monsterinsights_sitenote_note":"","_monsterinsights_sitenote_category":0},"product_brand":[],"product_cat":[90,540],"product_tag":[],"class_list":{"0":"post-402474","1":"product","2":"type-product","3":"status-publish","4":"has-post-thumbnail","6":"product_cat-altres","7":"product_cat-otros","9":"first","10":"instock","11":"taxable","12":"shipping-taxable","13":"purchasable","14":"product-type-simple"},"acf":{"autor":"IBARROLA, BEGO\u00d1A","codart":"846755712","libros-coleccion":"SUSHI BOOKS","ediciones":"1","encuadernacion":"Carton\u00e9","fecha_de_publicacion":"01\/10\/2012","novedad":"1","paginas":"171","subtitulo":"","orden":"0","portada":"0","idioma":"spa","editorial":[{"ID":147854,"post_author":"3","post_date":"2022-10-14 11:53:43","post_date_gmt":"2022-10-14 09:53:43","post_content":"","post_title":"EDICIONES SM","post_excerpt":"","post_status":"publish","comment_status":"closed","ping_status":"closed","post_password":"","post_name":"ediciones-sm","to_ping":"","pinged":"","post_modified":"2022-10-14 11:53:43","post_modified_gmt":"2022-10-14 09:53:43","post_content_filtered":"","post_parent":0,"guid":"http:\/\/dev.claret.cat\/editorial\/ediciones-sm\/","menu_order":0,"post_type":"editorial","post_mime_type":"","comment_count":"0","filter":"raw"}],"autores-libros":[{"ID":151479,"post_author":"3","post_date":"2022-10-14 14:41:12","post_date_gmt":"2022-10-14 12:41:12","post_content":"","post_title":"BEGO\u00d1A IBARROLA","post_excerpt":"","post_status":"publish","comment_status":"closed","ping_status":"closed","post_password":"","post_name":"begona-ibarrola","to_ping":"","pinged":"","post_modified":"2022-10-14 14:41:12","post_modified_gmt":"2022-10-14 12:41:12","post_content_filtered":"","post_parent":0,"guid":"http:\/\/dev.claret.cat\/autor\/begona-ibarrola\/","menu_order":0,"post_type":"autor","post_mime_type":"","comment_count":"0","filter":"raw"}]},"aioseo_notices":[],"_links":{"self":[{"href":"https:\/\/www.claret.cat\/es\/wp-json\/wp\/v2\/product\/402474","targetHints":{"allow":["GET"]}}],"collection":[{"href":"https:\/\/www.claret.cat\/es\/wp-json\/wp\/v2\/product"}],"about":[{"href":"https:\/\/www.claret.cat\/es\/wp-json\/wp\/v2\/types\/product"}],"wp:featuredmedia":[{"embeddable":true,"href":"https:\/\/www.claret.cat\/es\/wp-json\/wp\/v2\/media\/402475"}],"wp:attachment":[{"href":"https:\/\/www.claret.cat\/es\/wp-json\/wp\/v2\/media?parent=402474"}],"wp:term":[{"taxonomy":"product_brand","embeddable":true,"href":"https:\/\/www.claret.cat\/es\/wp-json\/wp\/v2\/product_brand?post=402474"},{"taxonomy":"product_cat","embeddable":true,"href":"https:\/\/www.claret.cat\/es\/wp-json\/wp\/v2\/product_cat?post=402474"},{"taxonomy":"product_tag","embeddable":true,"href":"https:\/\/www.claret.cat\/es\/wp-json\/wp\/v2\/product_tag?post=402474"}],"curies":[{"name":"wp","href":"https:\/\/api.w.org\/{rel}","templated":true}]}}