{"id":40248,"date":"2022-10-02T19:20:58","date_gmt":"2022-10-02T17:20:58","guid":{"rendered":"http:\/\/dev.claret.cat\/producte\/el-libro-de-los-grandes-viajes\/"},"modified":"2023-10-06T10:08:05","modified_gmt":"2023-10-06T08:08:05","slug":"el-libro-de-los-grandes-viajes-9788408238911","status":"publish","type":"product","link":"https:\/\/www.claret.cat\/es\/libro\/el-libro-de-los-grandes-viajes-9788408238911\/","title":{"rendered":"EL LIBRO DE LOS GRANDES VIAJES"},"content":{"rendered":"<p>Este es un libro que combina la inspiraci\u00f3n con la realidad y se adapta a todos los so\u00f1adores decididos a realizar un gran viaje. Ofrece toda la informaci\u00f3n para lanzarse a una\u00a0aventura \u00fanica y adem\u00e1s ofrece historias reales de 131 viajeros que en coche, transporte p\u00fablico, moto, barco, autostop o simplemente a pie se atrevieron a cambiar su vida.<\/p>\n","protected":false},"excerpt":{"rendered":"<p>STRUBELL, PABLO \/ MARCOTEGUI, ITZIAR<\/p>\n","protected":false},"featured_media":56813,"template":"","meta":{"_acf_changed":false,"om_disable_all_campaigns":false,"rs_blank_template":"","rs_page_bg_color":"","slide_template_v7":"","inline_featured_image":false,"_monsterinsights_skip_tracking":false,"_monsterinsights_sitenote_active":false,"_monsterinsights_sitenote_note":"","_monsterinsights_sitenote_category":0},"product_brand":[],"product_cat":[557],"product_tag":[],"class_list":{"0":"post-40248","1":"product","2":"type-product","3":"status-publish","4":"has-post-thumbnail","6":"product_cat-guias-de-viaje","8":"first","9":"instock","10":"taxable","11":"shipping-taxable","12":"purchasable","13":"product-type-simple"},"acf":{"autor":"STRUBELL, PABLO \/ MARCOTEGUI, ITZIAR","codart":"840823891","libros-coleccion":"NOMADAS","ediciones":"1","encuadernacion":"R\u00fastica","fecha_de_publicacion":"01\/03\/2022","novedad":"1","paginas":"272","subtitulo":"131 HISTORIAS INSPIRADORAS","orden":"0","portada":"0","idioma":"spa","editorial":[{"ID":6233,"post_author":"3","post_date":"2022-07-28 17:47:48","post_date_gmt":"2022-07-28 15:47:48","post_content":"","post_title":"EDITORIAL PLANETA","post_excerpt":"","post_status":"publish","comment_status":"closed","ping_status":"closed","post_password":"","post_name":"editorial-planeta","to_ping":"","pinged":"","post_modified":"2022-07-28 17:47:48","post_modified_gmt":"2022-07-28 15:47:48","post_content_filtered":"","post_parent":0,"guid":"http:\/\/dev.claret.cat\/editorial\/editorial-planeta\/","menu_order":0,"post_type":"editorial","post_mime_type":"","comment_count":"0","filter":"raw"}],"autores-libros":[{"ID":158155,"post_author":"3","post_date":"2022-10-14 15:34:36","post_date_gmt":"2022-10-14 13:34:36","post_content":"","post_title":"ITZIAR MARCOTEGUI","post_excerpt":"","post_status":"publish","comment_status":"closed","ping_status":"closed","post_password":"","post_name":"itziar-marcotegui","to_ping":"","pinged":"","post_modified":"2022-10-14 15:34:36","post_modified_gmt":"2022-10-14 13:34:36","post_content_filtered":"","post_parent":0,"guid":"http:\/\/dev.claret.cat\/autor\/itziar-marcotegui\/","menu_order":0,"post_type":"autor","post_mime_type":"","comment_count":"0","filter":"raw"},{"ID":166455,"post_author":"3","post_date":"2022-10-14 18:03:24","post_date_gmt":"2022-10-14 16:03:24","post_content":"","post_title":"PABLO STRUBELL","post_excerpt":"","post_status":"publish","comment_status":"closed","ping_status":"closed","post_password":"","post_name":"pablo-strubell","to_ping":"","pinged":"","post_modified":"2022-10-14 18:03:24","post_modified_gmt":"2022-10-14 16:03:24","post_content_filtered":"","post_parent":0,"guid":"http:\/\/dev.claret.cat\/autor\/pablo-strubell\/","menu_order":0,"post_type":"autor","post_mime_type":"","comment_count":"0","filter":"raw"}]},"aioseo_notices":[],"_links":{"self":[{"href":"https:\/\/www.claret.cat\/es\/wp-json\/wp\/v2\/product\/40248","targetHints":{"allow":["GET"]}}],"collection":[{"href":"https:\/\/www.claret.cat\/es\/wp-json\/wp\/v2\/product"}],"about":[{"href":"https:\/\/www.claret.cat\/es\/wp-json\/wp\/v2\/types\/product"}],"wp:featuredmedia":[{"embeddable":true,"href":"https:\/\/www.claret.cat\/es\/wp-json\/wp\/v2\/media\/56813"}],"wp:attachment":[{"href":"https:\/\/www.claret.cat\/es\/wp-json\/wp\/v2\/media?parent=40248"}],"wp:term":[{"taxonomy":"product_brand","embeddable":true,"href":"https:\/\/www.claret.cat\/es\/wp-json\/wp\/v2\/product_brand?post=40248"},{"taxonomy":"product_cat","embeddable":true,"href":"https:\/\/www.claret.cat\/es\/wp-json\/wp\/v2\/product_cat?post=40248"},{"taxonomy":"product_tag","embeddable":true,"href":"https:\/\/www.claret.cat\/es\/wp-json\/wp\/v2\/product_tag?post=40248"}],"curies":[{"name":"wp","href":"https:\/\/api.w.org\/{rel}","templated":true}]}}