{"id":402492,"date":"2023-02-27T06:36:37","date_gmt":"2023-02-27T05:36:37","guid":{"rendered":"https:\/\/www.claret.cat\/llibre\/buenas-noches-pepe-y-mila-9788467565478\/"},"modified":"2023-02-27T06:36:40","modified_gmt":"2023-02-27T05:36:40","slug":"buenas-noches-pepe-y-mila-9788467565478","status":"publish","type":"product","link":"https:\/\/www.claret.cat\/es\/libro\/buenas-noches-pepe-y-mila-9788467565478\/","title":{"rendered":"BUENAS NOCHES, PEPE Y MILA"},"content":{"rendered":"<p>Ya es de noche y Pepe y Mila est\u00e1n cansados.\u00a0<br \/> Un\u00a0libro de cart\u00f3n con solapas y leng\u00fcetas para que al ni\u00f1o le parezca divertido el h\u00e1bito de ir a dormir.<\/p>\n","protected":false},"excerpt":{"rendered":"<p>KAWAMURA, YAYO<\/p>\n","protected":false},"featured_media":0,"template":"","meta":{"_acf_changed":false,"om_disable_all_campaigns":false,"rs_blank_template":"","rs_page_bg_color":"","slide_template_v7":"","inline_featured_image":false,"_monsterinsights_skip_tracking":false,"_monsterinsights_sitenote_active":false,"_monsterinsights_sitenote_note":"","_monsterinsights_sitenote_category":0},"product_brand":[],"product_cat":[90,540],"product_tag":[],"class_list":{"0":"post-402492","1":"product","2":"type-product","3":"status-publish","5":"product_cat-altres","6":"product_cat-otros","8":"first","9":"instock","10":"taxable","11":"shipping-taxable","12":"purchasable","13":"product-type-simple"},"acf":{"autor":"KAWAMURA, YAYO","codart":"846756547","libros-coleccion":"","ediciones":"1","encuadernacion":"Carton\u00e9","fecha_de_publicacion":"01\/04\/2014","novedad":"0","paginas":"16","subtitulo":"","orden":"999","portada":"0","idioma":"spa","editorial":[{"ID":147854,"post_author":"3","post_date":"2022-10-14 11:53:43","post_date_gmt":"2022-10-14 09:53:43","post_content":"","post_title":"EDICIONES SM","post_excerpt":"","post_status":"publish","comment_status":"closed","ping_status":"closed","post_password":"","post_name":"ediciones-sm","to_ping":"","pinged":"","post_modified":"2022-10-14 11:53:43","post_modified_gmt":"2022-10-14 09:53:43","post_content_filtered":"","post_parent":0,"guid":"http:\/\/dev.claret.cat\/editorial\/ediciones-sm\/","menu_order":0,"post_type":"editorial","post_mime_type":"","comment_count":"0","filter":"raw"}],"autores-libros":[{"ID":171568,"post_author":"3","post_date":"2022-10-14 22:44:27","post_date_gmt":"2022-10-14 20:44:27","post_content":"","post_title":"YAYO KAWAMURA","post_excerpt":"","post_status":"publish","comment_status":"closed","ping_status":"closed","post_password":"","post_name":"yayo-kawamura","to_ping":"","pinged":"","post_modified":"2022-10-14 22:44:27","post_modified_gmt":"2022-10-14 20:44:27","post_content_filtered":"","post_parent":0,"guid":"http:\/\/dev.claret.cat\/autor\/yayo-kawamura\/","menu_order":0,"post_type":"autor","post_mime_type":"","comment_count":"0","filter":"raw"}]},"aioseo_notices":[],"_links":{"self":[{"href":"https:\/\/www.claret.cat\/es\/wp-json\/wp\/v2\/product\/402492","targetHints":{"allow":["GET"]}}],"collection":[{"href":"https:\/\/www.claret.cat\/es\/wp-json\/wp\/v2\/product"}],"about":[{"href":"https:\/\/www.claret.cat\/es\/wp-json\/wp\/v2\/types\/product"}],"wp:attachment":[{"href":"https:\/\/www.claret.cat\/es\/wp-json\/wp\/v2\/media?parent=402492"}],"wp:term":[{"taxonomy":"product_brand","embeddable":true,"href":"https:\/\/www.claret.cat\/es\/wp-json\/wp\/v2\/product_brand?post=402492"},{"taxonomy":"product_cat","embeddable":true,"href":"https:\/\/www.claret.cat\/es\/wp-json\/wp\/v2\/product_cat?post=402492"},{"taxonomy":"product_tag","embeddable":true,"href":"https:\/\/www.claret.cat\/es\/wp-json\/wp\/v2\/product_tag?post=402492"}],"curies":[{"name":"wp","href":"https:\/\/api.w.org\/{rel}","templated":true}]}}